{"id":693,"date":"2017-07-05T12:16:10","date_gmt":"2017-07-05T12:16:10","guid":{"rendered":"https:\/\/schroder-int.com\/wordpress\/?page_id=693"},"modified":"2023-07-04T12:57:30","modified_gmt":"2023-07-04T11:57:30","slug":"certificado","status":"publish","type":"page","link":"https:\/\/schroder-int.com\/wordpress\/certificado\/","title":{"rendered":"Certificado"},"content":{"rendered":"\n<style type=\"text\/css\" data-created_by=\"avia_inline_auto\" id=\"style-css-av-1flpul-316d551bbedfad351032c6fd12e61a9d\">\n.avia-section.av-1flpul-316d551bbedfad351032c6fd12e61a9d .av-parallax .av-parallax-inner{\nbackground-repeat:no-repeat;\nbackground-image:url(https:\/\/schroder-int.com\/wordpress\/wp-content\/uploads\/2017\/06\/IMG_1305web-1200x900.jpg);\nbackground-position:50% 50%;\nbackground-attachment:scroll;\n}\n.avia-section.av-1flpul-316d551bbedfad351032c6fd12e61a9d .av-section-color-overlay{\nopacity:0.7;\nbackground-color:#000000;\n}\n<\/style>\n<div id='av_section_1'  class='avia-section av-1flpul-316d551bbedfad351032c6fd12e61a9d main_color avia-section-large avia-no-border-styling  avia-builder-el-0  avia-builder-el-no-sibling  avia-full-stretch av-parallax-section avia-bg-style-parallax av-section-color-overlay-active container_wrap sidebar_right'  data-section-bg-repeat='stretch'><div class='av-parallax' data-avia-parallax-ratio='0.3' ><div class='av-parallax-inner main_color avia-full-stretch'><\/div><\/div><div class=\"av-section-color-overlay-wrap\"><div class=\"av-section-color-overlay\"><\/div><div class='container av-section-cont-open' ><main  role=\"main\" itemprop=\"mainContentOfPage\"  class='template-page content  av-content-small alpha units'><div class='post-entry post-entry-type-page post-entry-693'><div class='entry-content-wrapper clearfix'>\n\n<style type=\"text\/css\" data-created_by=\"avia_inline_auto\" id=\"style-css-av-18askl-e89b636d651ac8b54ae416b8c8216d74\">\n.flex_column.av-18askl-e89b636d651ac8b54ae416b8c8216d74{\nborder-radius:0px 0px 0px 0px;\npadding:0px 0px 0px 0px;\n}\n<\/style>\n<div  class='flex_column av-18askl-e89b636d651ac8b54ae416b8c8216d74 av_one_half  avia-builder-el-1  el_before_av_one_half  avia-builder-el-first  first flex_column_div av-zero-column-padding  '     ><p>\n<style type=\"text\/css\" data-created_by=\"avia_inline_auto\" id=\"style-css-av-11cyqt-5c485130f19627f307c5c862ae56e92f\">\n#top .av-special-heading.av-11cyqt-5c485130f19627f307c5c862ae56e92f{\npadding-bottom:10px;\ncolor:#ffffff;\n}\nbody .av-special-heading.av-11cyqt-5c485130f19627f307c5c862ae56e92f .av-special-heading-tag .heading-char{\nfont-size:25px;\n}\n.av-special-heading.av-11cyqt-5c485130f19627f307c5c862ae56e92f .special-heading-inner-border{\nborder-color:#ffffff;\n}\n.av-special-heading.av-11cyqt-5c485130f19627f307c5c862ae56e92f .av-subheading{\nfont-size:15px;\n}\n<\/style>\n<div  class='av-special-heading av-11cyqt-5c485130f19627f307c5c862ae56e92f av-special-heading-h3 custom-color-heading  avia-builder-el-2  el_before_av_textblock  avia-builder-el-first '><h3 class='av-special-heading-tag '  itemprop=\"headline\"  >Pol\u00edtica de Calidad<\/h3><div class=\"special-heading-border\"><div class=\"special-heading-inner-border\"><\/div><\/div><\/div><br \/>\n\n<style type=\"text\/css\" data-created_by=\"avia_inline_auto\" id=\"style-css-av-3bgot-4c24d0deb38dfe05b43e892ec77049ef\">\n#top .av_textblock_section.av-3bgot-4c24d0deb38dfe05b43e892ec77049ef .avia_textblock{\nfont-size:13px;\ncolor:#ffffff;\n}\n<\/style>\n<section  class='av_textblock_section av-3bgot-4c24d0deb38dfe05b43e892ec77049ef '   itemscope=\"itemscope\" itemtype=\"https:\/\/schema.org\/CreativeWork\" ><div class='avia_textblock av_inherit_color'  itemprop=\"text\" ><p>Para SCHR\u00d6DER &#038; STALER la Calidad es conocer las necesidades de nuestro cliente, cu\u00e1les son sus expectativas, y cumplir \u00a0con \u00e9stas sin error y en los plazos acordados.<\/p>\n<p>El Sr. D. Sune Schr\u00f6der inici\u00f3 sus actividades en el mundo comercial y empresarial como mediador en operaciones de importaci\u00f3n de productos forestales y como representante de las compa\u00f1\u00edas m\u00e1s prestigiosas de este ramo en el norte de Europa.<\/p>\n<p>El esp\u00edritu de innovaci\u00f3n, promovido por su sucesor Sr. D.\u00a0 Ra\u00fal Schr\u00f6der, nos llev\u00f3 a ser pioneros en la comercializaci\u00f3n de la pr\u00e1ctica totalidad de los productos de acero que componen la oferta del Grupo Schr\u00f6der. Nuestro proyecto se ha cimentado en la confianza que debe presidir en toda relaci\u00f3n comercial basada en la seriedad, responsabilidad y compromiso con el cliente.<\/p>\n<p>Una firme filosof\u00eda de empresa continuada por los Sres. Ra\u00fal y Ronald Schr\u00f6der, respaldados por un equipo humano incondicional, profesional y luchador; y la experiencia acumulada de m\u00e1s de 50 a\u00f1os nos dan la fortaleza para seguir super\u00e1ndonos.<\/p>\n<p>De acuerdo con esta pol\u00edtica establecemos unos Objetivos de Calidad a todos los niveles, realizando un seguimiento del grado de cumplimiento de los mismos de forma que podamos medir nuestra mejora.<\/p>\n<p>Los principales <strong>objetivos generales<\/strong> de <strong>SCHR\u00d6DER &#038; STALER <\/strong>son los siguientes:<\/p>\n<ol>\n<li><strong>Disminuci\u00f3n contin\u00faa del N \u00ba de Incidencias.<\/strong><\/li>\n<li><strong>Disminuci\u00f3n contin\u00faa de Reclamaciones de Clientes.<\/strong><\/li>\n<li><strong>Mejora Continua y Simplificaci\u00f3n de los Procesos.<\/strong><\/li>\n<li><strong>Adecuaci\u00f3n contin\u00faa de nuestro producto a Clientes<\/strong><\/li>\n<li><strong>Aumentar la satisfacci\u00f3n de Clientes<\/strong><\/li>\n<\/ol>\n<p>La Direcci\u00f3n de <strong>SCHR\u00d6DER &#038; STALER <\/strong>revisa peri\u00f3dicamente el sistema de gesti\u00f3n de calidad, para asegurase de su conveniencia, adecuaci\u00f3n y eficacia continuas. En esta revisi\u00f3n se eval\u00faan las oportunidades de mejora del sistema y de los procesos, y se detectan las necesidades de efectuar cambios en el sistema de calidad, incluyendo la Pol\u00edtica y los objetivos de Calidad.<\/p>\n<p>Por todo lo mencionado anteriormente, la Direcci\u00f3n General de Grupo Schr\u00f6der considera imprescindible la mejora continua de sus procesos e implementando la norma ISO 9001:2015 y se compromete a cumplir con todos sus requisitos.<\/p>\n<p>La Direcci\u00f3n realizar\u00e1 el estudio del contexto y de las partes interesadas a fin de determinar aquellos riesgos y oportunidades que puedan afectar.<\/p>\n<p>Coherente con la responsabilidad asumida, la Direcci\u00f3n de Grupo Schr\u00f6der proporcionar\u00e1 los recursos necesarios para el cumplimiento de esta pol\u00edtica.<\/p>\n<p>Director Gerente |\u00a0<strong>Ronald Schr\u00f6der<\/strong><\/p>\n<p><em>Noviembre de 2020<\/em><\/p>\n<\/div><\/section><\/p><\/div>\n<style type=\"text\/css\" data-created_by=\"avia_inline_auto\" id=\"style-css-av-p1f5h-f2cb1be09ed761f3084dc01de2fd3c5f\">\n.flex_column.av-p1f5h-f2cb1be09ed761f3084dc01de2fd3c5f{\nborder-radius:0px 0px 0px 0px;\npadding:0px 0px 0px 0px;\n}\n<\/style>\n<div  class='flex_column av-p1f5h-f2cb1be09ed761f3084dc01de2fd3c5f av_one_half  avia-builder-el-4  el_after_av_one_half  el_before_av_hr  flex_column_div av-zero-column-padding  '     ><p>\n<style type=\"text\/css\" data-created_by=\"avia_inline_auto\" id=\"style-css-av-k5nzp-fb8785209e56fa9c5860f729e75d587f\">\n#top .av-special-heading.av-k5nzp-fb8785209e56fa9c5860f729e75d587f{\npadding-bottom:10px;\ncolor:#ffffff;\n}\nbody .av-special-heading.av-k5nzp-fb8785209e56fa9c5860f729e75d587f .av-special-heading-tag .heading-char{\nfont-size:25px;\n}\n.av-special-heading.av-k5nzp-fb8785209e56fa9c5860f729e75d587f .special-heading-inner-border{\nborder-color:#ffffff;\n}\n.av-special-heading.av-k5nzp-fb8785209e56fa9c5860f729e75d587f .av-subheading{\nfont-size:15px;\n}\n<\/style>\n<div  class='av-special-heading av-k5nzp-fb8785209e56fa9c5860f729e75d587f av-special-heading-h3 custom-color-heading  avia-builder-el-5  el_before_av_image  avia-builder-el-first '><h3 class='av-special-heading-tag '  itemprop=\"headline\"  >ISO 9001<\/h3><div class=\"special-heading-border\"><div class=\"special-heading-inner-border\"><\/div><\/div><\/div><br \/>\n\n<style type=\"text\/css\" data-created_by=\"avia_inline_auto\" id=\"style-css-av-e3a3x-e9cebcb82c2321da2f565ab33e0c76d2\">\n.avia-image-container.av-e3a3x-e9cebcb82c2321da2f565ab33e0c76d2 img.avia_image{\nbox-shadow:none;\n}\n.avia-image-container.av-e3a3x-e9cebcb82c2321da2f565ab33e0c76d2 .av-image-caption-overlay-center{\ncolor:#ffffff;\n}\n<\/style>\n<div  class='avia-image-container av-e3a3x-e9cebcb82c2321da2f565ab33e0c76d2 av-styling- av-img-linked avia-align-center  avia-builder-el-6  el_after_av_heading  avia-builder-el-last '   itemprop=\"image\" itemscope=\"itemscope\" itemtype=\"https:\/\/schema.org\/ImageObject\" ><div class=\"avia-image-container-inner\"><div class=\"avia-image-overlay-wrap\"><a href=\"https:\/\/schroder-int.com\/wordpress\/wp-content\/uploads\/2023\/07\/Certificado-ISO-9001-2015.pdf\" class='avia_image '  target=\"_blank\"  rel=\"noopener noreferrer\" aria-label='certificado'><img decoding=\"async\" fetchpriority=\"high\" class='wp-image-864 avia-img-lazy-loading-not-864 avia_image ' src=\"https:\/\/schroder-int.com\/wordpress\/wp-content\/uploads\/2023\/07\/certificado.jpg\" alt='' title='certificado'  height=\"1213\" width=\"853\"  itemprop=\"thumbnailUrl\" srcset=\"https:\/\/schroder-int.com\/wordpress\/wp-content\/uploads\/2023\/07\/certificado.jpg 853w, https:\/\/schroder-int.com\/wordpress\/wp-content\/uploads\/2023\/07\/certificado-211x300.jpg 211w, https:\/\/schroder-int.com\/wordpress\/wp-content\/uploads\/2023\/07\/certificado-724x1030.jpg 724w, https:\/\/schroder-int.com\/wordpress\/wp-content\/uploads\/2023\/07\/certificado-768x1092.jpg 768w, https:\/\/schroder-int.com\/wordpress\/wp-content\/uploads\/2023\/07\/certificado-496x705.jpg 496w\" sizes=\"(max-width: 853px) 100vw, 853px\" \/><\/a><\/div><\/div><\/div><\/p><\/div>\n<style type=\"text\/css\" data-created_by=\"avia_inline_auto\" id=\"style-css-av-y12l-d1544c6df73f6047fbda953d65258d02\">\n#top .hr.av-y12l-d1544c6df73f6047fbda953d65258d02{\nmargin-top:0px;\nmargin-bottom:0px;\n}\n.hr.av-y12l-d1544c6df73f6047fbda953d65258d02 .hr-inner{\nwidth:1200px;\nborder-color:#ffffff;\n}\n<\/style>\n<div  class='hr av-y12l-d1544c6df73f6047fbda953d65258d02 hr-custom  avia-builder-el-7  el_after_av_one_half  avia-builder-el-last  hr-center hr-icon-no'><span class='hr-inner inner-border-av-border-thin'><span class=\"hr-inner-style\"><\/span><\/span><\/div>\n<\/div><\/div><\/main><!-- close content main element --><\/div><\/div><\/div><div id='after_section_1'  class='main_color av_default_container_wrap container_wrap sidebar_right'  ><div class='container av-section-cont-open' ><div class='template-page content  av-content-small alpha units'><div class='post-entry post-entry-type-page post-entry-693'><div class='entry-content-wrapper clearfix'>\n","protected":false},"excerpt":{"rendered":"","protected":false},"author":2,"featured_media":0,"parent":0,"menu_order":0,"comment_status":"closed","ping_status":"closed","template":"","meta":{"footnotes":""},"class_list":["post-693","page","type-page","status-publish","hentry"],"yoast_head":"<!-- This site is optimized with the Yoast SEO plugin v26.9 - https:\/\/yoast.com\/product\/yoast-seo-wordpress\/ -->\n<title>Certificado - Grupo Schr\u00f6der<\/title>\n<meta name=\"robots\" content=\"index, follow, max-snippet:-1, max-image-preview:large, max-video-preview:-1\" \/>\n<link rel=\"canonical\" href=\"https:\/\/schroder-int.com\/wordpress\/certificado\/\" \/>\n<meta property=\"og:locale\" content=\"es_ES\" \/>\n<meta property=\"og:type\" content=\"article\" \/>\n<meta property=\"og:title\" content=\"Certificado - Grupo Schr\u00f6der\" \/>\n<meta property=\"og:url\" content=\"https:\/\/schroder-int.com\/wordpress\/certificado\/\" \/>\n<meta property=\"og:site_name\" content=\"Grupo Schr\u00f6der\" \/>\n<meta property=\"article:modified_time\" content=\"2023-07-04T11:57:30+00:00\" \/>\n<meta name=\"twitter:card\" content=\"summary_large_image\" \/>\n<meta name=\"twitter:label1\" content=\"Tiempo de lectura\" \/>\n\t<meta name=\"twitter:data1\" content=\"3 minutos\" \/>\n<script type=\"application\/ld+json\" class=\"yoast-schema-graph\">{\"@context\":\"https:\/\/schema.org\",\"@graph\":[{\"@type\":\"WebPage\",\"@id\":\"https:\/\/schroder-int.com\/wordpress\/certificado\/\",\"url\":\"https:\/\/schroder-int.com\/wordpress\/certificado\/\",\"name\":\"Certificado - Grupo Schr\u00f6der\",\"isPartOf\":{\"@id\":\"https:\/\/schroder-int.com\/wordpress\/#website\"},\"datePublished\":\"2017-07-05T12:16:10+00:00\",\"dateModified\":\"2023-07-04T11:57:30+00:00\",\"breadcrumb\":{\"@id\":\"https:\/\/schroder-int.com\/wordpress\/certificado\/#breadcrumb\"},\"inLanguage\":\"es\",\"potentialAction\":[{\"@type\":\"ReadAction\",\"target\":[\"https:\/\/schroder-int.com\/wordpress\/certificado\/\"]}]},{\"@type\":\"BreadcrumbList\",\"@id\":\"https:\/\/schroder-int.com\/wordpress\/certificado\/#breadcrumb\",\"itemListElement\":[{\"@type\":\"ListItem\",\"position\":1,\"name\":\"Portada\",\"item\":\"https:\/\/schroder-int.com\/wordpress\/\"},{\"@type\":\"ListItem\",\"position\":2,\"name\":\"Certificado\"}]},{\"@type\":\"WebSite\",\"@id\":\"https:\/\/schroder-int.com\/wordpress\/#website\",\"url\":\"https:\/\/schroder-int.com\/wordpress\/\",\"name\":\"Grupo Schr\u00f6der\",\"description\":\"Aceros Inoxidables, Aceros al carbono\",\"potentialAction\":[{\"@type\":\"SearchAction\",\"target\":{\"@type\":\"EntryPoint\",\"urlTemplate\":\"https:\/\/schroder-int.com\/wordpress\/?s={search_term_string}\"},\"query-input\":{\"@type\":\"PropertyValueSpecification\",\"valueRequired\":true,\"valueName\":\"search_term_string\"}}],\"inLanguage\":\"es\"}]}<\/script>\n<!-- \/ Yoast SEO plugin. -->","yoast_head_json":{"title":"Certificado - Grupo Schr\u00f6der","robots":{"index":"index","follow":"follow","max-snippet":"max-snippet:-1","max-image-preview":"max-image-preview:large","max-video-preview":"max-video-preview:-1"},"canonical":"https:\/\/schroder-int.com\/wordpress\/certificado\/","og_locale":"es_ES","og_type":"article","og_title":"Certificado - Grupo Schr\u00f6der","og_url":"https:\/\/schroder-int.com\/wordpress\/certificado\/","og_site_name":"Grupo Schr\u00f6der","article_modified_time":"2023-07-04T11:57:30+00:00","twitter_card":"summary_large_image","twitter_misc":{"Tiempo de lectura":"3 minutos"},"schema":{"@context":"https:\/\/schema.org","@graph":[{"@type":"WebPage","@id":"https:\/\/schroder-int.com\/wordpress\/certificado\/","url":"https:\/\/schroder-int.com\/wordpress\/certificado\/","name":"Certificado - Grupo Schr\u00f6der","isPartOf":{"@id":"https:\/\/schroder-int.com\/wordpress\/#website"},"datePublished":"2017-07-05T12:16:10+00:00","dateModified":"2023-07-04T11:57:30+00:00","breadcrumb":{"@id":"https:\/\/schroder-int.com\/wordpress\/certificado\/#breadcrumb"},"inLanguage":"es","potentialAction":[{"@type":"ReadAction","target":["https:\/\/schroder-int.com\/wordpress\/certificado\/"]}]},{"@type":"BreadcrumbList","@id":"https:\/\/schroder-int.com\/wordpress\/certificado\/#breadcrumb","itemListElement":[{"@type":"ListItem","position":1,"name":"Portada","item":"https:\/\/schroder-int.com\/wordpress\/"},{"@type":"ListItem","position":2,"name":"Certificado"}]},{"@type":"WebSite","@id":"https:\/\/schroder-int.com\/wordpress\/#website","url":"https:\/\/schroder-int.com\/wordpress\/","name":"Grupo Schr\u00f6der","description":"Aceros Inoxidables, Aceros al carbono","potentialAction":[{"@type":"SearchAction","target":{"@type":"EntryPoint","urlTemplate":"https:\/\/schroder-int.com\/wordpress\/?s={search_term_string}"},"query-input":{"@type":"PropertyValueSpecification","valueRequired":true,"valueName":"search_term_string"}}],"inLanguage":"es"}]}},"_links":{"self":[{"href":"https:\/\/schroder-int.com\/wordpress\/wp-json\/wp\/v2\/pages\/693","targetHints":{"allow":["GET"]}}],"collection":[{"href":"https:\/\/schroder-int.com\/wordpress\/wp-json\/wp\/v2\/pages"}],"about":[{"href":"https:\/\/schroder-int.com\/wordpress\/wp-json\/wp\/v2\/types\/page"}],"author":[{"embeddable":true,"href":"https:\/\/schroder-int.com\/wordpress\/wp-json\/wp\/v2\/users\/2"}],"replies":[{"embeddable":true,"href":"https:\/\/schroder-int.com\/wordpress\/wp-json\/wp\/v2\/comments?post=693"}],"version-history":[{"count":10,"href":"https:\/\/schroder-int.com\/wordpress\/wp-json\/wp\/v2\/pages\/693\/revisions"}],"predecessor-version":[{"id":865,"href":"https:\/\/schroder-int.com\/wordpress\/wp-json\/wp\/v2\/pages\/693\/revisions\/865"}],"wp:attachment":[{"href":"https:\/\/schroder-int.com\/wordpress\/wp-json\/wp\/v2\/media?parent=693"}],"curies":[{"name":"wp","href":"https:\/\/api.w.org\/{rel}","templated":true}]}}