{"id":515,"date":"2017-06-20T13:48:29","date_gmt":"2017-06-20T13:48:29","guid":{"rendered":"https:\/\/schroder-int.com\/wordpress\/?page_id=515"},"modified":"2025-10-06T11:56:23","modified_gmt":"2025-10-06T10:56:23","slug":"bm-inox-310","status":"publish","type":"page","link":"https:\/\/schroder-int.com\/wordpress\/bm-inox-310\/","title":{"rendered":"BM Inox 310"},"content":{"rendered":"\n<style type=\"text\/css\" data-created_by=\"avia_inline_auto\" id=\"style-css-av-1ij7jv-62bf2ac24e3479588fdc5284454c7318\">\n.avia-section.av-1ij7jv-62bf2ac24e3479588fdc5284454c7318 .av-parallax .av-parallax-inner{\nbackground-repeat:no-repeat;\nbackground-image:url(https:\/\/schroder-int.com\/wordpress\/wp-content\/uploads\/2017\/06\/IMG_1305web-1200x900.jpg);\nbackground-position:50% 50%;\nbackground-attachment:scroll;\n}\n.avia-section.av-1ij7jv-62bf2ac24e3479588fdc5284454c7318 .av-section-color-overlay{\nopacity:0.7;\nbackground-color:#000000;\n}\n<\/style>\n<div id='av_section_1'  class='avia-section av-1ij7jv-62bf2ac24e3479588fdc5284454c7318 main_color avia-section-large avia-no-border-styling  avia-builder-el-0  avia-builder-el-no-sibling  avia-full-stretch av-parallax-section avia-bg-style-parallax av-section-color-overlay-active container_wrap sidebar_right'  data-section-bg-repeat='stretch'><div class='av-parallax' data-avia-parallax-ratio='0.3' ><div class='av-parallax-inner main_color avia-full-stretch'><\/div><\/div><div class=\"av-section-color-overlay-wrap\"><div class=\"av-section-color-overlay\"><\/div><div class='container av-section-cont-open' ><main  role=\"main\" itemprop=\"mainContentOfPage\"  class='template-page content  av-content-small alpha units'><div class='post-entry post-entry-type-page post-entry-515'><div class='entry-content-wrapper clearfix'>\n\n<style type=\"text\/css\" data-created_by=\"avia_inline_auto\" id=\"style-css-av-1hd8qz-b1d6880e51c8925683db827c826fa652\">\n.avia-image-container.av-1hd8qz-b1d6880e51c8925683db827c826fa652 img.avia_image{\nbox-shadow:none;\n}\n.avia-image-container.av-1hd8qz-b1d6880e51c8925683db827c826fa652 .av-image-caption-overlay-center{\ncolor:#ffffff;\n}\n<\/style>\n<div  class='avia-image-container av-1hd8qz-b1d6880e51c8925683db827c826fa652 av-styling- avia-align-center  avia-builder-el-1  el_before_av_textblock  avia-builder-el-first '   itemprop=\"image\" itemscope=\"itemscope\" itemtype=\"https:\/\/schema.org\/ImageObject\" ><div class=\"avia-image-container-inner\"><div class=\"avia-image-overlay-wrap\"><img decoding=\"async\" fetchpriority=\"high\" class='wp-image-630 avia-img-lazy-loading-not-630 avia_image ' src=\"https:\/\/schroder-int.com\/wordpress\/wp-content\/uploads\/2017\/06\/cabecera_staler-1.png\" alt='' title='Cabecera Staler'  height=\"75\" width=\"1202\"  itemprop=\"thumbnailUrl\" srcset=\"https:\/\/schroder-int.com\/wordpress\/wp-content\/uploads\/2017\/06\/cabecera_staler-1.png 1202w, https:\/\/schroder-int.com\/wordpress\/wp-content\/uploads\/2017\/06\/cabecera_staler-1-300x19.png 300w, https:\/\/schroder-int.com\/wordpress\/wp-content\/uploads\/2017\/06\/cabecera_staler-1-768x48.png 768w, https:\/\/schroder-int.com\/wordpress\/wp-content\/uploads\/2017\/06\/cabecera_staler-1-1030x64.png 1030w, https:\/\/schroder-int.com\/wordpress\/wp-content\/uploads\/2017\/06\/cabecera_staler-1-705x44.png 705w, https:\/\/schroder-int.com\/wordpress\/wp-content\/uploads\/2017\/06\/cabecera_staler-1-450x28.png 450w\" sizes=\"(max-width: 1202px) 100vw, 1202px\" \/><\/div><\/div><\/div>\n\n<style type=\"text\/css\" data-created_by=\"avia_inline_auto\" id=\"style-css-av-183i37-36b71ed1d9515ca7dfc210b35a4870d5\">\n#top .av_textblock_section.av-183i37-36b71ed1d9515ca7dfc210b35a4870d5 .avia_textblock{\ncolor:#ffffff;\n}\n<\/style>\n<section  class='av_textblock_section av-183i37-36b71ed1d9515ca7dfc210b35a4870d5 '   itemscope=\"itemscope\" itemtype=\"https:\/\/schema.org\/CreativeWork\" ><div class='avia_textblock av_inherit_color'  itemprop=\"text\" ><h1><\/h1>\n<h1><strong>Aceros inoxidables: BM Inox 310<br \/>\n<\/strong><\/h1>\n<h2>Barra de acero inoxidable refractario | Calidad A-310 (1.4845) |<\/h2>\n<h2>Acabado DIN 1013<\/h2>\n<\/div><\/section>\n\n<style type=\"text\/css\" data-created_by=\"avia_inline_auto\" id=\"style-css-av-3s08b-66a6f01ccf2b6d3808123e9171912552\">\n.flex_column.av-3s08b-66a6f01ccf2b6d3808123e9171912552{\nborder-radius:0px 0px 0px 0px;\npadding:0px 0px 0px 0px;\n}\n<\/style>\n<div  class='flex_column av-3s08b-66a6f01ccf2b6d3808123e9171912552 av_one_half  avia-builder-el-3  el_after_av_textblock  el_before_av_one_half  first flex_column_div av-zero-column-padding  column-top-margin'     ><style type=\"text\/css\" data-created_by=\"avia_inline_auto\" id=\"style-css-av-3957v-b443b1c23981200545dba7399cbdd51f\">\n#top .av_textblock_section.av-3957v-b443b1c23981200545dba7399cbdd51f .avia_textblock{\nfont-size:13px;\ncolor:#ffffff;\n}\n<\/style>\n<section  class='av_textblock_section av-3957v-b443b1c23981200545dba7399cbdd51f '   itemscope=\"itemscope\" itemtype=\"https:\/\/schema.org\/CreativeWork\" ><div class='avia_textblock av_inherit_color'  itemprop=\"text\" ><h3><strong>VENTAJAS ACERO INOXIDABLE BM INOX 310:<\/strong><\/h3>\n<ul>\n<li>Refractario, resiste bien hasta 1.100 \u00baC en atm\u00f3sferas oxidantes sulfurosas y hasta 900 \u00baC en atm\u00f3sferas reductoras poco sulfurosas.<\/li>\n<li>Presenta muy buena resistencia a la corrosi\u00f3n frente a los nitratos fundidos, hasta 450 \u00baC.<\/li>\n<li>La aplicaci\u00f3n de este acero es la mejor soluci\u00f3n para la fabricaci\u00f3n de piezas que deban resistir una nitruraci\u00f3n.<\/li>\n<li>Certificados S\/DIN 50.049 3.1.B<\/li>\n<\/ul>\n<\/div><\/section><br \/>\n<div  class='avia-button-wrap av-r217n-50ed1f109977a39ee6f99685b81676b9-wrap avia-button-left  avia-builder-el-5  el_after_av_textblock  avia-builder-el-last '><a href='https:\/\/schroder-int.com\/wordpress\/wp-content\/uploads\/2025\/10\/BM-INOX-310.jpg'  class='avia-button av-r217n-50ed1f109977a39ee6f99685b81676b9 av-link-btn avia-icon_select-yes-left-icon avia-size-medium avia-position-left avia-color-theme-color'  target=\"_blank\"  rel=\"noopener noreferrer\"  aria-label=\"Descargar ficha t\u00e9cnica\"><span class='avia_button_icon avia_button_icon_left avia-iconfont avia-font-entypo-fontello' data-av_icon='\ue887' data-av_iconfont='entypo-fontello' ><\/span><span class='avia_iconbox_title' >Descargar ficha t\u00e9cnica<\/span><\/a><\/div><\/p><\/div>\n<style type=\"text\/css\" data-created_by=\"avia_inline_auto\" id=\"style-css-av-kaukz-bb526f1286274e543a94717be497aa58\">\n.flex_column.av-kaukz-bb526f1286274e543a94717be497aa58{\nborder-radius:0px 0px 0px 0px;\npadding:0px 0px 0px 0px;\n}\n<\/style>\n<div  class='flex_column av-kaukz-bb526f1286274e543a94717be497aa58 av_one_half  avia-builder-el-6  el_after_av_one_half  el_before_av_hr  flex_column_div av-zero-column-padding  column-top-margin'     ><style type=\"text\/css\" data-created_by=\"avia_inline_auto\" id=\"style-css-av-eq8cz-4f0ac61bd707e81bb093f133d3f2892e\">\n.avia-image-container.av-eq8cz-4f0ac61bd707e81bb093f133d3f2892e img.avia_image{\nbox-shadow:none;\n}\n.avia-image-container.av-eq8cz-4f0ac61bd707e81bb093f133d3f2892e .av-image-caption-overlay-center{\ncolor:#ffffff;\n}\n<\/style>\n<div  class='avia-image-container av-eq8cz-4f0ac61bd707e81bb093f133d3f2892e av-styling- avia-align-center  avia-builder-el-7  avia-builder-el-no-sibling '   itemprop=\"image\" itemscope=\"itemscope\" itemtype=\"https:\/\/schema.org\/ImageObject\" ><div class=\"avia-image-container-inner\"><div class=\"avia-image-overlay-wrap\"><img decoding=\"async\" fetchpriority=\"high\" class='wp-image-430 avia-img-lazy-loading-not-430 avia_image ' src=\"https:\/\/schroder-int.com\/wordpress\/wp-content\/uploads\/2017\/06\/inox310.jpg\" alt='' title='inox310'  height=\"491\" width=\"484\"  itemprop=\"thumbnailUrl\" srcset=\"https:\/\/schroder-int.com\/wordpress\/wp-content\/uploads\/2017\/06\/inox310.jpg 484w, https:\/\/schroder-int.com\/wordpress\/wp-content\/uploads\/2017\/06\/inox310-80x80.jpg 80w, https:\/\/schroder-int.com\/wordpress\/wp-content\/uploads\/2017\/06\/inox310-296x300.jpg 296w, https:\/\/schroder-int.com\/wordpress\/wp-content\/uploads\/2017\/06\/inox310-36x36.jpg 36w, https:\/\/schroder-int.com\/wordpress\/wp-content\/uploads\/2017\/06\/inox310-450x457.jpg 450w\" sizes=\"(max-width: 484px) 100vw, 484px\" \/><\/div><\/div><\/div><\/div>\n<style type=\"text\/css\" data-created_by=\"avia_inline_auto\" id=\"style-css-av-7i80r-f945691243823925b13541ceebe2c492\">\n#top .hr.av-7i80r-f945691243823925b13541ceebe2c492{\nmargin-top:0px;\nmargin-bottom:0px;\n}\n.hr.av-7i80r-f945691243823925b13541ceebe2c492 .hr-inner{\nwidth:1200px;\nborder-color:#ffffff;\n}\n<\/style>\n<div  class='hr av-7i80r-f945691243823925b13541ceebe2c492 hr-custom  avia-builder-el-8  el_after_av_one_half  avia-builder-el-last  hr-center hr-icon-no'><span class='hr-inner inner-border-av-border-thin'><span class=\"hr-inner-style\"><\/span><\/span><\/div>\n<\/div><\/div><\/main><!-- close content main element --><\/div><\/div><\/div><div id='after_section_1'  class='main_color av_default_container_wrap container_wrap sidebar_right'  ><div class='container av-section-cont-open' ><div class='template-page content  av-content-small alpha units'><div class='post-entry post-entry-type-page post-entry-515'><div class='entry-content-wrapper clearfix'>\n","protected":false},"excerpt":{"rendered":"","protected":false},"author":2,"featured_media":0,"parent":0,"menu_order":0,"comment_status":"closed","ping_status":"closed","template":"","meta":{"footnotes":""},"class_list":["post-515","page","type-page","status-publish","hentry"],"yoast_head":"<!-- This site is optimized with the Yoast SEO plugin v26.9 - https:\/\/yoast.com\/product\/yoast-seo-wordpress\/ -->\n<title>Aceros inoxidables BM Inox 310<\/title>\n<meta name=\"description\" content=\"Barra de acero inoxidable refractario BM Inox 310 con calidad A-310 y acabado DIN 1013. Stock permanente - Corte a medida - Entrega en 24 horas\" \/>\n<meta name=\"robots\" content=\"index, follow, max-snippet:-1, max-image-preview:large, max-video-preview:-1\" \/>\n<link rel=\"canonical\" href=\"https:\/\/schroder-int.com\/wordpress\/bm-inox-310\/\" \/>\n<meta property=\"og:locale\" content=\"es_ES\" \/>\n<meta property=\"og:type\" content=\"article\" \/>\n<meta property=\"og:title\" content=\"Aceros inoxidables BM Inox 310\" \/>\n<meta property=\"og:description\" content=\"Barra de acero inoxidable refractario BM Inox 310 con calidad A-310 y acabado DIN 1013. Stock permanente - Corte a medida - Entrega en 24 horas\" \/>\n<meta property=\"og:url\" content=\"https:\/\/schroder-int.com\/wordpress\/bm-inox-310\/\" \/>\n<meta property=\"og:site_name\" content=\"Grupo Schr\u00f6der\" \/>\n<meta property=\"article:modified_time\" content=\"2025-10-06T10:56:23+00:00\" \/>\n<meta name=\"twitter:card\" content=\"summary_large_image\" \/>\n<meta name=\"twitter:label1\" content=\"Tiempo de lectura\" \/>\n\t<meta name=\"twitter:data1\" content=\"2 minutos\" \/>\n<script type=\"application\/ld+json\" class=\"yoast-schema-graph\">{\"@context\":\"https:\/\/schema.org\",\"@graph\":[{\"@type\":\"WebPage\",\"@id\":\"https:\/\/schroder-int.com\/wordpress\/bm-inox-310\/\",\"url\":\"https:\/\/schroder-int.com\/wordpress\/bm-inox-310\/\",\"name\":\"Aceros inoxidables BM Inox 310\",\"isPartOf\":{\"@id\":\"https:\/\/schroder-int.com\/wordpress\/#website\"},\"datePublished\":\"2017-06-20T13:48:29+00:00\",\"dateModified\":\"2025-10-06T10:56:23+00:00\",\"description\":\"Barra de acero inoxidable refractario BM Inox 310 con calidad A-310 y acabado DIN 1013. Stock permanente - Corte a medida - Entrega en 24 horas\",\"breadcrumb\":{\"@id\":\"https:\/\/schroder-int.com\/wordpress\/bm-inox-310\/#breadcrumb\"},\"inLanguage\":\"es\",\"potentialAction\":[{\"@type\":\"ReadAction\",\"target\":[\"https:\/\/schroder-int.com\/wordpress\/bm-inox-310\/\"]}]},{\"@type\":\"BreadcrumbList\",\"@id\":\"https:\/\/schroder-int.com\/wordpress\/bm-inox-310\/#breadcrumb\",\"itemListElement\":[{\"@type\":\"ListItem\",\"position\":1,\"name\":\"Portada\",\"item\":\"https:\/\/schroder-int.com\/wordpress\/\"},{\"@type\":\"ListItem\",\"position\":2,\"name\":\"BM Inox 310\"}]},{\"@type\":\"WebSite\",\"@id\":\"https:\/\/schroder-int.com\/wordpress\/#website\",\"url\":\"https:\/\/schroder-int.com\/wordpress\/\",\"name\":\"Grupo Schr\u00f6der\",\"description\":\"Aceros Inoxidables, Aceros al carbono\",\"potentialAction\":[{\"@type\":\"SearchAction\",\"target\":{\"@type\":\"EntryPoint\",\"urlTemplate\":\"https:\/\/schroder-int.com\/wordpress\/?s={search_term_string}\"},\"query-input\":{\"@type\":\"PropertyValueSpecification\",\"valueRequired\":true,\"valueName\":\"search_term_string\"}}],\"inLanguage\":\"es\"}]}<\/script>\n<!-- \/ Yoast SEO plugin. -->","yoast_head_json":{"title":"Aceros inoxidables BM Inox 310","description":"Barra de acero inoxidable refractario BM Inox 310 con calidad A-310 y acabado DIN 1013. Stock permanente - Corte a medida - Entrega en 24 horas","robots":{"index":"index","follow":"follow","max-snippet":"max-snippet:-1","max-image-preview":"max-image-preview:large","max-video-preview":"max-video-preview:-1"},"canonical":"https:\/\/schroder-int.com\/wordpress\/bm-inox-310\/","og_locale":"es_ES","og_type":"article","og_title":"Aceros inoxidables BM Inox 310","og_description":"Barra de acero inoxidable refractario BM Inox 310 con calidad A-310 y acabado DIN 1013. Stock permanente - Corte a medida - Entrega en 24 horas","og_url":"https:\/\/schroder-int.com\/wordpress\/bm-inox-310\/","og_site_name":"Grupo Schr\u00f6der","article_modified_time":"2025-10-06T10:56:23+00:00","twitter_card":"summary_large_image","twitter_misc":{"Tiempo de lectura":"2 minutos"},"schema":{"@context":"https:\/\/schema.org","@graph":[{"@type":"WebPage","@id":"https:\/\/schroder-int.com\/wordpress\/bm-inox-310\/","url":"https:\/\/schroder-int.com\/wordpress\/bm-inox-310\/","name":"Aceros inoxidables BM Inox 310","isPartOf":{"@id":"https:\/\/schroder-int.com\/wordpress\/#website"},"datePublished":"2017-06-20T13:48:29+00:00","dateModified":"2025-10-06T10:56:23+00:00","description":"Barra de acero inoxidable refractario BM Inox 310 con calidad A-310 y acabado DIN 1013. Stock permanente - Corte a medida - Entrega en 24 horas","breadcrumb":{"@id":"https:\/\/schroder-int.com\/wordpress\/bm-inox-310\/#breadcrumb"},"inLanguage":"es","potentialAction":[{"@type":"ReadAction","target":["https:\/\/schroder-int.com\/wordpress\/bm-inox-310\/"]}]},{"@type":"BreadcrumbList","@id":"https:\/\/schroder-int.com\/wordpress\/bm-inox-310\/#breadcrumb","itemListElement":[{"@type":"ListItem","position":1,"name":"Portada","item":"https:\/\/schroder-int.com\/wordpress\/"},{"@type":"ListItem","position":2,"name":"BM Inox 310"}]},{"@type":"WebSite","@id":"https:\/\/schroder-int.com\/wordpress\/#website","url":"https:\/\/schroder-int.com\/wordpress\/","name":"Grupo Schr\u00f6der","description":"Aceros Inoxidables, Aceros al carbono","potentialAction":[{"@type":"SearchAction","target":{"@type":"EntryPoint","urlTemplate":"https:\/\/schroder-int.com\/wordpress\/?s={search_term_string}"},"query-input":{"@type":"PropertyValueSpecification","valueRequired":true,"valueName":"search_term_string"}}],"inLanguage":"es"}]}},"_links":{"self":[{"href":"https:\/\/schroder-int.com\/wordpress\/wp-json\/wp\/v2\/pages\/515","targetHints":{"allow":["GET"]}}],"collection":[{"href":"https:\/\/schroder-int.com\/wordpress\/wp-json\/wp\/v2\/pages"}],"about":[{"href":"https:\/\/schroder-int.com\/wordpress\/wp-json\/wp\/v2\/types\/page"}],"author":[{"embeddable":true,"href":"https:\/\/schroder-int.com\/wordpress\/wp-json\/wp\/v2\/users\/2"}],"replies":[{"embeddable":true,"href":"https:\/\/schroder-int.com\/wordpress\/wp-json\/wp\/v2\/comments?post=515"}],"version-history":[{"count":6,"href":"https:\/\/schroder-int.com\/wordpress\/wp-json\/wp\/v2\/pages\/515\/revisions"}],"predecessor-version":[{"id":1213,"href":"https:\/\/schroder-int.com\/wordpress\/wp-json\/wp\/v2\/pages\/515\/revisions\/1213"}],"wp:attachment":[{"href":"https:\/\/schroder-int.com\/wordpress\/wp-json\/wp\/v2\/media?parent=515"}],"curies":[{"name":"wp","href":"https:\/\/api.w.org\/{rel}","templated":true}]}}