{"id":513,"date":"2017-06-20T13:46:21","date_gmt":"2017-06-20T13:46:21","guid":{"rendered":"https:\/\/schroder-int.com\/wordpress\/?page_id=513"},"modified":"2025-09-15T16:13:11","modified_gmt":"2025-09-15T15:13:11","slug":"inox-904-l","status":"publish","type":"page","link":"https:\/\/schroder-int.com\/wordpress\/inox-904-l\/","title":{"rendered":"Inox 904 L"},"content":{"rendered":"\n<style type=\"text\/css\" data-created_by=\"avia_inline_auto\" id=\"style-css-av-1l5u6p-1afc00c0094a84f7dbab8acf295ab0b0\">\n.avia-section.av-1l5u6p-1afc00c0094a84f7dbab8acf295ab0b0 .av-parallax .av-parallax-inner{\nbackground-repeat:no-repeat;\nbackground-image:url(https:\/\/schroder-int.com\/wordpress\/wp-content\/uploads\/2017\/06\/IMG_1305web-1200x900.jpg);\nbackground-position:50% 50%;\nbackground-attachment:scroll;\n}\n.avia-section.av-1l5u6p-1afc00c0094a84f7dbab8acf295ab0b0 .av-section-color-overlay{\nopacity:0.7;\nbackground-color:#000000;\n}\n<\/style>\n<div id='av_section_1'  class='avia-section av-1l5u6p-1afc00c0094a84f7dbab8acf295ab0b0 main_color avia-section-large avia-no-border-styling  avia-builder-el-0  avia-builder-el-no-sibling  avia-full-stretch av-parallax-section avia-bg-style-parallax av-section-color-overlay-active container_wrap sidebar_right'  data-section-bg-repeat='stretch'><div class='av-parallax' data-avia-parallax-ratio='0.3' ><div class='av-parallax-inner main_color avia-full-stretch'><\/div><\/div><div class=\"av-section-color-overlay-wrap\"><div class=\"av-section-color-overlay\"><\/div><div class='container av-section-cont-open' ><main  role=\"main\" itemprop=\"mainContentOfPage\"  class='template-page content  av-content-small alpha units'><div class='post-entry post-entry-type-page post-entry-513'><div class='entry-content-wrapper clearfix'>\n\n<style type=\"text\/css\" data-created_by=\"avia_inline_auto\" id=\"style-css-av-1g71gh-bfa799d5f471893978b279b52115f14c\">\n.avia-image-container.av-1g71gh-bfa799d5f471893978b279b52115f14c img.avia_image{\nbox-shadow:none;\n}\n.avia-image-container.av-1g71gh-bfa799d5f471893978b279b52115f14c .av-image-caption-overlay-center{\ncolor:#ffffff;\n}\n<\/style>\n<div  class='avia-image-container av-1g71gh-bfa799d5f471893978b279b52115f14c av-styling- avia-align-center  avia-builder-el-1  el_before_av_textblock  avia-builder-el-first '   itemprop=\"image\" itemscope=\"itemscope\" itemtype=\"https:\/\/schema.org\/ImageObject\" ><div class=\"avia-image-container-inner\"><div class=\"avia-image-overlay-wrap\"><img decoding=\"async\" fetchpriority=\"high\" class='wp-image-630 avia-img-lazy-loading-not-630 avia_image ' src=\"https:\/\/schroder-int.com\/wordpress\/wp-content\/uploads\/2017\/06\/cabecera_staler-1.png\" alt='' title='Cabecera Staler'  height=\"75\" width=\"1202\"  itemprop=\"thumbnailUrl\" srcset=\"https:\/\/schroder-int.com\/wordpress\/wp-content\/uploads\/2017\/06\/cabecera_staler-1.png 1202w, https:\/\/schroder-int.com\/wordpress\/wp-content\/uploads\/2017\/06\/cabecera_staler-1-300x19.png 300w, https:\/\/schroder-int.com\/wordpress\/wp-content\/uploads\/2017\/06\/cabecera_staler-1-768x48.png 768w, https:\/\/schroder-int.com\/wordpress\/wp-content\/uploads\/2017\/06\/cabecera_staler-1-1030x64.png 1030w, https:\/\/schroder-int.com\/wordpress\/wp-content\/uploads\/2017\/06\/cabecera_staler-1-705x44.png 705w, https:\/\/schroder-int.com\/wordpress\/wp-content\/uploads\/2017\/06\/cabecera_staler-1-450x28.png 450w\" sizes=\"(max-width: 1202px) 100vw, 1202px\" \/><\/div><\/div><\/div>\n\n<style type=\"text\/css\" data-created_by=\"avia_inline_auto\" id=\"style-css-av-18khyx-11db20616aa71eb7d9ebb8196260fdfe\">\n#top .av_textblock_section.av-18khyx-11db20616aa71eb7d9ebb8196260fdfe .avia_textblock{\ncolor:#ffffff;\n}\n<\/style>\n<section  class='av_textblock_section av-18khyx-11db20616aa71eb7d9ebb8196260fdfe '   itemscope=\"itemscope\" itemtype=\"https:\/\/schema.org\/CreativeWork\" ><div class='avia_textblock av_inherit_color'  itemprop=\"text\" ><h1><\/h1>\n<h1><strong>Aceros inoxidables: Inox 904 L<br \/>\n<\/strong><\/h1>\n<h2>Sus altos contenidos en Cr, Ni, Mo y Cu hacen que su resistencia a la corrosi\u00f3n sea excelente, particularmente al \u00e1cido sulf\u00farico diluido y a la corrosi\u00f3n bajo tensiones.<\/h2>\n<\/div><\/section>\n\n<style type=\"text\/css\" data-created_by=\"avia_inline_auto\" id=\"style-css-av-11uvo1-bea006b4da8c7e2bb0fb6cca991aa040\">\n.flex_column.av-11uvo1-bea006b4da8c7e2bb0fb6cca991aa040{\nborder-radius:0px 0px 0px 0px;\npadding:0px 0px 0px 0px;\n}\n<\/style>\n<div  class='flex_column av-11uvo1-bea006b4da8c7e2bb0fb6cca991aa040 av_one_half  avia-builder-el-3  el_after_av_textblock  el_before_av_one_half  first flex_column_div av-zero-column-padding  column-top-margin'     ><style type=\"text\/css\" data-created_by=\"avia_inline_auto\" id=\"style-css-av-xkikh-41ecace83ac72b51ca65ea0cb4e0bbfd\">\n#top .av_textblock_section.av-xkikh-41ecace83ac72b51ca65ea0cb4e0bbfd .avia_textblock{\nfont-size:13px;\ncolor:#ffffff;\n}\n<\/style>\n<section  class='av_textblock_section av-xkikh-41ecace83ac72b51ca65ea0cb4e0bbfd '   itemscope=\"itemscope\" itemtype=\"https:\/\/schema.org\/CreativeWork\" ><div class='avia_textblock av_inherit_color'  itemprop=\"text\" ><h3><strong>VENTAJAS ACERO INOXIDABLE INOX 904L:<\/strong><\/h3>\n<ul>\n<li>Buena resistencia a la corrosi\u00f3n por picaduras y corrosi\u00f3n intersticial.<\/li>\n<li>Muy buena resistencia a la corrosi\u00f3n bajo tensiones.<\/li>\n<li>Buena resistencia a la corrosi\u00f3n intergranular.<\/li>\n<li>Buena conformabilidad y soldabilidad.<\/li>\n<li>Certificados S\/DIN 50.049 3.1.B<\/li>\n<\/ul>\n<\/div><\/section><br \/>\n<div  class='avia-button-wrap av-rsobd-7a65efd585f43d1a1c0a29a122177ced-wrap avia-button-left  avia-builder-el-5  el_after_av_textblock  avia-builder-el-last '><a href='https:\/\/schroder-int.com\/wordpress\/wp-content\/uploads\/2025\/09\/inox904.pdf'  class='avia-button av-rsobd-7a65efd585f43d1a1c0a29a122177ced av-link-btn avia-icon_select-yes-left-icon avia-size-medium avia-position-left avia-color-theme-color'  target=\"_blank\"  rel=\"noopener noreferrer\"  aria-label=\"Descargar ficha t\u00e9cnica\"><span class='avia_button_icon avia_button_icon_left avia-iconfont avia-font-entypo-fontello' data-av_icon='\ue887' data-av_iconfont='entypo-fontello' ><\/span><span class='avia_iconbox_title' >Descargar ficha t\u00e9cnica<\/span><\/a><\/div><\/p><\/div>\n<style type=\"text\/css\" data-created_by=\"avia_inline_auto\" id=\"style-css-av-lgcep-1eb11ee4e4799d1569100da94f1add14\">\n.flex_column.av-lgcep-1eb11ee4e4799d1569100da94f1add14{\nborder-radius:0px 0px 0px 0px;\npadding:0px 0px 0px 0px;\n}\n<\/style>\n<div  class='flex_column av-lgcep-1eb11ee4e4799d1569100da94f1add14 av_one_half  avia-builder-el-6  el_after_av_one_half  el_before_av_hr  flex_column_div av-zero-column-padding  column-top-margin'     ><style type=\"text\/css\" data-created_by=\"avia_inline_auto\" id=\"style-css-av-hl7x5-b4bdb205ad4946431ce54b73b374454d\">\n.avia-image-container.av-hl7x5-b4bdb205ad4946431ce54b73b374454d img.avia_image{\nbox-shadow:none;\n}\n.avia-image-container.av-hl7x5-b4bdb205ad4946431ce54b73b374454d .av-image-caption-overlay-center{\ncolor:#ffffff;\n}\n<\/style>\n<div  class='avia-image-container av-hl7x5-b4bdb205ad4946431ce54b73b374454d av-styling- avia-align-center  avia-builder-el-7  avia-builder-el-no-sibling '   itemprop=\"image\" itemscope=\"itemscope\" itemtype=\"https:\/\/schema.org\/ImageObject\" ><div class=\"avia-image-container-inner\"><div class=\"avia-image-overlay-wrap\"><img decoding=\"async\" fetchpriority=\"high\" class='wp-image-431 avia-img-lazy-loading-not-431 avia_image ' src=\"https:\/\/schroder-int.com\/wordpress\/wp-content\/uploads\/2017\/06\/inox904.jpg\" alt='' title='inox904'  height=\"491\" width=\"484\"  itemprop=\"thumbnailUrl\" srcset=\"https:\/\/schroder-int.com\/wordpress\/wp-content\/uploads\/2017\/06\/inox904.jpg 484w, https:\/\/schroder-int.com\/wordpress\/wp-content\/uploads\/2017\/06\/inox904-80x80.jpg 80w, https:\/\/schroder-int.com\/wordpress\/wp-content\/uploads\/2017\/06\/inox904-296x300.jpg 296w, https:\/\/schroder-int.com\/wordpress\/wp-content\/uploads\/2017\/06\/inox904-36x36.jpg 36w, https:\/\/schroder-int.com\/wordpress\/wp-content\/uploads\/2017\/06\/inox904-450x457.jpg 450w\" sizes=\"(max-width: 484px) 100vw, 484px\" \/><\/div><\/div><\/div><\/div>\n<style type=\"text\/css\" data-created_by=\"avia_inline_auto\" id=\"style-css-av-7mbe9-c8f797dab5e1c22f0b1c0097a484f2ea\">\n#top .hr.av-7mbe9-c8f797dab5e1c22f0b1c0097a484f2ea{\nmargin-top:0px;\nmargin-bottom:0px;\n}\n.hr.av-7mbe9-c8f797dab5e1c22f0b1c0097a484f2ea .hr-inner{\nwidth:1200px;\nborder-color:#ffffff;\n}\n<\/style>\n<div  class='hr av-7mbe9-c8f797dab5e1c22f0b1c0097a484f2ea hr-custom  avia-builder-el-8  el_after_av_one_half  avia-builder-el-last  hr-center hr-icon-no'><span class='hr-inner inner-border-av-border-thin'><span class=\"hr-inner-style\"><\/span><\/span><\/div>\n<\/div><\/div><\/main><!-- close content main element --><\/div><\/div><\/div><div id='after_section_1'  class='main_color av_default_container_wrap container_wrap sidebar_right'  ><div class='container av-section-cont-open' ><div class='template-page content  av-content-small alpha units'><div class='post-entry post-entry-type-page post-entry-513'><div class='entry-content-wrapper clearfix'>\n","protected":false},"excerpt":{"rendered":"","protected":false},"author":2,"featured_media":0,"parent":0,"menu_order":0,"comment_status":"closed","ping_status":"closed","template":"","meta":{"footnotes":""},"class_list":["post-513","page","type-page","status-publish","hentry"],"yoast_head":"<!-- This site is optimized with the Yoast SEO plugin v26.9 - https:\/\/yoast.com\/product\/yoast-seo-wordpress\/ -->\n<title>Inox 904 L - Grupo Schr\u00f6der<\/title>\n<meta name=\"robots\" content=\"index, follow, max-snippet:-1, max-image-preview:large, max-video-preview:-1\" \/>\n<link rel=\"canonical\" href=\"https:\/\/schroder-int.com\/wordpress\/inox-904-l\/\" \/>\n<meta property=\"og:locale\" content=\"es_ES\" \/>\n<meta property=\"og:type\" content=\"article\" \/>\n<meta property=\"og:title\" content=\"Inox 904 L - Grupo Schr\u00f6der\" \/>\n<meta property=\"og:url\" content=\"https:\/\/schroder-int.com\/wordpress\/inox-904-l\/\" \/>\n<meta property=\"og:site_name\" content=\"Grupo Schr\u00f6der\" \/>\n<meta property=\"article:modified_time\" content=\"2025-09-15T15:13:11+00:00\" \/>\n<meta name=\"twitter:card\" content=\"summary_large_image\" \/>\n<meta name=\"twitter:label1\" content=\"Tiempo de lectura\" \/>\n\t<meta name=\"twitter:data1\" content=\"2 minutos\" \/>\n<script type=\"application\/ld+json\" class=\"yoast-schema-graph\">{\"@context\":\"https:\/\/schema.org\",\"@graph\":[{\"@type\":\"WebPage\",\"@id\":\"https:\/\/schroder-int.com\/wordpress\/inox-904-l\/\",\"url\":\"https:\/\/schroder-int.com\/wordpress\/inox-904-l\/\",\"name\":\"Inox 904 L - Grupo Schr\u00f6der\",\"isPartOf\":{\"@id\":\"https:\/\/schroder-int.com\/wordpress\/#website\"},\"datePublished\":\"2017-06-20T13:46:21+00:00\",\"dateModified\":\"2025-09-15T15:13:11+00:00\",\"breadcrumb\":{\"@id\":\"https:\/\/schroder-int.com\/wordpress\/inox-904-l\/#breadcrumb\"},\"inLanguage\":\"es\",\"potentialAction\":[{\"@type\":\"ReadAction\",\"target\":[\"https:\/\/schroder-int.com\/wordpress\/inox-904-l\/\"]}]},{\"@type\":\"BreadcrumbList\",\"@id\":\"https:\/\/schroder-int.com\/wordpress\/inox-904-l\/#breadcrumb\",\"itemListElement\":[{\"@type\":\"ListItem\",\"position\":1,\"name\":\"Portada\",\"item\":\"https:\/\/schroder-int.com\/wordpress\/\"},{\"@type\":\"ListItem\",\"position\":2,\"name\":\"Inox 904 L\"}]},{\"@type\":\"WebSite\",\"@id\":\"https:\/\/schroder-int.com\/wordpress\/#website\",\"url\":\"https:\/\/schroder-int.com\/wordpress\/\",\"name\":\"Grupo Schr\u00f6der\",\"description\":\"Aceros Inoxidables, Aceros al carbono\",\"potentialAction\":[{\"@type\":\"SearchAction\",\"target\":{\"@type\":\"EntryPoint\",\"urlTemplate\":\"https:\/\/schroder-int.com\/wordpress\/?s={search_term_string}\"},\"query-input\":{\"@type\":\"PropertyValueSpecification\",\"valueRequired\":true,\"valueName\":\"search_term_string\"}}],\"inLanguage\":\"es\"}]}<\/script>\n<!-- \/ Yoast SEO plugin. -->","yoast_head_json":{"title":"Inox 904 L - Grupo Schr\u00f6der","robots":{"index":"index","follow":"follow","max-snippet":"max-snippet:-1","max-image-preview":"max-image-preview:large","max-video-preview":"max-video-preview:-1"},"canonical":"https:\/\/schroder-int.com\/wordpress\/inox-904-l\/","og_locale":"es_ES","og_type":"article","og_title":"Inox 904 L - Grupo Schr\u00f6der","og_url":"https:\/\/schroder-int.com\/wordpress\/inox-904-l\/","og_site_name":"Grupo Schr\u00f6der","article_modified_time":"2025-09-15T15:13:11+00:00","twitter_card":"summary_large_image","twitter_misc":{"Tiempo de lectura":"2 minutos"},"schema":{"@context":"https:\/\/schema.org","@graph":[{"@type":"WebPage","@id":"https:\/\/schroder-int.com\/wordpress\/inox-904-l\/","url":"https:\/\/schroder-int.com\/wordpress\/inox-904-l\/","name":"Inox 904 L - Grupo Schr\u00f6der","isPartOf":{"@id":"https:\/\/schroder-int.com\/wordpress\/#website"},"datePublished":"2017-06-20T13:46:21+00:00","dateModified":"2025-09-15T15:13:11+00:00","breadcrumb":{"@id":"https:\/\/schroder-int.com\/wordpress\/inox-904-l\/#breadcrumb"},"inLanguage":"es","potentialAction":[{"@type":"ReadAction","target":["https:\/\/schroder-int.com\/wordpress\/inox-904-l\/"]}]},{"@type":"BreadcrumbList","@id":"https:\/\/schroder-int.com\/wordpress\/inox-904-l\/#breadcrumb","itemListElement":[{"@type":"ListItem","position":1,"name":"Portada","item":"https:\/\/schroder-int.com\/wordpress\/"},{"@type":"ListItem","position":2,"name":"Inox 904 L"}]},{"@type":"WebSite","@id":"https:\/\/schroder-int.com\/wordpress\/#website","url":"https:\/\/schroder-int.com\/wordpress\/","name":"Grupo Schr\u00f6der","description":"Aceros Inoxidables, Aceros al carbono","potentialAction":[{"@type":"SearchAction","target":{"@type":"EntryPoint","urlTemplate":"https:\/\/schroder-int.com\/wordpress\/?s={search_term_string}"},"query-input":{"@type":"PropertyValueSpecification","valueRequired":true,"valueName":"search_term_string"}}],"inLanguage":"es"}]}},"_links":{"self":[{"href":"https:\/\/schroder-int.com\/wordpress\/wp-json\/wp\/v2\/pages\/513","targetHints":{"allow":["GET"]}}],"collection":[{"href":"https:\/\/schroder-int.com\/wordpress\/wp-json\/wp\/v2\/pages"}],"about":[{"href":"https:\/\/schroder-int.com\/wordpress\/wp-json\/wp\/v2\/types\/page"}],"author":[{"embeddable":true,"href":"https:\/\/schroder-int.com\/wordpress\/wp-json\/wp\/v2\/users\/2"}],"replies":[{"embeddable":true,"href":"https:\/\/schroder-int.com\/wordpress\/wp-json\/wp\/v2\/comments?post=513"}],"version-history":[{"count":4,"href":"https:\/\/schroder-int.com\/wordpress\/wp-json\/wp\/v2\/pages\/513\/revisions"}],"predecessor-version":[{"id":1027,"href":"https:\/\/schroder-int.com\/wordpress\/wp-json\/wp\/v2\/pages\/513\/revisions\/1027"}],"wp:attachment":[{"href":"https:\/\/schroder-int.com\/wordpress\/wp-json\/wp\/v2\/media?parent=513"}],"curies":[{"name":"wp","href":"https:\/\/api.w.org\/{rel}","templated":true}]}}