{"id":494,"date":"2017-06-20T13:09:32","date_gmt":"2017-06-20T13:09:32","guid":{"rendered":"https:\/\/schroder-int.com\/wordpress\/?page_id=494"},"modified":"2025-10-06T11:21:46","modified_gmt":"2025-10-06T10:21:46","slug":"vaslatop","status":"publish","type":"page","link":"https:\/\/schroder-int.com\/wordpress\/vaslatop\/","title":{"rendered":"Vaslatop"},"content":{"rendered":"\n<style type=\"text\/css\" data-created_by=\"avia_inline_auto\" id=\"style-css-av-1e7uxy-bfbaeac153e9b9cec85cfb313af5a553\">\n.avia-section.av-1e7uxy-bfbaeac153e9b9cec85cfb313af5a553 .av-parallax .av-parallax-inner{\nbackground-repeat:no-repeat;\nbackground-image:url(https:\/\/schroder-int.com\/wordpress\/wp-content\/uploads\/2017\/06\/IMG_1305web-1200x900.jpg);\nbackground-position:50% 50%;\nbackground-attachment:scroll;\n}\n.avia-section.av-1e7uxy-bfbaeac153e9b9cec85cfb313af5a553 .av-section-color-overlay{\nopacity:0.7;\nbackground-color:#000000;\n}\n<\/style>\n<div id='av_section_1'  class='avia-section av-1e7uxy-bfbaeac153e9b9cec85cfb313af5a553 main_color avia-section-large avia-no-border-styling  avia-builder-el-0  avia-builder-el-no-sibling  avia-full-stretch av-parallax-section avia-bg-style-parallax av-section-color-overlay-active container_wrap sidebar_right'  data-section-bg-repeat='stretch'><div class='av-parallax' data-avia-parallax-ratio='0.3' ><div class='av-parallax-inner main_color avia-full-stretch'><\/div><\/div><div class=\"av-section-color-overlay-wrap\"><div class=\"av-section-color-overlay\"><\/div><div class='container av-section-cont-open' ><main  role=\"main\" itemprop=\"mainContentOfPage\"  class='template-page content  av-content-small alpha units'><div class='post-entry post-entry-type-page post-entry-494'><div class='entry-content-wrapper clearfix'>\n\n<style type=\"text\/css\" data-created_by=\"avia_inline_auto\" id=\"style-css-av-16ebwu-18f01cedc35bcd5f8b0bbf6f88b21f46\">\n#top .av_textblock_section.av-16ebwu-18f01cedc35bcd5f8b0bbf6f88b21f46 .avia_textblock{\ncolor:#ffffff;\n}\n<\/style>\n<section  class='av_textblock_section av-16ebwu-18f01cedc35bcd5f8b0bbf6f88b21f46 '   itemscope=\"itemscope\" itemtype=\"https:\/\/schema.org\/CreativeWork\" ><div class='avia_textblock av_inherit_color'  itemprop=\"text\" ><h1><\/h1>\n<h1><strong>Aceros al carbono para hidr\u00e1ulica: Vaslatop.<\/strong><\/h1>\n<h2>Calidad F-125 (42CrMo4)<\/h2>\n<h2><em>Barra de acero bonificada y cromada | Tolerancia ISO f &#8211; 7 | <\/em><\/h2>\n<h2><em>Espesor del cromo duro 20 micras<\/em><\/h2>\n<\/div><\/section>\n\n<style type=\"text\/css\" data-created_by=\"avia_inline_auto\" id=\"style-css-av-14x0xi-7091849d1a2e789bd3ff9c1359f568d0\">\n.flex_column.av-14x0xi-7091849d1a2e789bd3ff9c1359f568d0{\nborder-radius:0px 0px 0px 0px;\npadding:0px 0px 0px 0px;\n}\n<\/style>\n<div  class='flex_column av-14x0xi-7091849d1a2e789bd3ff9c1359f568d0 av_one_half  avia-builder-el-2  el_after_av_textblock  el_before_av_one_half  first flex_column_div av-zero-column-padding  column-top-margin'     ><style type=\"text\/css\" data-created_by=\"avia_inline_auto\" id=\"style-css-av-ups92-7a6f6aa819dc8a0ed166b00356a6ad7d\">\n#top .av_textblock_section.av-ups92-7a6f6aa819dc8a0ed166b00356a6ad7d .avia_textblock{\nfont-size:13px;\ncolor:#ffffff;\n}\n<\/style>\n<section  class='av_textblock_section av-ups92-7a6f6aa819dc8a0ed166b00356a6ad7d '   itemscope=\"itemscope\" itemtype=\"https:\/\/schema.org\/CreativeWork\" ><div class='avia_textblock av_inherit_color'  itemprop=\"text\" ><h3><strong>CARACTER\u00cdSTICAS T\u00c9CNICAS ACERO AL CARBONO PARA HIDR\u00c1ULICA VASLATOP:<\/strong><\/h3>\n<ul>\n<li>Dureza capa cromo: 850 HV m\u00edn.<\/li>\n<li>Espesor cromo duro: m\u00edn. 20 micras.<\/li>\n<li>Rugosidad superficial: 0,10 &#8211; 0,25 micras.<\/li>\n<li>Tolerancia: ISO f-7<\/li>\n<li>L\u00edmite el\u00e1stico: 635 &#8211; 765 N\/mm2 s\/\u00f8<\/li>\n<li>Carga de rotura: 880 &#8211; 1180 N\/mm2 s\/\u00f8<\/li>\n<li>Alargamiento: 10-14 %<\/li>\n<li>Resistencia corrosi\u00f3n: 40 h. (s\/norma ASTM B 287).<\/li>\n<li>Evaluaci\u00f3n m\u00edn: ISO 4540: rating 8.<\/li>\n<\/ul>\n<p><strong>COMPOSICI\u00d3N<\/strong><\/p>\n<ul>\n<li>C: 0,38 &#8211; 0,45<\/li>\n<li>Mn: 0,60 &#8211; 0,90<\/li>\n<li>Si: 0,15 &#8211; 0,40<\/li>\n<li>Cr: 0,90 &#8211; 1,20<\/li>\n<li>Mo: 0,15 &#8211; 0,25<\/li>\n<li>P y S: 0,035 m\u00e1x.<\/li>\n<\/ul>\n<\/div><\/section><br \/>\n<div  class='avia-button-wrap av-q5gcu-43fc68db4359fcf0069c11c6b8e069ed-wrap avia-button-left  avia-builder-el-4  el_after_av_textblock  avia-builder-el-last '><a href='https:\/\/schroder-int.com\/wordpress\/wp-content\/uploads\/2025\/10\/VASLATOP-1.jpg'  class='avia-button av-q5gcu-43fc68db4359fcf0069c11c6b8e069ed av-link-btn avia-icon_select-yes-left-icon avia-size-medium avia-position-left avia-color-theme-color'  target=\"_blank\"  rel=\"noopener noreferrer\"  aria-label=\"Descargar ficha t\u00e9cnica\"><span class='avia_button_icon avia_button_icon_left avia-iconfont avia-font-entypo-fontello' data-av_icon='\ue887' data-av_iconfont='entypo-fontello' ><\/span><span class='avia_iconbox_title' >Descargar ficha t\u00e9cnica<\/span><\/a><\/div><\/p><\/div>\n<style type=\"text\/css\" data-created_by=\"avia_inline_auto\" id=\"style-css-av-jh0hq-b2b1e21c3cff508c0976331872d0b005\">\n.flex_column.av-jh0hq-b2b1e21c3cff508c0976331872d0b005{\nborder-radius:0px 0px 0px 0px;\npadding:0px 0px 0px 0px;\n}\n<\/style>\n<div  class='flex_column av-jh0hq-b2b1e21c3cff508c0976331872d0b005 av_one_half  avia-builder-el-5  el_after_av_one_half  el_before_av_hr  flex_column_div av-zero-column-padding  column-top-margin'     ><style type=\"text\/css\" data-created_by=\"avia_inline_auto\" id=\"style-css-av-fzo5a-6708452db533c720e32f65c8cbf2b2ad\">\n.avia-image-container.av-fzo5a-6708452db533c720e32f65c8cbf2b2ad img.avia_image{\nbox-shadow:none;\n}\n.avia-image-container.av-fzo5a-6708452db533c720e32f65c8cbf2b2ad .av-image-caption-overlay-center{\ncolor:#ffffff;\n}\n<\/style>\n<div  class='avia-image-container av-fzo5a-6708452db533c720e32f65c8cbf2b2ad av-styling- avia-align-center  avia-builder-el-6  avia-builder-el-no-sibling '   itemprop=\"image\" itemscope=\"itemscope\" itemtype=\"https:\/\/schema.org\/ImageObject\" ><div class=\"avia-image-container-inner\"><div class=\"avia-image-overlay-wrap\"><img decoding=\"async\" fetchpriority=\"high\" class='wp-image-369 avia-img-lazy-loading-not-369 avia_image ' src=\"https:\/\/schroder-int.com\/wordpress\/wp-content\/uploads\/2017\/06\/vaslatop-web.jpg\" alt='' title='Vaslatop'  height=\"511\" width=\"343\"  itemprop=\"thumbnailUrl\" srcset=\"https:\/\/schroder-int.com\/wordpress\/wp-content\/uploads\/2017\/06\/vaslatop-web.jpg 343w, https:\/\/schroder-int.com\/wordpress\/wp-content\/uploads\/2017\/06\/vaslatop-web-201x300.jpg 201w\" sizes=\"(max-width: 343px) 100vw, 343px\" \/><\/div><\/div><\/div><\/div>\n<style type=\"text\/css\" data-created_by=\"avia_inline_auto\" id=\"style-css-av-86edi-c3205807fe577b0c2871d62f7d067855\">\n#top .hr.av-86edi-c3205807fe577b0c2871d62f7d067855{\nmargin-top:0px;\nmargin-bottom:0px;\n}\n.hr.av-86edi-c3205807fe577b0c2871d62f7d067855 .hr-inner{\nwidth:1200px;\nborder-color:#ffffff;\n}\n<\/style>\n<div  class='hr av-86edi-c3205807fe577b0c2871d62f7d067855 hr-custom  avia-builder-el-7  el_after_av_one_half  avia-builder-el-last  hr-center hr-icon-no'><span class='hr-inner inner-border-av-border-thin'><span class=\"hr-inner-style\"><\/span><\/span><\/div>\n<\/div><\/div><\/main><!-- close content main element --><\/div><\/div><\/div><div id='after_section_1'  class='main_color av_default_container_wrap container_wrap sidebar_right'  ><div class='container av-section-cont-open' ><div class='template-page content  av-content-small alpha units'><div class='post-entry post-entry-type-page post-entry-494'><div class='entry-content-wrapper clearfix'>\n","protected":false},"excerpt":{"rendered":"","protected":false},"author":2,"featured_media":0,"parent":0,"menu_order":0,"comment_status":"closed","ping_status":"closed","template":"","meta":{"footnotes":""},"class_list":["post-494","page","type-page","status-publish","hentry"],"yoast_head":"<!-- This site is optimized with the Yoast SEO plugin v26.9 - https:\/\/yoast.com\/product\/yoast-seo-wordpress\/ -->\n<title>Vaslatop - Grupo Schr\u00f6der<\/title>\n<meta name=\"robots\" content=\"index, follow, max-snippet:-1, max-image-preview:large, max-video-preview:-1\" \/>\n<link rel=\"canonical\" href=\"https:\/\/schroder-int.com\/wordpress\/vaslatop\/\" \/>\n<meta property=\"og:locale\" content=\"es_ES\" \/>\n<meta property=\"og:type\" content=\"article\" \/>\n<meta property=\"og:title\" content=\"Vaslatop - Grupo Schr\u00f6der\" \/>\n<meta property=\"og:url\" content=\"https:\/\/schroder-int.com\/wordpress\/vaslatop\/\" \/>\n<meta property=\"og:site_name\" content=\"Grupo Schr\u00f6der\" \/>\n<meta property=\"article:modified_time\" content=\"2025-10-06T10:21:46+00:00\" \/>\n<meta name=\"twitter:card\" content=\"summary_large_image\" \/>\n<meta name=\"twitter:label1\" content=\"Tiempo de lectura\" \/>\n\t<meta name=\"twitter:data1\" content=\"2 minutos\" \/>\n<script type=\"application\/ld+json\" class=\"yoast-schema-graph\">{\"@context\":\"https:\/\/schema.org\",\"@graph\":[{\"@type\":\"WebPage\",\"@id\":\"https:\/\/schroder-int.com\/wordpress\/vaslatop\/\",\"url\":\"https:\/\/schroder-int.com\/wordpress\/vaslatop\/\",\"name\":\"Vaslatop - Grupo Schr\u00f6der\",\"isPartOf\":{\"@id\":\"https:\/\/schroder-int.com\/wordpress\/#website\"},\"datePublished\":\"2017-06-20T13:09:32+00:00\",\"dateModified\":\"2025-10-06T10:21:46+00:00\",\"breadcrumb\":{\"@id\":\"https:\/\/schroder-int.com\/wordpress\/vaslatop\/#breadcrumb\"},\"inLanguage\":\"es\",\"potentialAction\":[{\"@type\":\"ReadAction\",\"target\":[\"https:\/\/schroder-int.com\/wordpress\/vaslatop\/\"]}]},{\"@type\":\"BreadcrumbList\",\"@id\":\"https:\/\/schroder-int.com\/wordpress\/vaslatop\/#breadcrumb\",\"itemListElement\":[{\"@type\":\"ListItem\",\"position\":1,\"name\":\"Portada\",\"item\":\"https:\/\/schroder-int.com\/wordpress\/\"},{\"@type\":\"ListItem\",\"position\":2,\"name\":\"Vaslatop\"}]},{\"@type\":\"WebSite\",\"@id\":\"https:\/\/schroder-int.com\/wordpress\/#website\",\"url\":\"https:\/\/schroder-int.com\/wordpress\/\",\"name\":\"Grupo Schr\u00f6der\",\"description\":\"Aceros Inoxidables, Aceros al carbono\",\"potentialAction\":[{\"@type\":\"SearchAction\",\"target\":{\"@type\":\"EntryPoint\",\"urlTemplate\":\"https:\/\/schroder-int.com\/wordpress\/?s={search_term_string}\"},\"query-input\":{\"@type\":\"PropertyValueSpecification\",\"valueRequired\":true,\"valueName\":\"search_term_string\"}}],\"inLanguage\":\"es\"}]}<\/script>\n<!-- \/ Yoast SEO plugin. -->","yoast_head_json":{"title":"Vaslatop - Grupo Schr\u00f6der","robots":{"index":"index","follow":"follow","max-snippet":"max-snippet:-1","max-image-preview":"max-image-preview:large","max-video-preview":"max-video-preview:-1"},"canonical":"https:\/\/schroder-int.com\/wordpress\/vaslatop\/","og_locale":"es_ES","og_type":"article","og_title":"Vaslatop - Grupo Schr\u00f6der","og_url":"https:\/\/schroder-int.com\/wordpress\/vaslatop\/","og_site_name":"Grupo Schr\u00f6der","article_modified_time":"2025-10-06T10:21:46+00:00","twitter_card":"summary_large_image","twitter_misc":{"Tiempo de lectura":"2 minutos"},"schema":{"@context":"https:\/\/schema.org","@graph":[{"@type":"WebPage","@id":"https:\/\/schroder-int.com\/wordpress\/vaslatop\/","url":"https:\/\/schroder-int.com\/wordpress\/vaslatop\/","name":"Vaslatop - Grupo Schr\u00f6der","isPartOf":{"@id":"https:\/\/schroder-int.com\/wordpress\/#website"},"datePublished":"2017-06-20T13:09:32+00:00","dateModified":"2025-10-06T10:21:46+00:00","breadcrumb":{"@id":"https:\/\/schroder-int.com\/wordpress\/vaslatop\/#breadcrumb"},"inLanguage":"es","potentialAction":[{"@type":"ReadAction","target":["https:\/\/schroder-int.com\/wordpress\/vaslatop\/"]}]},{"@type":"BreadcrumbList","@id":"https:\/\/schroder-int.com\/wordpress\/vaslatop\/#breadcrumb","itemListElement":[{"@type":"ListItem","position":1,"name":"Portada","item":"https:\/\/schroder-int.com\/wordpress\/"},{"@type":"ListItem","position":2,"name":"Vaslatop"}]},{"@type":"WebSite","@id":"https:\/\/schroder-int.com\/wordpress\/#website","url":"https:\/\/schroder-int.com\/wordpress\/","name":"Grupo Schr\u00f6der","description":"Aceros Inoxidables, Aceros al carbono","potentialAction":[{"@type":"SearchAction","target":{"@type":"EntryPoint","urlTemplate":"https:\/\/schroder-int.com\/wordpress\/?s={search_term_string}"},"query-input":{"@type":"PropertyValueSpecification","valueRequired":true,"valueName":"search_term_string"}}],"inLanguage":"es"}]}},"_links":{"self":[{"href":"https:\/\/schroder-int.com\/wordpress\/wp-json\/wp\/v2\/pages\/494","targetHints":{"allow":["GET"]}}],"collection":[{"href":"https:\/\/schroder-int.com\/wordpress\/wp-json\/wp\/v2\/pages"}],"about":[{"href":"https:\/\/schroder-int.com\/wordpress\/wp-json\/wp\/v2\/types\/page"}],"author":[{"embeddable":true,"href":"https:\/\/schroder-int.com\/wordpress\/wp-json\/wp\/v2\/users\/2"}],"replies":[{"embeddable":true,"href":"https:\/\/schroder-int.com\/wordpress\/wp-json\/wp\/v2\/comments?post=494"}],"version-history":[{"count":4,"href":"https:\/\/schroder-int.com\/wordpress\/wp-json\/wp\/v2\/pages\/494\/revisions"}],"predecessor-version":[{"id":1193,"href":"https:\/\/schroder-int.com\/wordpress\/wp-json\/wp\/v2\/pages\/494\/revisions\/1193"}],"wp:attachment":[{"href":"https:\/\/schroder-int.com\/wordpress\/wp-json\/wp\/v2\/media?parent=494"}],"curies":[{"name":"wp","href":"https:\/\/api.w.org\/{rel}","templated":true}]}}