{"id":492,"date":"2017-06-20T13:06:36","date_gmt":"2017-06-20T13:06:36","guid":{"rendered":"https:\/\/schroder-int.com\/wordpress\/?page_id=492"},"modified":"2025-10-06T11:20:46","modified_gmt":"2025-10-06T10:20:46","slug":"vasladur","status":"publish","type":"page","link":"https:\/\/schroder-int.com\/wordpress\/vasladur\/","title":{"rendered":"Vasladur"},"content":{"rendered":"\n<style type=\"text\/css\" data-created_by=\"avia_inline_auto\" id=\"style-css-av-1etxp0-8ccdc757efd279fb8ff06fec2ec1ba98\">\n.avia-section.av-1etxp0-8ccdc757efd279fb8ff06fec2ec1ba98 .av-parallax .av-parallax-inner{\nbackground-repeat:no-repeat;\nbackground-image:url(https:\/\/schroder-int.com\/wordpress\/wp-content\/uploads\/2017\/06\/IMG_1305web-1200x900.jpg);\nbackground-position:50% 50%;\nbackground-attachment:scroll;\n}\n.avia-section.av-1etxp0-8ccdc757efd279fb8ff06fec2ec1ba98 .av-section-color-overlay{\nopacity:0.7;\nbackground-color:#000000;\n}\n<\/style>\n<div id='av_section_1'  class='avia-section av-1etxp0-8ccdc757efd279fb8ff06fec2ec1ba98 main_color avia-section-large avia-no-border-styling  avia-builder-el-0  avia-builder-el-no-sibling  avia-full-stretch av-parallax-section avia-bg-style-parallax av-section-color-overlay-active container_wrap sidebar_right'  data-section-bg-repeat='stretch'><div class='av-parallax' data-avia-parallax-ratio='0.3' ><div class='av-parallax-inner main_color avia-full-stretch'><\/div><\/div><div class=\"av-section-color-overlay-wrap\"><div class=\"av-section-color-overlay\"><\/div><div class='container av-section-cont-open' ><main  role=\"main\" itemprop=\"mainContentOfPage\"  class='template-page content  av-content-small alpha units'><div class='post-entry post-entry-type-page post-entry-492'><div class='entry-content-wrapper clearfix'>\n\n<style type=\"text\/css\" data-created_by=\"avia_inline_auto\" id=\"style-css-av-18rz8s-c86ae80b93416fd1dcbebbeb1639ba9d\">\n#top .av_textblock_section.av-18rz8s-c86ae80b93416fd1dcbebbeb1639ba9d .avia_textblock{\ncolor:#ffffff;\n}\n<\/style>\n<section  class='av_textblock_section av-18rz8s-c86ae80b93416fd1dcbebbeb1639ba9d '   itemscope=\"itemscope\" itemtype=\"https:\/\/schema.org\/CreativeWork\" ><div class='avia_textblock av_inherit_color'  itemprop=\"text\" ><h1><\/h1>\n<h1><strong>Aceros al carbono para hidr\u00e1ulica: Vasladur.<\/strong><\/h1>\n<h2>Calidad F-115<\/h2>\n<h2><em>Barra de acero cromada y templada por inducci\u00f3n | Mecanizable<\/em><\/h2>\n<\/div><\/section>\n\n<style type=\"text\/css\" data-created_by=\"avia_inline_auto\" id=\"style-css-av-15n5ik-c3001256f9d1669ef6355d485a773730\">\n.flex_column.av-15n5ik-c3001256f9d1669ef6355d485a773730{\nborder-radius:0px 0px 0px 0px;\npadding:0px 0px 0px 0px;\n}\n<\/style>\n<div  class='flex_column av-15n5ik-c3001256f9d1669ef6355d485a773730 av_one_half  avia-builder-el-2  el_after_av_textblock  el_before_av_one_half  first flex_column_div av-zero-column-padding  column-top-margin'     ><style type=\"text\/css\" data-created_by=\"avia_inline_auto\" id=\"style-css-av-v1rks-09b512c913f06b4c8a2bea347adc7d42\">\n#top .av_textblock_section.av-v1rks-09b512c913f06b4c8a2bea347adc7d42 .avia_textblock{\nfont-size:13px;\ncolor:#ffffff;\n}\n<\/style>\n<section  class='av_textblock_section av-v1rks-09b512c913f06b4c8a2bea347adc7d42 '   itemscope=\"itemscope\" itemtype=\"https:\/\/schema.org\/CreativeWork\" ><div class='avia_textblock av_inherit_color'  itemprop=\"text\" ><h3><strong>CARACTER\u00cdSTICAS T\u00c9CNICAS ACERO AL CARBONO PARA HIDR\u00c1ULICA VASLADUR:<\/strong><\/h3>\n<ul>\n<li>Calidad: F-115 (C &#8211; 50)<\/li>\n<li>Tolerancia: ISO f-7<\/li>\n<li>Espesor capa de cromo duro: \u2248 20 micras<\/li>\n<li>Dureza capa templada: 60 &#8211; 62 HRC<\/li>\n<li>Rugosidad (Ra): 0,25 micras<\/li>\n<\/ul>\n<p>Su alto grado de dureza y la superficie rectificada la hacen especialmente recomendada para los montajes que requieran una gran resistencia al desgaste y la fricci\u00f3n superficial.Indicada en la fabricaci\u00f3n de ejes de rodamientos, gu\u00edas y columnas.<\/p>\n<\/div><\/section><br \/>\n<div  class='avia-button-wrap av-ryxlw-ef614fa7063853e55902b63cedaa308b-wrap avia-button-left  avia-builder-el-4  el_after_av_textblock  avia-builder-el-last '><a href='https:\/\/schroder-int.com\/wordpress\/wp-content\/uploads\/2025\/10\/VASLADUR-1.jpg'  class='avia-button av-ryxlw-ef614fa7063853e55902b63cedaa308b av-link-btn avia-icon_select-yes-left-icon avia-size-medium avia-position-left avia-color-theme-color'  target=\"_blank\"  rel=\"noopener noreferrer\"  aria-label=\"Descargar ficha t\u00e9cnica\"><span class='avia_button_icon avia_button_icon_left avia-iconfont avia-font-entypo-fontello' data-av_icon='\ue887' data-av_iconfont='entypo-fontello' ><\/span><span class='avia_iconbox_title' >Descargar ficha t\u00e9cnica<\/span><\/a><\/div><\/p><\/div>\n<style type=\"text\/css\" data-created_by=\"avia_inline_auto\" id=\"style-css-av-24lbo-ff4b46310903229997372f39f19b4980\">\n.flex_column.av-24lbo-ff4b46310903229997372f39f19b4980{\nborder-radius:0px 0px 0px 0px;\npadding:0px 0px 0px 0px;\n}\n<\/style>\n<div  class='flex_column av-24lbo-ff4b46310903229997372f39f19b4980 av_one_half  avia-builder-el-5  el_after_av_one_half  el_before_av_hr  flex_column_div av-zero-column-padding  column-top-margin'     ><style type=\"text\/css\" data-created_by=\"avia_inline_auto\" id=\"style-css-av-e1pmk-c7c960ff071f250ecb80d2e99e370d5a\">\n.avia-image-container.av-e1pmk-c7c960ff071f250ecb80d2e99e370d5a img.avia_image{\nbox-shadow:none;\n}\n.avia-image-container.av-e1pmk-c7c960ff071f250ecb80d2e99e370d5a .av-image-caption-overlay-center{\ncolor:#ffffff;\n}\n<\/style>\n<div  class='avia-image-container av-e1pmk-c7c960ff071f250ecb80d2e99e370d5a av-styling- avia-align-center  avia-builder-el-6  avia-builder-el-no-sibling '   itemprop=\"image\" itemscope=\"itemscope\" itemtype=\"https:\/\/schema.org\/ImageObject\" ><div class=\"avia-image-container-inner\"><div class=\"avia-image-overlay-wrap\"><img decoding=\"async\" fetchpriority=\"high\" class='wp-image-443 avia-img-lazy-loading-not-443 avia_image ' src=\"https:\/\/schroder-int.com\/wordpress\/wp-content\/uploads\/2017\/06\/vasladur94.jpg\" alt='' title='vasladur94'  height=\"491\" width=\"484\"  itemprop=\"thumbnailUrl\" srcset=\"https:\/\/schroder-int.com\/wordpress\/wp-content\/uploads\/2017\/06\/vasladur94.jpg 484w, https:\/\/schroder-int.com\/wordpress\/wp-content\/uploads\/2017\/06\/vasladur94-80x80.jpg 80w, https:\/\/schroder-int.com\/wordpress\/wp-content\/uploads\/2017\/06\/vasladur94-296x300.jpg 296w, https:\/\/schroder-int.com\/wordpress\/wp-content\/uploads\/2017\/06\/vasladur94-36x36.jpg 36w, https:\/\/schroder-int.com\/wordpress\/wp-content\/uploads\/2017\/06\/vasladur94-450x457.jpg 450w\" sizes=\"(max-width: 484px) 100vw, 484px\" \/><\/div><\/div><\/div><\/div>\n<style type=\"text\/css\" data-created_by=\"avia_inline_auto\" id=\"style-css-av-as658-fe9e7c0978f8b3f91f5e28f347a037d9\">\n#top .hr.av-as658-fe9e7c0978f8b3f91f5e28f347a037d9{\nmargin-top:0px;\nmargin-bottom:0px;\n}\n.hr.av-as658-fe9e7c0978f8b3f91f5e28f347a037d9 .hr-inner{\nwidth:1200px;\nborder-color:#ffffff;\n}\n<\/style>\n<div  class='hr av-as658-fe9e7c0978f8b3f91f5e28f347a037d9 hr-custom  avia-builder-el-7  el_after_av_one_half  avia-builder-el-last  hr-center hr-icon-no'><span class='hr-inner inner-border-av-border-thin'><span class=\"hr-inner-style\"><\/span><\/span><\/div>\n<\/div><\/div><\/main><!-- close content main element --><\/div><\/div><\/div><div id='after_section_1'  class='main_color av_default_container_wrap container_wrap sidebar_right'  ><div class='container av-section-cont-open' ><div class='template-page content  av-content-small alpha units'><div class='post-entry post-entry-type-page post-entry-492'><div class='entry-content-wrapper clearfix'>\n","protected":false},"excerpt":{"rendered":"","protected":false},"author":2,"featured_media":0,"parent":0,"menu_order":0,"comment_status":"closed","ping_status":"closed","template":"","meta":{"footnotes":""},"class_list":["post-492","page","type-page","status-publish","hentry"],"yoast_head":"<!-- This site is optimized with the Yoast SEO plugin v26.9 - https:\/\/yoast.com\/product\/yoast-seo-wordpress\/ -->\n<title>Vasladur - Grupo Schr\u00f6der<\/title>\n<meta name=\"robots\" content=\"index, follow, max-snippet:-1, max-image-preview:large, max-video-preview:-1\" \/>\n<link rel=\"canonical\" href=\"https:\/\/schroder-int.com\/wordpress\/vasladur\/\" \/>\n<meta property=\"og:locale\" content=\"es_ES\" \/>\n<meta property=\"og:type\" content=\"article\" \/>\n<meta property=\"og:title\" content=\"Vasladur - Grupo Schr\u00f6der\" \/>\n<meta property=\"og:url\" content=\"https:\/\/schroder-int.com\/wordpress\/vasladur\/\" \/>\n<meta property=\"og:site_name\" content=\"Grupo Schr\u00f6der\" \/>\n<meta property=\"article:modified_time\" content=\"2025-10-06T10:20:46+00:00\" \/>\n<meta name=\"twitter:card\" content=\"summary_large_image\" \/>\n<meta name=\"twitter:label1\" content=\"Tiempo de lectura\" \/>\n\t<meta name=\"twitter:data1\" content=\"2 minutos\" \/>\n<script type=\"application\/ld+json\" class=\"yoast-schema-graph\">{\"@context\":\"https:\/\/schema.org\",\"@graph\":[{\"@type\":\"WebPage\",\"@id\":\"https:\/\/schroder-int.com\/wordpress\/vasladur\/\",\"url\":\"https:\/\/schroder-int.com\/wordpress\/vasladur\/\",\"name\":\"Vasladur - Grupo Schr\u00f6der\",\"isPartOf\":{\"@id\":\"https:\/\/schroder-int.com\/wordpress\/#website\"},\"datePublished\":\"2017-06-20T13:06:36+00:00\",\"dateModified\":\"2025-10-06T10:20:46+00:00\",\"breadcrumb\":{\"@id\":\"https:\/\/schroder-int.com\/wordpress\/vasladur\/#breadcrumb\"},\"inLanguage\":\"es\",\"potentialAction\":[{\"@type\":\"ReadAction\",\"target\":[\"https:\/\/schroder-int.com\/wordpress\/vasladur\/\"]}]},{\"@type\":\"BreadcrumbList\",\"@id\":\"https:\/\/schroder-int.com\/wordpress\/vasladur\/#breadcrumb\",\"itemListElement\":[{\"@type\":\"ListItem\",\"position\":1,\"name\":\"Portada\",\"item\":\"https:\/\/schroder-int.com\/wordpress\/\"},{\"@type\":\"ListItem\",\"position\":2,\"name\":\"Vasladur\"}]},{\"@type\":\"WebSite\",\"@id\":\"https:\/\/schroder-int.com\/wordpress\/#website\",\"url\":\"https:\/\/schroder-int.com\/wordpress\/\",\"name\":\"Grupo Schr\u00f6der\",\"description\":\"Aceros Inoxidables, Aceros al carbono\",\"potentialAction\":[{\"@type\":\"SearchAction\",\"target\":{\"@type\":\"EntryPoint\",\"urlTemplate\":\"https:\/\/schroder-int.com\/wordpress\/?s={search_term_string}\"},\"query-input\":{\"@type\":\"PropertyValueSpecification\",\"valueRequired\":true,\"valueName\":\"search_term_string\"}}],\"inLanguage\":\"es\"}]}<\/script>\n<!-- \/ Yoast SEO plugin. -->","yoast_head_json":{"title":"Vasladur - Grupo Schr\u00f6der","robots":{"index":"index","follow":"follow","max-snippet":"max-snippet:-1","max-image-preview":"max-image-preview:large","max-video-preview":"max-video-preview:-1"},"canonical":"https:\/\/schroder-int.com\/wordpress\/vasladur\/","og_locale":"es_ES","og_type":"article","og_title":"Vasladur - Grupo Schr\u00f6der","og_url":"https:\/\/schroder-int.com\/wordpress\/vasladur\/","og_site_name":"Grupo Schr\u00f6der","article_modified_time":"2025-10-06T10:20:46+00:00","twitter_card":"summary_large_image","twitter_misc":{"Tiempo de lectura":"2 minutos"},"schema":{"@context":"https:\/\/schema.org","@graph":[{"@type":"WebPage","@id":"https:\/\/schroder-int.com\/wordpress\/vasladur\/","url":"https:\/\/schroder-int.com\/wordpress\/vasladur\/","name":"Vasladur - Grupo Schr\u00f6der","isPartOf":{"@id":"https:\/\/schroder-int.com\/wordpress\/#website"},"datePublished":"2017-06-20T13:06:36+00:00","dateModified":"2025-10-06T10:20:46+00:00","breadcrumb":{"@id":"https:\/\/schroder-int.com\/wordpress\/vasladur\/#breadcrumb"},"inLanguage":"es","potentialAction":[{"@type":"ReadAction","target":["https:\/\/schroder-int.com\/wordpress\/vasladur\/"]}]},{"@type":"BreadcrumbList","@id":"https:\/\/schroder-int.com\/wordpress\/vasladur\/#breadcrumb","itemListElement":[{"@type":"ListItem","position":1,"name":"Portada","item":"https:\/\/schroder-int.com\/wordpress\/"},{"@type":"ListItem","position":2,"name":"Vasladur"}]},{"@type":"WebSite","@id":"https:\/\/schroder-int.com\/wordpress\/#website","url":"https:\/\/schroder-int.com\/wordpress\/","name":"Grupo Schr\u00f6der","description":"Aceros Inoxidables, Aceros al carbono","potentialAction":[{"@type":"SearchAction","target":{"@type":"EntryPoint","urlTemplate":"https:\/\/schroder-int.com\/wordpress\/?s={search_term_string}"},"query-input":{"@type":"PropertyValueSpecification","valueRequired":true,"valueName":"search_term_string"}}],"inLanguage":"es"}]}},"_links":{"self":[{"href":"https:\/\/schroder-int.com\/wordpress\/wp-json\/wp\/v2\/pages\/492","targetHints":{"allow":["GET"]}}],"collection":[{"href":"https:\/\/schroder-int.com\/wordpress\/wp-json\/wp\/v2\/pages"}],"about":[{"href":"https:\/\/schroder-int.com\/wordpress\/wp-json\/wp\/v2\/types\/page"}],"author":[{"embeddable":true,"href":"https:\/\/schroder-int.com\/wordpress\/wp-json\/wp\/v2\/users\/2"}],"replies":[{"embeddable":true,"href":"https:\/\/schroder-int.com\/wordpress\/wp-json\/wp\/v2\/comments?post=492"}],"version-history":[{"count":5,"href":"https:\/\/schroder-int.com\/wordpress\/wp-json\/wp\/v2\/pages\/492\/revisions"}],"predecessor-version":[{"id":1191,"href":"https:\/\/schroder-int.com\/wordpress\/wp-json\/wp\/v2\/pages\/492\/revisions\/1191"}],"wp:attachment":[{"href":"https:\/\/schroder-int.com\/wordpress\/wp-json\/wp\/v2\/media?parent=492"}],"curies":[{"name":"wp","href":"https:\/\/api.w.org\/{rel}","templated":true}]}}