{"id":454,"date":"2017-06-20T10:00:36","date_gmt":"2017-06-20T10:00:36","guid":{"rendered":"https:\/\/schroder-int.com\/wordpress\/?page_id=454"},"modified":"2025-10-01T15:29:19","modified_gmt":"2025-10-01T14:29:19","slug":"eurobarra","status":"publish","type":"page","link":"https:\/\/schroder-int.com\/wordpress\/eurobarra\/","title":{"rendered":"Eurobarra"},"content":{"rendered":"\n<style type=\"text\/css\" data-created_by=\"avia_inline_auto\" id=\"style-css-av-1clyt2-330ad42e8c8ee01d8931677e7f93a74b\">\n.avia-section.av-1clyt2-330ad42e8c8ee01d8931677e7f93a74b .av-parallax .av-parallax-inner{\nbackground-repeat:no-repeat;\nbackground-image:url(https:\/\/schroder-int.com\/wordpress\/wp-content\/uploads\/2017\/06\/IMG_1305web-1200x900.jpg);\nbackground-position:50% 50%;\nbackground-attachment:scroll;\n}\n.avia-section.av-1clyt2-330ad42e8c8ee01d8931677e7f93a74b .av-section-color-overlay{\nopacity:0.7;\nbackground-color:#000000;\n}\n<\/style>\n<div id='av_section_1'  class='avia-section av-1clyt2-330ad42e8c8ee01d8931677e7f93a74b main_color avia-section-large avia-no-border-styling  avia-builder-el-0  avia-builder-el-no-sibling  avia-full-stretch av-parallax-section avia-bg-style-parallax av-section-color-overlay-active container_wrap sidebar_right'  data-section-bg-repeat='stretch'><div class='av-parallax' data-avia-parallax-ratio='0.3' ><div class='av-parallax-inner main_color avia-full-stretch'><\/div><\/div><div class=\"av-section-color-overlay-wrap\"><div class=\"av-section-color-overlay\"><\/div><div class='container av-section-cont-open' ><main  role=\"main\" itemprop=\"mainContentOfPage\"  class='template-page content  av-content-small alpha units'><div class='post-entry post-entry-type-page post-entry-454'><div class='entry-content-wrapper clearfix'>\n\n<style type=\"text\/css\" data-created_by=\"avia_inline_auto\" id=\"style-css-av-1bjjbi-2ab4b9752095c83a4f7e8794417dd7e2\">\n#top .av_textblock_section.av-1bjjbi-2ab4b9752095c83a4f7e8794417dd7e2 .avia_textblock{\ncolor:#ffffff;\n}\n<\/style>\n<section  class='av_textblock_section av-1bjjbi-2ab4b9752095c83a4f7e8794417dd7e2 '   itemscope=\"itemscope\" itemtype=\"https:\/\/schema.org\/CreativeWork\" ><div class='avia_textblock av_inherit_color'  itemprop=\"text\" ><h1><\/h1>\n<h1><strong>Aceros al carbono para mec\u00e1nica: Eurobarra.<\/strong><\/h1>\n<h2>Calidad F-114<\/h2>\n<h2><em>Barra maciza rectificada h-8 | Calidad F-114 | Tolerancia ISO h-8<\/em><\/h2>\n<\/div><\/section>\n\n<style type=\"text\/css\" data-created_by=\"avia_inline_auto\" id=\"style-css-av-11huhi-2b8ee9970218da8ae3a68d31c4df34d8\">\n.flex_column.av-11huhi-2b8ee9970218da8ae3a68d31c4df34d8{\nborder-radius:0px 0px 0px 0px;\npadding:0px 0px 0px 0px;\n}\n<\/style>\n<div  class='flex_column av-11huhi-2b8ee9970218da8ae3a68d31c4df34d8 av_one_half  avia-builder-el-2  el_after_av_textblock  el_before_av_one_half  first flex_column_div av-zero-column-padding  column-top-margin'     ><style type=\"text\/css\" data-created_by=\"avia_inline_auto\" id=\"style-css-av-wrlmm-063f5a6ef2af753fe98b38880ef13d80\">\n#top .av_textblock_section.av-wrlmm-063f5a6ef2af753fe98b38880ef13d80 .avia_textblock{\nfont-size:13px;\ncolor:#ffffff;\n}\n<\/style>\n<section  class='av_textblock_section av-wrlmm-063f5a6ef2af753fe98b38880ef13d80 '   itemscope=\"itemscope\" itemtype=\"https:\/\/schema.org\/CreativeWork\" ><div class='avia_textblock av_inherit_color'  itemprop=\"text\" ><h3><strong>CARACTER\u00cdSTICAS MEC\u00c1NICAS ACERO AL CARBONO EUROBARRA:<\/strong><\/h3>\n<p>Especialmente indicada para la fabricaci\u00f3n de ejes, gu\u00edas, pernos, bulones, rodillos y aplicaciones mec\u00e1nicas en general.<\/p>\n<h3><strong>Largos comerciales de 5 a 6 metros.<br \/>\n<\/strong><\/h3>\n<\/div><\/section><br \/>\n<div  class='avia-button-wrap av-qqs2m-7a868cd779829911e5235f0ceca46e26-wrap avia-button-left  avia-builder-el-4  el_after_av_textblock  avia-builder-el-last '><a href='https:\/\/schroder-int.com\/wordpress\/wp-content\/uploads\/2025\/10\/EUROBARRA-2.jpg'  class='avia-button av-qqs2m-7a868cd779829911e5235f0ceca46e26 av-link-btn avia-icon_select-yes-left-icon avia-size-medium avia-position-left avia-color-theme-color'  target=\"_blank\"  rel=\"noopener noreferrer\"  aria-label=\"Descargar ficha t\u00e9cnica\"><span class='avia_button_icon avia_button_icon_left avia-iconfont avia-font-entypo-fontello' data-av_icon='\ue887' data-av_iconfont='entypo-fontello' ><\/span><span class='avia_iconbox_title' >Descargar ficha t\u00e9cnica<\/span><\/a><\/div><\/p><\/div>\n<style type=\"text\/css\" data-created_by=\"avia_inline_auto\" id=\"style-css-av-j8qme-914b0c23af84acaa8315bafea9bb9b98\">\n.flex_column.av-j8qme-914b0c23af84acaa8315bafea9bb9b98{\nborder-radius:0px 0px 0px 0px;\npadding:0px 0px 0px 0px;\n}\n<\/style>\n<div  class='flex_column av-j8qme-914b0c23af84acaa8315bafea9bb9b98 av_one_half  avia-builder-el-5  el_after_av_one_half  el_before_av_hr  flex_column_div av-zero-column-padding  column-top-margin'     ><style type=\"text\/css\" data-created_by=\"avia_inline_auto\" id=\"style-css-av-cmdlq-b409d347010e3d13c5ef7f4fb34dee3d\">\n.avia-image-container.av-cmdlq-b409d347010e3d13c5ef7f4fb34dee3d img.avia_image{\nbox-shadow:none;\n}\n.avia-image-container.av-cmdlq-b409d347010e3d13c5ef7f4fb34dee3d .av-image-caption-overlay-center{\ncolor:#ffffff;\n}\n<\/style>\n<div  class='avia-image-container av-cmdlq-b409d347010e3d13c5ef7f4fb34dee3d av-styling- avia-align-center  avia-builder-el-6  avia-builder-el-no-sibling '   itemprop=\"image\" itemscope=\"itemscope\" itemtype=\"https:\/\/schema.org\/ImageObject\" ><div class=\"avia-image-container-inner\"><div class=\"avia-image-overlay-wrap\"><img decoding=\"async\" fetchpriority=\"high\" class='wp-image-426 avia-img-lazy-loading-not-426 avia_image ' src=\"https:\/\/schroder-int.com\/wordpress\/wp-content\/uploads\/2017\/06\/eurobarra52.jpg\" alt='' title='eurobarra52'  height=\"491\" width=\"484\"  itemprop=\"thumbnailUrl\" srcset=\"https:\/\/schroder-int.com\/wordpress\/wp-content\/uploads\/2017\/06\/eurobarra52.jpg 484w, https:\/\/schroder-int.com\/wordpress\/wp-content\/uploads\/2017\/06\/eurobarra52-80x80.jpg 80w, https:\/\/schroder-int.com\/wordpress\/wp-content\/uploads\/2017\/06\/eurobarra52-296x300.jpg 296w, https:\/\/schroder-int.com\/wordpress\/wp-content\/uploads\/2017\/06\/eurobarra52-36x36.jpg 36w, https:\/\/schroder-int.com\/wordpress\/wp-content\/uploads\/2017\/06\/eurobarra52-450x457.jpg 450w\" sizes=\"(max-width: 484px) 100vw, 484px\" \/><\/div><\/div><\/div><\/div>\n<style type=\"text\/css\" data-created_by=\"avia_inline_auto\" id=\"style-css-av-841gu-cb7e30044312206e85176359b57d84e4\">\n#top .hr.av-841gu-cb7e30044312206e85176359b57d84e4{\nmargin-top:0px;\nmargin-bottom:0px;\n}\n.hr.av-841gu-cb7e30044312206e85176359b57d84e4 .hr-inner{\nwidth:1200px;\nborder-color:#ffffff;\n}\n<\/style>\n<div  class='hr av-841gu-cb7e30044312206e85176359b57d84e4 hr-custom  avia-builder-el-7  el_after_av_one_half  avia-builder-el-last  hr-center hr-icon-no'><span class='hr-inner inner-border-av-border-thin'><span class=\"hr-inner-style\"><\/span><\/span><\/div>\n<\/div><\/div><\/main><!-- close content main element --><\/div><\/div><\/div><div id='after_section_1'  class='main_color av_default_container_wrap container_wrap sidebar_right'  ><div class='container av-section-cont-open' ><div class='template-page content  av-content-small alpha units'><div class='post-entry post-entry-type-page post-entry-454'><div class='entry-content-wrapper clearfix'>\n","protected":false},"excerpt":{"rendered":"","protected":false},"author":2,"featured_media":0,"parent":0,"menu_order":0,"comment_status":"closed","ping_status":"closed","template":"","meta":{"footnotes":""},"class_list":["post-454","page","type-page","status-publish","hentry"],"yoast_head":"<!-- This site is optimized with the Yoast SEO plugin v26.9 - https:\/\/yoast.com\/product\/yoast-seo-wordpress\/ -->\n<title>Aceros al carbono para mec\u00e1nica: Eurobarra<\/title>\n<meta name=\"description\" content=\"Eurobarra es una barra maciza rectificada h-8 con calidad F-114 y tolerancia ISO h-8. Especialmente indicada para la fabricaci\u00f3n de ejes, pernos, bulones..\" \/>\n<meta name=\"robots\" content=\"index, follow, max-snippet:-1, max-image-preview:large, max-video-preview:-1\" \/>\n<link rel=\"canonical\" href=\"https:\/\/schroder-int.com\/wordpress\/eurobarra\/\" \/>\n<meta property=\"og:locale\" content=\"es_ES\" \/>\n<meta property=\"og:type\" content=\"article\" \/>\n<meta property=\"og:title\" content=\"Aceros al carbono para mec\u00e1nica: Eurobarra\" \/>\n<meta property=\"og:description\" content=\"Eurobarra es una barra maciza rectificada h-8 con calidad F-114 y tolerancia ISO h-8. Especialmente indicada para la fabricaci\u00f3n de ejes, pernos, bulones..\" \/>\n<meta property=\"og:url\" content=\"https:\/\/schroder-int.com\/wordpress\/eurobarra\/\" \/>\n<meta property=\"og:site_name\" content=\"Grupo Schr\u00f6der\" \/>\n<meta property=\"article:modified_time\" content=\"2025-10-01T14:29:19+00:00\" \/>\n<meta name=\"twitter:card\" content=\"summary_large_image\" \/>\n<meta name=\"twitter:label1\" content=\"Tiempo de lectura\" \/>\n\t<meta name=\"twitter:data1\" content=\"1 minuto\" \/>\n<script type=\"application\/ld+json\" class=\"yoast-schema-graph\">{\"@context\":\"https:\/\/schema.org\",\"@graph\":[{\"@type\":\"WebPage\",\"@id\":\"https:\/\/schroder-int.com\/wordpress\/eurobarra\/\",\"url\":\"https:\/\/schroder-int.com\/wordpress\/eurobarra\/\",\"name\":\"Aceros al carbono para mec\u00e1nica: Eurobarra\",\"isPartOf\":{\"@id\":\"https:\/\/schroder-int.com\/wordpress\/#website\"},\"datePublished\":\"2017-06-20T10:00:36+00:00\",\"dateModified\":\"2025-10-01T14:29:19+00:00\",\"description\":\"Eurobarra es una barra maciza rectificada h-8 con calidad F-114 y tolerancia ISO h-8. Especialmente indicada para la fabricaci\u00f3n de ejes, pernos, bulones..\",\"breadcrumb\":{\"@id\":\"https:\/\/schroder-int.com\/wordpress\/eurobarra\/#breadcrumb\"},\"inLanguage\":\"es\",\"potentialAction\":[{\"@type\":\"ReadAction\",\"target\":[\"https:\/\/schroder-int.com\/wordpress\/eurobarra\/\"]}]},{\"@type\":\"BreadcrumbList\",\"@id\":\"https:\/\/schroder-int.com\/wordpress\/eurobarra\/#breadcrumb\",\"itemListElement\":[{\"@type\":\"ListItem\",\"position\":1,\"name\":\"Portada\",\"item\":\"https:\/\/schroder-int.com\/wordpress\/\"},{\"@type\":\"ListItem\",\"position\":2,\"name\":\"Eurobarra\"}]},{\"@type\":\"WebSite\",\"@id\":\"https:\/\/schroder-int.com\/wordpress\/#website\",\"url\":\"https:\/\/schroder-int.com\/wordpress\/\",\"name\":\"Grupo Schr\u00f6der\",\"description\":\"Aceros Inoxidables, Aceros al carbono\",\"potentialAction\":[{\"@type\":\"SearchAction\",\"target\":{\"@type\":\"EntryPoint\",\"urlTemplate\":\"https:\/\/schroder-int.com\/wordpress\/?s={search_term_string}\"},\"query-input\":{\"@type\":\"PropertyValueSpecification\",\"valueRequired\":true,\"valueName\":\"search_term_string\"}}],\"inLanguage\":\"es\"}]}<\/script>\n<!-- \/ Yoast SEO plugin. -->","yoast_head_json":{"title":"Aceros al carbono para mec\u00e1nica: Eurobarra","description":"Eurobarra es una barra maciza rectificada h-8 con calidad F-114 y tolerancia ISO h-8. Especialmente indicada para la fabricaci\u00f3n de ejes, pernos, bulones..","robots":{"index":"index","follow":"follow","max-snippet":"max-snippet:-1","max-image-preview":"max-image-preview:large","max-video-preview":"max-video-preview:-1"},"canonical":"https:\/\/schroder-int.com\/wordpress\/eurobarra\/","og_locale":"es_ES","og_type":"article","og_title":"Aceros al carbono para mec\u00e1nica: Eurobarra","og_description":"Eurobarra es una barra maciza rectificada h-8 con calidad F-114 y tolerancia ISO h-8. Especialmente indicada para la fabricaci\u00f3n de ejes, pernos, bulones..","og_url":"https:\/\/schroder-int.com\/wordpress\/eurobarra\/","og_site_name":"Grupo Schr\u00f6der","article_modified_time":"2025-10-01T14:29:19+00:00","twitter_card":"summary_large_image","twitter_misc":{"Tiempo de lectura":"1 minuto"},"schema":{"@context":"https:\/\/schema.org","@graph":[{"@type":"WebPage","@id":"https:\/\/schroder-int.com\/wordpress\/eurobarra\/","url":"https:\/\/schroder-int.com\/wordpress\/eurobarra\/","name":"Aceros al carbono para mec\u00e1nica: Eurobarra","isPartOf":{"@id":"https:\/\/schroder-int.com\/wordpress\/#website"},"datePublished":"2017-06-20T10:00:36+00:00","dateModified":"2025-10-01T14:29:19+00:00","description":"Eurobarra es una barra maciza rectificada h-8 con calidad F-114 y tolerancia ISO h-8. Especialmente indicada para la fabricaci\u00f3n de ejes, pernos, bulones..","breadcrumb":{"@id":"https:\/\/schroder-int.com\/wordpress\/eurobarra\/#breadcrumb"},"inLanguage":"es","potentialAction":[{"@type":"ReadAction","target":["https:\/\/schroder-int.com\/wordpress\/eurobarra\/"]}]},{"@type":"BreadcrumbList","@id":"https:\/\/schroder-int.com\/wordpress\/eurobarra\/#breadcrumb","itemListElement":[{"@type":"ListItem","position":1,"name":"Portada","item":"https:\/\/schroder-int.com\/wordpress\/"},{"@type":"ListItem","position":2,"name":"Eurobarra"}]},{"@type":"WebSite","@id":"https:\/\/schroder-int.com\/wordpress\/#website","url":"https:\/\/schroder-int.com\/wordpress\/","name":"Grupo Schr\u00f6der","description":"Aceros Inoxidables, Aceros al carbono","potentialAction":[{"@type":"SearchAction","target":{"@type":"EntryPoint","urlTemplate":"https:\/\/schroder-int.com\/wordpress\/?s={search_term_string}"},"query-input":{"@type":"PropertyValueSpecification","valueRequired":true,"valueName":"search_term_string"}}],"inLanguage":"es"}]}},"_links":{"self":[{"href":"https:\/\/schroder-int.com\/wordpress\/wp-json\/wp\/v2\/pages\/454","targetHints":{"allow":["GET"]}}],"collection":[{"href":"https:\/\/schroder-int.com\/wordpress\/wp-json\/wp\/v2\/pages"}],"about":[{"href":"https:\/\/schroder-int.com\/wordpress\/wp-json\/wp\/v2\/types\/page"}],"author":[{"embeddable":true,"href":"https:\/\/schroder-int.com\/wordpress\/wp-json\/wp\/v2\/users\/2"}],"replies":[{"embeddable":true,"href":"https:\/\/schroder-int.com\/wordpress\/wp-json\/wp\/v2\/comments?post=454"}],"version-history":[{"count":4,"href":"https:\/\/schroder-int.com\/wordpress\/wp-json\/wp\/v2\/pages\/454\/revisions"}],"predecessor-version":[{"id":1171,"href":"https:\/\/schroder-int.com\/wordpress\/wp-json\/wp\/v2\/pages\/454\/revisions\/1171"}],"wp:attachment":[{"href":"https:\/\/schroder-int.com\/wordpress\/wp-json\/wp\/v2\/media?parent=454"}],"curies":[{"name":"wp","href":"https:\/\/api.w.org\/{rel}","templated":true}]}}