{"id":452,"date":"2017-06-20T09:58:18","date_gmt":"2017-06-20T09:58:18","guid":{"rendered":"https:\/\/schroder-int.com\/wordpress\/?page_id=452"},"modified":"2025-10-01T15:25:07","modified_gmt":"2025-10-01T14:25:07","slug":"precitubo-2","status":"publish","type":"page","link":"https:\/\/schroder-int.com\/wordpress\/precitubo-2\/","title":{"rendered":"Precitubo"},"content":{"rendered":"\n<style type=\"text\/css\" data-created_by=\"avia_inline_auto\" id=\"style-css-av-1cvz58-8f30c255e49e3b8d3810be2749acc485\">\n.avia-section.av-1cvz58-8f30c255e49e3b8d3810be2749acc485 .av-parallax .av-parallax-inner{\nbackground-repeat:no-repeat;\nbackground-image:url(https:\/\/schroder-int.com\/wordpress\/wp-content\/uploads\/2017\/06\/IMG_1305web-1200x900.jpg);\nbackground-position:50% 50%;\nbackground-attachment:scroll;\n}\n.avia-section.av-1cvz58-8f30c255e49e3b8d3810be2749acc485 .av-section-color-overlay{\nopacity:0.7;\nbackground-color:#000000;\n}\n<\/style>\n<div id='av_section_1'  class='avia-section av-1cvz58-8f30c255e49e3b8d3810be2749acc485 main_color avia-section-large avia-no-border-styling  avia-builder-el-0  avia-builder-el-no-sibling  avia-full-stretch av-parallax-section avia-bg-style-parallax av-section-color-overlay-active container_wrap sidebar_right'  data-section-bg-repeat='stretch'><div class='av-parallax' data-avia-parallax-ratio='0.3' ><div class='av-parallax-inner main_color avia-full-stretch'><\/div><\/div><div class=\"av-section-color-overlay-wrap\"><div class=\"av-section-color-overlay\"><\/div><div class='container av-section-cont-open' ><main  role=\"main\" itemprop=\"mainContentOfPage\"  class='template-page content  av-content-small alpha units'><div class='post-entry post-entry-type-page post-entry-452'><div class='entry-content-wrapper clearfix'>\n\n<style type=\"text\/css\" data-created_by=\"avia_inline_auto\" id=\"style-css-av-1701ik-08bc77d216415fce396e4ff34e2cc5b7\">\n#top .av_textblock_section.av-1701ik-08bc77d216415fce396e4ff34e2cc5b7 .avia_textblock{\ncolor:#ffffff;\n}\n<\/style>\n<section  class='av_textblock_section av-1701ik-08bc77d216415fce396e4ff34e2cc5b7 '   itemscope=\"itemscope\" itemtype=\"https:\/\/schema.org\/CreativeWork\" ><div class='avia_textblock av_inherit_color'  itemprop=\"text\" ><h1><\/h1>\n<h1><strong>Aceros al carbono para mec\u00e1nica: Precitubo<\/strong><\/h1>\n<h2><em>Calidad ST 37.2 &#8211; DIN 2393 &#8211; BK<\/em><\/h2>\n<h2>Tubo de precisi\u00f3n (antiguo DOM) |<\/h2>\n<h2>Las tolerancias m\u00e1s ajustadas |<\/h2>\n<h2>La mejor rectitud |<\/h2>\n<h2>El tubo de precisi\u00f3n m\u00e1s econ\u00f3mico<\/h2>\n<\/div><\/section>\n\n<style type=\"text\/css\" data-created_by=\"avia_inline_auto\" id=\"style-css-av-13vy0s-019b51f3981af7e4a79534dc829f3430\">\n.flex_column.av-13vy0s-019b51f3981af7e4a79534dc829f3430{\nborder-radius:0px 0px 0px 0px;\npadding:0px 0px 0px 0px;\n}\n<\/style>\n<div  class='flex_column av-13vy0s-019b51f3981af7e4a79534dc829f3430 av_one_half  avia-builder-el-2  el_after_av_textblock  el_before_av_one_half  first flex_column_div av-zero-column-padding  column-top-margin'     ><style type=\"text\/css\" data-created_by=\"avia_inline_auto\" id=\"style-css-av-wc8dw-a7b11c7776ad7a662e79e74245c2402c\">\n#top .av_textblock_section.av-wc8dw-a7b11c7776ad7a662e79e74245c2402c .avia_textblock{\nfont-size:13px;\ncolor:#ffffff;\n}\n<\/style>\n<section  class='av_textblock_section av-wc8dw-a7b11c7776ad7a662e79e74245c2402c '   itemscope=\"itemscope\" itemtype=\"https:\/\/schema.org\/CreativeWork\" ><div class='avia_textblock av_inherit_color'  itemprop=\"text\" ><h3><strong>CARACTER\u00cdSTICAS MEC\u00c1NICAS ACERO PRECITUBO:<\/strong><\/h3>\n<ul>\n<li>Calidad St 37. 2 &#8211; DIN 2393 &#8211; BK<\/li>\n<li>Resistencia rotura: m\u00ednimo 50 kg\/mm2<\/li>\n<li>L\u00edmite el\u00e1stico: m\u00ednimo 45 kg\/mm2<\/li>\n<li>Alargamiento: 8 % m\u00ednimo<\/li>\n<\/ul>\n<h3><strong>AN\u00c1LISIS QU\u00cdMICO % ACERO PRECITUBO:<\/strong><\/h3>\n<ul>\n<li>C: 0,17<\/li>\n<li>Si : 0,035 m\u00e1x.<\/li>\n<li>Mn : 0,70<\/li>\n<li>P : 0,05 m\u00e1x.<\/li>\n<li>S : 0,05 m\u00e1x.<\/li>\n<\/ul>\n<p>Precitubo (antiguo DOM) es un tubo calibrado de m\u00e1xima precisi\u00f3n, soldado por fusi\u00f3n de alta frecuencia con eliminaci\u00f3n del cord\u00f3n, controles ultras\u00f3nicos y recocido de cristalizaci\u00f3n.Tiene una elevada concentricidad y las tolerancias m\u00e1s ajustadas.<\/p>\n<\/div><\/section><br \/>\n<div  class='avia-button-wrap av-ohbz0-9eed16ea336dc229505c201794855539-wrap avia-button-left  avia-builder-el-4  el_after_av_textblock  avia-builder-el-last '><a href='https:\/\/schroder-int.com\/wordpress\/wp-content\/uploads\/2025\/10\/PRECITUBO-1.jpg'  class='avia-button av-ohbz0-9eed16ea336dc229505c201794855539 av-link-btn avia-icon_select-yes-left-icon avia-size-medium avia-position-left avia-color-theme-color'   aria-label=\"Descargar ficha t\u00e9cnica\"><span class='avia_button_icon avia_button_icon_left avia-iconfont avia-font-entypo-fontello' data-av_icon='\ue887' data-av_iconfont='entypo-fontello' ><\/span><span class='avia_iconbox_title' >Descargar ficha t\u00e9cnica<\/span><\/a><\/div><\/p><\/div>\n<style type=\"text\/css\" data-created_by=\"avia_inline_auto\" id=\"style-css-av-m520s-29ae402f29343cbc76cf191580e18074\">\n.flex_column.av-m520s-29ae402f29343cbc76cf191580e18074{\nborder-radius:0px 0px 0px 0px;\npadding:0px 0px 0px 0px;\n}\n<\/style>\n<div  class='flex_column av-m520s-29ae402f29343cbc76cf191580e18074 av_one_half  avia-builder-el-5  el_after_av_one_half  el_before_av_hr  flex_column_div av-zero-column-padding  column-top-margin'     ><style type=\"text\/css\" data-created_by=\"avia_inline_auto\" id=\"style-css-av-gq7d0-1a411f9fb557b7d68231d6eab43af23f\">\n.avia-image-container.av-gq7d0-1a411f9fb557b7d68231d6eab43af23f img.avia_image{\nbox-shadow:none;\n}\n.avia-image-container.av-gq7d0-1a411f9fb557b7d68231d6eab43af23f .av-image-caption-overlay-center{\ncolor:#ffffff;\n}\n<\/style>\n<div  class='avia-image-container av-gq7d0-1a411f9fb557b7d68231d6eab43af23f av-styling- avia-align-center  avia-builder-el-6  avia-builder-el-no-sibling '   itemprop=\"image\" itemscope=\"itemscope\" itemtype=\"https:\/\/schema.org\/ImageObject\" ><div class=\"avia-image-container-inner\"><div class=\"avia-image-overlay-wrap\"><img decoding=\"async\" fetchpriority=\"high\" class='wp-image-438 avia-img-lazy-loading-not-438 avia_image ' src=\"https:\/\/schroder-int.com\/wordpress\/wp-content\/uploads\/2017\/06\/precitubo.jpg\" alt='' title='precitubo'  height=\"491\" width=\"484\"  itemprop=\"thumbnailUrl\" srcset=\"https:\/\/schroder-int.com\/wordpress\/wp-content\/uploads\/2017\/06\/precitubo.jpg 484w, https:\/\/schroder-int.com\/wordpress\/wp-content\/uploads\/2017\/06\/precitubo-80x80.jpg 80w, https:\/\/schroder-int.com\/wordpress\/wp-content\/uploads\/2017\/06\/precitubo-296x300.jpg 296w, https:\/\/schroder-int.com\/wordpress\/wp-content\/uploads\/2017\/06\/precitubo-36x36.jpg 36w, https:\/\/schroder-int.com\/wordpress\/wp-content\/uploads\/2017\/06\/precitubo-450x457.jpg 450w\" sizes=\"(max-width: 484px) 100vw, 484px\" \/><\/div><\/div><\/div><\/div>\n<style type=\"text\/css\" data-created_by=\"avia_inline_auto\" id=\"style-css-av-14xcc-6482074f0cc09ba845f887ec4850ae5f\">\n#top .hr.av-14xcc-6482074f0cc09ba845f887ec4850ae5f{\nmargin-top:0px;\nmargin-bottom:0px;\n}\n.hr.av-14xcc-6482074f0cc09ba845f887ec4850ae5f .hr-inner{\nwidth:1200px;\nborder-color:#ffffff;\n}\n<\/style>\n<div  class='hr av-14xcc-6482074f0cc09ba845f887ec4850ae5f hr-custom  avia-builder-el-7  el_after_av_one_half  avia-builder-el-last  hr-center hr-icon-no'><span class='hr-inner inner-border-av-border-thin'><span class=\"hr-inner-style\"><\/span><\/span><\/div>\n<\/div><\/div><\/main><!-- close content main element --><\/div><\/div><\/div><div id='after_section_1'  class='main_color av_default_container_wrap container_wrap sidebar_right'  ><div class='container av-section-cont-open' ><div class='template-page content  av-content-small alpha units'><div class='post-entry post-entry-type-page post-entry-452'><div class='entry-content-wrapper clearfix'>\n","protected":false},"excerpt":{"rendered":"","protected":false},"author":2,"featured_media":0,"parent":0,"menu_order":0,"comment_status":"closed","ping_status":"closed","template":"","meta":{"footnotes":""},"class_list":["post-452","page","type-page","status-publish","hentry"],"yoast_head":"<!-- This site is optimized with the Yoast SEO plugin v26.9 - https:\/\/yoast.com\/product\/yoast-seo-wordpress\/ -->\n<title>Precitubo - Grupo Schr\u00f6der<\/title>\n<meta name=\"robots\" content=\"index, follow, max-snippet:-1, max-image-preview:large, max-video-preview:-1\" \/>\n<link rel=\"canonical\" href=\"https:\/\/schroder-int.com\/wordpress\/precitubo-2\/\" \/>\n<meta property=\"og:locale\" content=\"es_ES\" \/>\n<meta property=\"og:type\" content=\"article\" \/>\n<meta property=\"og:title\" content=\"Precitubo - Grupo Schr\u00f6der\" \/>\n<meta property=\"og:url\" content=\"https:\/\/schroder-int.com\/wordpress\/precitubo-2\/\" \/>\n<meta property=\"og:site_name\" content=\"Grupo Schr\u00f6der\" \/>\n<meta property=\"article:modified_time\" content=\"2025-10-01T14:25:07+00:00\" \/>\n<meta name=\"twitter:card\" content=\"summary_large_image\" \/>\n<meta name=\"twitter:label1\" content=\"Tiempo de lectura\" \/>\n\t<meta name=\"twitter:data1\" content=\"2 minutos\" \/>\n<script type=\"application\/ld+json\" class=\"yoast-schema-graph\">{\"@context\":\"https:\/\/schema.org\",\"@graph\":[{\"@type\":\"WebPage\",\"@id\":\"https:\/\/schroder-int.com\/wordpress\/precitubo-2\/\",\"url\":\"https:\/\/schroder-int.com\/wordpress\/precitubo-2\/\",\"name\":\"Precitubo - Grupo Schr\u00f6der\",\"isPartOf\":{\"@id\":\"https:\/\/schroder-int.com\/wordpress\/#website\"},\"datePublished\":\"2017-06-20T09:58:18+00:00\",\"dateModified\":\"2025-10-01T14:25:07+00:00\",\"breadcrumb\":{\"@id\":\"https:\/\/schroder-int.com\/wordpress\/precitubo-2\/#breadcrumb\"},\"inLanguage\":\"es\",\"potentialAction\":[{\"@type\":\"ReadAction\",\"target\":[\"https:\/\/schroder-int.com\/wordpress\/precitubo-2\/\"]}]},{\"@type\":\"BreadcrumbList\",\"@id\":\"https:\/\/schroder-int.com\/wordpress\/precitubo-2\/#breadcrumb\",\"itemListElement\":[{\"@type\":\"ListItem\",\"position\":1,\"name\":\"Portada\",\"item\":\"https:\/\/schroder-int.com\/wordpress\/\"},{\"@type\":\"ListItem\",\"position\":2,\"name\":\"Precitubo\"}]},{\"@type\":\"WebSite\",\"@id\":\"https:\/\/schroder-int.com\/wordpress\/#website\",\"url\":\"https:\/\/schroder-int.com\/wordpress\/\",\"name\":\"Grupo Schr\u00f6der\",\"description\":\"Aceros Inoxidables, Aceros al carbono\",\"potentialAction\":[{\"@type\":\"SearchAction\",\"target\":{\"@type\":\"EntryPoint\",\"urlTemplate\":\"https:\/\/schroder-int.com\/wordpress\/?s={search_term_string}\"},\"query-input\":{\"@type\":\"PropertyValueSpecification\",\"valueRequired\":true,\"valueName\":\"search_term_string\"}}],\"inLanguage\":\"es\"}]}<\/script>\n<!-- \/ Yoast SEO plugin. -->","yoast_head_json":{"title":"Precitubo - Grupo Schr\u00f6der","robots":{"index":"index","follow":"follow","max-snippet":"max-snippet:-1","max-image-preview":"max-image-preview:large","max-video-preview":"max-video-preview:-1"},"canonical":"https:\/\/schroder-int.com\/wordpress\/precitubo-2\/","og_locale":"es_ES","og_type":"article","og_title":"Precitubo - Grupo Schr\u00f6der","og_url":"https:\/\/schroder-int.com\/wordpress\/precitubo-2\/","og_site_name":"Grupo Schr\u00f6der","article_modified_time":"2025-10-01T14:25:07+00:00","twitter_card":"summary_large_image","twitter_misc":{"Tiempo de lectura":"2 minutos"},"schema":{"@context":"https:\/\/schema.org","@graph":[{"@type":"WebPage","@id":"https:\/\/schroder-int.com\/wordpress\/precitubo-2\/","url":"https:\/\/schroder-int.com\/wordpress\/precitubo-2\/","name":"Precitubo - Grupo Schr\u00f6der","isPartOf":{"@id":"https:\/\/schroder-int.com\/wordpress\/#website"},"datePublished":"2017-06-20T09:58:18+00:00","dateModified":"2025-10-01T14:25:07+00:00","breadcrumb":{"@id":"https:\/\/schroder-int.com\/wordpress\/precitubo-2\/#breadcrumb"},"inLanguage":"es","potentialAction":[{"@type":"ReadAction","target":["https:\/\/schroder-int.com\/wordpress\/precitubo-2\/"]}]},{"@type":"BreadcrumbList","@id":"https:\/\/schroder-int.com\/wordpress\/precitubo-2\/#breadcrumb","itemListElement":[{"@type":"ListItem","position":1,"name":"Portada","item":"https:\/\/schroder-int.com\/wordpress\/"},{"@type":"ListItem","position":2,"name":"Precitubo"}]},{"@type":"WebSite","@id":"https:\/\/schroder-int.com\/wordpress\/#website","url":"https:\/\/schroder-int.com\/wordpress\/","name":"Grupo Schr\u00f6der","description":"Aceros Inoxidables, Aceros al carbono","potentialAction":[{"@type":"SearchAction","target":{"@type":"EntryPoint","urlTemplate":"https:\/\/schroder-int.com\/wordpress\/?s={search_term_string}"},"query-input":{"@type":"PropertyValueSpecification","valueRequired":true,"valueName":"search_term_string"}}],"inLanguage":"es"}]}},"_links":{"self":[{"href":"https:\/\/schroder-int.com\/wordpress\/wp-json\/wp\/v2\/pages\/452","targetHints":{"allow":["GET"]}}],"collection":[{"href":"https:\/\/schroder-int.com\/wordpress\/wp-json\/wp\/v2\/pages"}],"about":[{"href":"https:\/\/schroder-int.com\/wordpress\/wp-json\/wp\/v2\/types\/page"}],"author":[{"embeddable":true,"href":"https:\/\/schroder-int.com\/wordpress\/wp-json\/wp\/v2\/users\/2"}],"replies":[{"embeddable":true,"href":"https:\/\/schroder-int.com\/wordpress\/wp-json\/wp\/v2\/comments?post=452"}],"version-history":[{"count":6,"href":"https:\/\/schroder-int.com\/wordpress\/wp-json\/wp\/v2\/pages\/452\/revisions"}],"predecessor-version":[{"id":1168,"href":"https:\/\/schroder-int.com\/wordpress\/wp-json\/wp\/v2\/pages\/452\/revisions\/1168"}],"wp:attachment":[{"href":"https:\/\/schroder-int.com\/wordpress\/wp-json\/wp\/v2\/media?parent=452"}],"curies":[{"name":"wp","href":"https:\/\/api.w.org\/{rel}","templated":true}]}}