{"id":450,"date":"2017-06-20T09:56:07","date_gmt":"2017-06-20T09:56:07","guid":{"rendered":"https:\/\/schroder-int.com\/wordpress\/?page_id=450"},"modified":"2025-10-01T15:22:34","modified_gmt":"2025-10-01T14:22:34","slug":"rulon","status":"publish","type":"page","link":"https:\/\/schroder-int.com\/wordpress\/rulon\/","title":{"rendered":"Rulon"},"content":{"rendered":"\n<style type=\"text\/css\" data-created_by=\"avia_inline_auto\" id=\"style-css-av-1h060q-05e485fef1630639f3d180f185a6105f\">\n.avia-section.av-1h060q-05e485fef1630639f3d180f185a6105f .av-parallax .av-parallax-inner{\nbackground-repeat:no-repeat;\nbackground-image:url(https:\/\/schroder-int.com\/wordpress\/wp-content\/uploads\/2017\/06\/IMG_1305web-1200x900.jpg);\nbackground-position:50% 50%;\nbackground-attachment:scroll;\n}\n.avia-section.av-1h060q-05e485fef1630639f3d180f185a6105f .av-section-color-overlay{\nopacity:0.7;\nbackground-color:#000000;\n}\n<\/style>\n<div id='av_section_1'  class='avia-section av-1h060q-05e485fef1630639f3d180f185a6105f main_color avia-section-large avia-no-border-styling  avia-builder-el-0  avia-builder-el-no-sibling  avia-full-stretch av-parallax-section avia-bg-style-parallax av-section-color-overlay-active container_wrap sidebar_right'  data-section-bg-repeat='stretch'><div class='av-parallax' data-avia-parallax-ratio='0.3' ><div class='av-parallax-inner main_color avia-full-stretch'><\/div><\/div><div class=\"av-section-color-overlay-wrap\"><div class=\"av-section-color-overlay\"><\/div><div class='container av-section-cont-open' ><main  role=\"main\" itemprop=\"mainContentOfPage\"  class='template-page content  av-content-small alpha units'><div class='post-entry post-entry-type-page post-entry-450'><div class='entry-content-wrapper clearfix'>\n\n<style type=\"text\/css\" data-created_by=\"avia_inline_auto\" id=\"style-css-av-1balk2-77363a9bc504fd66352de52f959f0a2a\">\n#top .av_textblock_section.av-1balk2-77363a9bc504fd66352de52f959f0a2a .avia_textblock{\ncolor:#ffffff;\n}\n<\/style>\n<section  class='av_textblock_section av-1balk2-77363a9bc504fd66352de52f959f0a2a '   itemscope=\"itemscope\" itemtype=\"https:\/\/schema.org\/CreativeWork\" ><div class='avia_textblock av_inherit_color'  itemprop=\"text\" ><h1><\/h1>\n<h1><strong>Aceros al carbono para mec\u00e1nica: Rulon<\/strong><\/h1>\n<h2><em>Calidad F-125 (42CrMo4).<\/em><\/h2>\n<h2>Tubo mec\u00e1nico de acero aleado al Cr-Mo |<br \/>\nBonificado a 100 kg\/mm2 (300 Brinell), DIN 42 Cr-Mo 4 |<br \/>\nLa mayor resistencia existente en el mercado.<\/h2>\n<\/div><\/section>\n\n<style type=\"text\/css\" data-created_by=\"avia_inline_auto\" id=\"style-css-av-13ev1u-bd4f9819ca48e2255fddffbed697e7c5\">\n.flex_column.av-13ev1u-bd4f9819ca48e2255fddffbed697e7c5{\nborder-radius:0px 0px 0px 0px;\npadding:0px 0px 0px 0px;\n}\n<\/style>\n<div  class='flex_column av-13ev1u-bd4f9819ca48e2255fddffbed697e7c5 av_one_half  avia-builder-el-2  el_after_av_textblock  el_before_av_one_half  first flex_column_div av-zero-column-padding  column-top-margin'     ><style type=\"text\/css\" data-created_by=\"avia_inline_auto\" id=\"style-css-av-wn0i2-ab2be31f1017e785ce43cabfd8aa6dee\">\n#top .av_textblock_section.av-wn0i2-ab2be31f1017e785ce43cabfd8aa6dee .avia_textblock{\nfont-size:13px;\ncolor:#ffffff;\n}\n<\/style>\n<section  class='av_textblock_section av-wn0i2-ab2be31f1017e785ce43cabfd8aa6dee '   itemscope=\"itemscope\" itemtype=\"https:\/\/schema.org\/CreativeWork\" ><div class='avia_textblock av_inherit_color'  itemprop=\"text\" ><h3><strong>CARACTER\u00cdSTICAS MEC\u00c1NICAS ACERO RULON:<\/strong><\/h3>\n<ul>\n<li>Resistencia rotura: 1000 &#8211; 1300 N\/mm2<\/li>\n<li>L\u00edmite el\u00e1stico: m\u00ednimo 900 N\/mm2<\/li>\n<li>Alargamiento: 10 %<\/li>\n<li>Dureza Brinell: 300-380<\/li>\n<li>Dureza Rockwell: 32-41<\/li>\n<\/ul>\n<h3><strong>AN\u00c1LISIS QU\u00cdMICO % ACERO RULON:<\/strong><\/h3>\n<ul>\n<li>C : 0,38 &#8211; 0,45<\/li>\n<li>Si : 0,40 m\u00e1x.<\/li>\n<li>Mn : 0,60 &#8211; 0,90<\/li>\n<li>Cr : 0,80 &#8211; 1,20<\/li>\n<li>Mo : 0,15 &#8211; 0,30<\/li>\n<li>P : 0,035 m\u00e1x.<\/li>\n<li>S : 0,035 m\u00e1x.<\/li>\n<\/ul>\n<h3>TRATAMIENTO:<\/h3>\n<ul>\n<li>Bonificado seg\u00fan Din 17200<\/li>\n<\/ul>\n<\/div><\/section><br \/>\n<div  class='avia-button-wrap av-t41ii-c5643d34f54c97e806727ae5803efee9-wrap avia-button-left  avia-builder-el-4  el_after_av_textblock  avia-builder-el-last '><a href='https:\/\/schroder-int.com\/wordpress\/wp-content\/uploads\/2025\/10\/RULON.jpg'  class='avia-button av-t41ii-c5643d34f54c97e806727ae5803efee9 av-link-btn avia-icon_select-yes-left-icon avia-size-medium avia-position-left avia-color-theme-color'   aria-label=\"Descargar ficha t\u00e9cnica\"><span class='avia_button_icon avia_button_icon_left avia-iconfont avia-font-entypo-fontello' data-av_icon='\ue887' data-av_iconfont='entypo-fontello' ><\/span><span class='avia_iconbox_title' >Descargar ficha t\u00e9cnica<\/span><\/a><\/div><\/p><\/div>\n<style type=\"text\/css\" data-created_by=\"avia_inline_auto\" id=\"style-css-av-nqa7e-918e382df055d3e03cd1da4c4676a1fd\">\n.flex_column.av-nqa7e-918e382df055d3e03cd1da4c4676a1fd{\nborder-radius:0px 0px 0px 0px;\npadding:0px 0px 0px 0px;\n}\n<\/style>\n<div  class='flex_column av-nqa7e-918e382df055d3e03cd1da4c4676a1fd av_one_half  avia-builder-el-5  el_after_av_one_half  el_before_av_hr  flex_column_div av-zero-column-padding  column-top-margin'     ><style type=\"text\/css\" data-created_by=\"avia_inline_auto\" id=\"style-css-av-guiga-2551c3fef5c4ce61569d813ddcf02310\">\n.avia-image-container.av-guiga-2551c3fef5c4ce61569d813ddcf02310 img.avia_image{\nbox-shadow:none;\n}\n.avia-image-container.av-guiga-2551c3fef5c4ce61569d813ddcf02310 .av-image-caption-overlay-center{\ncolor:#ffffff;\n}\n<\/style>\n<div  class='avia-image-container av-guiga-2551c3fef5c4ce61569d813ddcf02310 av-styling- avia-align-center  avia-builder-el-6  avia-builder-el-no-sibling '   itemprop=\"image\" itemscope=\"itemscope\" itemtype=\"https:\/\/schema.org\/ImageObject\" ><div class=\"avia-image-container-inner\"><div class=\"avia-image-overlay-wrap\"><img decoding=\"async\" fetchpriority=\"high\" class='wp-image-440 avia-img-lazy-loading-not-440 avia_image ' src=\"https:\/\/schroder-int.com\/wordpress\/wp-content\/uploads\/2017\/06\/rulon142.jpg\" alt='' title='rulon142'  height=\"491\" width=\"484\"  itemprop=\"thumbnailUrl\" srcset=\"https:\/\/schroder-int.com\/wordpress\/wp-content\/uploads\/2017\/06\/rulon142.jpg 484w, https:\/\/schroder-int.com\/wordpress\/wp-content\/uploads\/2017\/06\/rulon142-80x80.jpg 80w, https:\/\/schroder-int.com\/wordpress\/wp-content\/uploads\/2017\/06\/rulon142-296x300.jpg 296w, https:\/\/schroder-int.com\/wordpress\/wp-content\/uploads\/2017\/06\/rulon142-36x36.jpg 36w, https:\/\/schroder-int.com\/wordpress\/wp-content\/uploads\/2017\/06\/rulon142-450x457.jpg 450w\" sizes=\"(max-width: 484px) 100vw, 484px\" \/><\/div><\/div><\/div><\/div>\n<style type=\"text\/css\" data-created_by=\"avia_inline_auto\" id=\"style-css-av-awkai-c29396c646baf10285d62cb441036dbb\">\n#top .hr.av-awkai-c29396c646baf10285d62cb441036dbb{\nmargin-top:0px;\nmargin-bottom:0px;\n}\n.hr.av-awkai-c29396c646baf10285d62cb441036dbb .hr-inner{\nwidth:1200px;\nborder-color:#ffffff;\n}\n<\/style>\n<div  class='hr av-awkai-c29396c646baf10285d62cb441036dbb hr-custom  avia-builder-el-7  el_after_av_one_half  avia-builder-el-last  hr-center hr-icon-no'><span class='hr-inner inner-border-av-border-thin'><span class=\"hr-inner-style\"><\/span><\/span><\/div>\n<\/div><\/div><\/main><!-- close content main element --><\/div><\/div><\/div><div id='after_section_1'  class='main_color av_default_container_wrap container_wrap sidebar_right'  ><div class='container av-section-cont-open' ><div class='template-page content  av-content-small alpha units'><div class='post-entry post-entry-type-page post-entry-450'><div class='entry-content-wrapper clearfix'>\n","protected":false},"excerpt":{"rendered":"","protected":false},"author":2,"featured_media":0,"parent":0,"menu_order":0,"comment_status":"closed","ping_status":"closed","template":"","meta":{"footnotes":""},"class_list":["post-450","page","type-page","status-publish","hentry"],"yoast_head":"<!-- This site is optimized with the Yoast SEO plugin v26.9 - https:\/\/yoast.com\/product\/yoast-seo-wordpress\/ -->\n<title>Rulon - Grupo Schr\u00f6der<\/title>\n<meta name=\"robots\" content=\"index, follow, max-snippet:-1, max-image-preview:large, max-video-preview:-1\" \/>\n<link rel=\"canonical\" href=\"https:\/\/schroder-int.com\/wordpress\/rulon\/\" \/>\n<meta property=\"og:locale\" content=\"es_ES\" \/>\n<meta property=\"og:type\" content=\"article\" \/>\n<meta property=\"og:title\" content=\"Rulon - Grupo Schr\u00f6der\" \/>\n<meta property=\"og:url\" content=\"https:\/\/schroder-int.com\/wordpress\/rulon\/\" \/>\n<meta property=\"og:site_name\" content=\"Grupo Schr\u00f6der\" \/>\n<meta property=\"article:modified_time\" content=\"2025-10-01T14:22:34+00:00\" \/>\n<meta name=\"twitter:card\" content=\"summary_large_image\" \/>\n<meta name=\"twitter:label1\" content=\"Tiempo de lectura\" \/>\n\t<meta name=\"twitter:data1\" content=\"2 minutos\" \/>\n<script type=\"application\/ld+json\" class=\"yoast-schema-graph\">{\"@context\":\"https:\/\/schema.org\",\"@graph\":[{\"@type\":\"WebPage\",\"@id\":\"https:\/\/schroder-int.com\/wordpress\/rulon\/\",\"url\":\"https:\/\/schroder-int.com\/wordpress\/rulon\/\",\"name\":\"Rulon - Grupo Schr\u00f6der\",\"isPartOf\":{\"@id\":\"https:\/\/schroder-int.com\/wordpress\/#website\"},\"datePublished\":\"2017-06-20T09:56:07+00:00\",\"dateModified\":\"2025-10-01T14:22:34+00:00\",\"breadcrumb\":{\"@id\":\"https:\/\/schroder-int.com\/wordpress\/rulon\/#breadcrumb\"},\"inLanguage\":\"es\",\"potentialAction\":[{\"@type\":\"ReadAction\",\"target\":[\"https:\/\/schroder-int.com\/wordpress\/rulon\/\"]}]},{\"@type\":\"BreadcrumbList\",\"@id\":\"https:\/\/schroder-int.com\/wordpress\/rulon\/#breadcrumb\",\"itemListElement\":[{\"@type\":\"ListItem\",\"position\":1,\"name\":\"Portada\",\"item\":\"https:\/\/schroder-int.com\/wordpress\/\"},{\"@type\":\"ListItem\",\"position\":2,\"name\":\"Rulon\"}]},{\"@type\":\"WebSite\",\"@id\":\"https:\/\/schroder-int.com\/wordpress\/#website\",\"url\":\"https:\/\/schroder-int.com\/wordpress\/\",\"name\":\"Grupo Schr\u00f6der\",\"description\":\"Aceros Inoxidables, Aceros al carbono\",\"potentialAction\":[{\"@type\":\"SearchAction\",\"target\":{\"@type\":\"EntryPoint\",\"urlTemplate\":\"https:\/\/schroder-int.com\/wordpress\/?s={search_term_string}\"},\"query-input\":{\"@type\":\"PropertyValueSpecification\",\"valueRequired\":true,\"valueName\":\"search_term_string\"}}],\"inLanguage\":\"es\"}]}<\/script>\n<!-- \/ Yoast SEO plugin. -->","yoast_head_json":{"title":"Rulon - Grupo Schr\u00f6der","robots":{"index":"index","follow":"follow","max-snippet":"max-snippet:-1","max-image-preview":"max-image-preview:large","max-video-preview":"max-video-preview:-1"},"canonical":"https:\/\/schroder-int.com\/wordpress\/rulon\/","og_locale":"es_ES","og_type":"article","og_title":"Rulon - Grupo Schr\u00f6der","og_url":"https:\/\/schroder-int.com\/wordpress\/rulon\/","og_site_name":"Grupo Schr\u00f6der","article_modified_time":"2025-10-01T14:22:34+00:00","twitter_card":"summary_large_image","twitter_misc":{"Tiempo de lectura":"2 minutos"},"schema":{"@context":"https:\/\/schema.org","@graph":[{"@type":"WebPage","@id":"https:\/\/schroder-int.com\/wordpress\/rulon\/","url":"https:\/\/schroder-int.com\/wordpress\/rulon\/","name":"Rulon - Grupo Schr\u00f6der","isPartOf":{"@id":"https:\/\/schroder-int.com\/wordpress\/#website"},"datePublished":"2017-06-20T09:56:07+00:00","dateModified":"2025-10-01T14:22:34+00:00","breadcrumb":{"@id":"https:\/\/schroder-int.com\/wordpress\/rulon\/#breadcrumb"},"inLanguage":"es","potentialAction":[{"@type":"ReadAction","target":["https:\/\/schroder-int.com\/wordpress\/rulon\/"]}]},{"@type":"BreadcrumbList","@id":"https:\/\/schroder-int.com\/wordpress\/rulon\/#breadcrumb","itemListElement":[{"@type":"ListItem","position":1,"name":"Portada","item":"https:\/\/schroder-int.com\/wordpress\/"},{"@type":"ListItem","position":2,"name":"Rulon"}]},{"@type":"WebSite","@id":"https:\/\/schroder-int.com\/wordpress\/#website","url":"https:\/\/schroder-int.com\/wordpress\/","name":"Grupo Schr\u00f6der","description":"Aceros Inoxidables, Aceros al carbono","potentialAction":[{"@type":"SearchAction","target":{"@type":"EntryPoint","urlTemplate":"https:\/\/schroder-int.com\/wordpress\/?s={search_term_string}"},"query-input":{"@type":"PropertyValueSpecification","valueRequired":true,"valueName":"search_term_string"}}],"inLanguage":"es"}]}},"_links":{"self":[{"href":"https:\/\/schroder-int.com\/wordpress\/wp-json\/wp\/v2\/pages\/450","targetHints":{"allow":["GET"]}}],"collection":[{"href":"https:\/\/schroder-int.com\/wordpress\/wp-json\/wp\/v2\/pages"}],"about":[{"href":"https:\/\/schroder-int.com\/wordpress\/wp-json\/wp\/v2\/types\/page"}],"author":[{"embeddable":true,"href":"https:\/\/schroder-int.com\/wordpress\/wp-json\/wp\/v2\/users\/2"}],"replies":[{"embeddable":true,"href":"https:\/\/schroder-int.com\/wordpress\/wp-json\/wp\/v2\/comments?post=450"}],"version-history":[{"count":7,"href":"https:\/\/schroder-int.com\/wordpress\/wp-json\/wp\/v2\/pages\/450\/revisions"}],"predecessor-version":[{"id":1166,"href":"https:\/\/schroder-int.com\/wordpress\/wp-json\/wp\/v2\/pages\/450\/revisions\/1166"}],"wp:attachment":[{"href":"https:\/\/schroder-int.com\/wordpress\/wp-json\/wp\/v2\/media?parent=450"}],"curies":[{"name":"wp","href":"https:\/\/api.w.org\/{rel}","templated":true}]}}