{"id":429,"date":"2017-06-20T09:52:56","date_gmt":"2017-06-20T09:52:56","guid":{"rendered":"https:\/\/schroder-int.com\/wordpress\/?page_id=429"},"modified":"2025-10-01T15:20:03","modified_gmt":"2025-10-01T14:20:03","slug":"ducal","status":"publish","type":"page","link":"https:\/\/schroder-int.com\/wordpress\/ducal\/","title":{"rendered":"Ducal"},"content":{"rendered":"\n<style type=\"text\/css\" data-created_by=\"avia_inline_auto\" id=\"style-css-av-1hhctx-8e5b506c9303afc362089892431b3b5d\">\n.avia-section.av-1hhctx-8e5b506c9303afc362089892431b3b5d .av-parallax .av-parallax-inner{\nbackground-repeat:no-repeat;\nbackground-image:url(https:\/\/schroder-int.com\/wordpress\/wp-content\/uploads\/2017\/06\/IMG_1305web-1200x900.jpg);\nbackground-position:50% 50%;\nbackground-attachment:scroll;\n}\n.avia-section.av-1hhctx-8e5b506c9303afc362089892431b3b5d .av-section-color-overlay{\nopacity:0.7;\nbackground-color:#000000;\n}\n<\/style>\n<div id='av_section_1'  class='avia-section av-1hhctx-8e5b506c9303afc362089892431b3b5d main_color avia-section-large avia-no-border-styling  avia-builder-el-0  avia-builder-el-no-sibling  avia-full-stretch av-parallax-section avia-bg-style-parallax av-section-color-overlay-active container_wrap sidebar_right'  data-section-bg-repeat='stretch'><div class='av-parallax' data-avia-parallax-ratio='0.3' ><div class='av-parallax-inner main_color avia-full-stretch'><\/div><\/div><div class=\"av-section-color-overlay-wrap\"><div class=\"av-section-color-overlay\"><\/div><div class='container av-section-cont-open' ><main  role=\"main\" itemprop=\"mainContentOfPage\"  class='template-page content  av-content-small alpha units'><div class='post-entry post-entry-type-page post-entry-429'><div class='entry-content-wrapper clearfix'>\n\n<style type=\"text\/css\" data-created_by=\"avia_inline_auto\" id=\"style-css-av-18hk71-6585b72244d081e489b5d17a5b1bfe45\">\n#top .av_textblock_section.av-18hk71-6585b72244d081e489b5d17a5b1bfe45 .avia_textblock{\ncolor:#ffffff;\n}\n<\/style>\n<section  class='av_textblock_section av-18hk71-6585b72244d081e489b5d17a5b1bfe45 '   itemscope=\"itemscope\" itemtype=\"https:\/\/schema.org\/CreativeWork\" ><div class='avia_textblock av_inherit_color'  itemprop=\"text\" ><h1><\/h1>\n<h1><strong>Aceros al carbono para mec\u00e1nica: Ducal.<\/strong><\/h1>\n<h2>Calidad E-355 (St-52) &#8211; DIN 2391 &#8211; BK<\/h2>\n<h2><em>Tubo de precisi\u00f3n | Tolerancias m\u00e1s ajustadas |<br \/>\nExcelente rectitud | Permite la aplicaci\u00f3n directa.<\/em><\/h2>\n<\/div><\/section>\n\n<style type=\"text\/css\" data-created_by=\"avia_inline_auto\" id=\"style-css-av-13k4ul-5fb86c5ba9f6ca290941d1dee621ce0f\">\n.flex_column.av-13k4ul-5fb86c5ba9f6ca290941d1dee621ce0f{\nborder-radius:0px 0px 0px 0px;\npadding:0px 0px 0px 0px;\n}\n<\/style>\n<div  class='flex_column av-13k4ul-5fb86c5ba9f6ca290941d1dee621ce0f av_one_half  avia-builder-el-2  el_after_av_textblock  el_before_av_one_half  first flex_column_div av-zero-column-padding  column-top-margin'     ><style type=\"text\/css\" data-created_by=\"avia_inline_auto\" id=\"style-css-av-vkk85-78e666904a87f3987e62c543ff511874\">\n#top .av_textblock_section.av-vkk85-78e666904a87f3987e62c543ff511874 .avia_textblock{\nfont-size:13px;\ncolor:#ffffff;\n}\n<\/style>\n<section  class='av_textblock_section av-vkk85-78e666904a87f3987e62c543ff511874 '   itemscope=\"itemscope\" itemtype=\"https:\/\/schema.org\/CreativeWork\" ><div class='avia_textblock av_inherit_color'  itemprop=\"text\" ><h3><strong>CARACTER\u00cdSTICAS MEC\u00c1NICAS ACERO DUCAL:<\/strong><\/h3>\n<ul>\n<li>Calidad E-355 (St-52) &#8211; DIN 2391 &#8211; BK<\/li>\n<li>Resistencia rotura: 60 &#8211; 80 kg\/mm2<\/li>\n<li>L\u00edmite el\u00e1stico: 48 kg\/mm2<\/li>\n<li>Alargamiento (A-5): 6 % m\u00ednimo<\/li>\n<\/ul>\n<h3><strong>AN\u00c1LISIS QU\u00cdMICO % ACERO DUCAL:<\/strong><\/h3>\n<ul>\n<li>C : 0,16 &#8211; 0,22<\/li>\n<li>Si : 0,15 &#8211; 0,55<\/li>\n<li>Mn : 1,30 &#8211; 1,60<\/li>\n<li>P : 0,05 m\u00e1x.<\/li>\n<li>S : 0,05 m\u00e1x.<\/li>\n<\/ul>\n<\/div><\/section><br \/>\n<div  class='avia-button-wrap av-2mxrp-8f897d60e5ca36850d7d3516d9798397-wrap avia-button-left  avia-builder-el-4  el_after_av_textblock  avia-builder-el-last '><a href='https:\/\/schroder-int.com\/wordpress\/wp-content\/uploads\/2025\/09\/AAFF_cat_schroder_29_7_2511.jpg'  class='avia-button av-2mxrp-8f897d60e5ca36850d7d3516d9798397 av-link-btn avia-icon_select-yes-left-icon avia-size-medium avia-position-left avia-color-theme-color'   aria-label=\"Descargar ficha t\u00e9cnica\"><span class='avia_button_icon avia_button_icon_left avia-iconfont avia-font-entypo-fontello' data-av_icon='\ue887' data-av_iconfont='entypo-fontello' ><\/span><span class='avia_iconbox_title' >Descargar ficha t\u00e9cnica<\/span><\/a><\/div><\/p><\/div>\n<style type=\"text\/css\" data-created_by=\"avia_inline_auto\" id=\"style-css-av-n8op9-13f045c05c16993e4b3a597bcd7c5696\">\n.flex_column.av-n8op9-13f045c05c16993e4b3a597bcd7c5696{\nborder-radius:0px 0px 0px 0px;\npadding:0px 0px 0px 0px;\n}\n<\/style>\n<div  class='flex_column av-n8op9-13f045c05c16993e4b3a597bcd7c5696 av_one_half  avia-builder-el-5  el_after_av_one_half  el_before_av_hr  flex_column_div av-zero-column-padding  column-top-margin'     ><style type=\"text\/css\" data-created_by=\"avia_inline_auto\" id=\"style-css-av-ho2h9-df244be8d3d667cddf0299dbc3115de2\">\n.avia-image-container.av-ho2h9-df244be8d3d667cddf0299dbc3115de2 img.avia_image{\nbox-shadow:none;\n}\n.avia-image-container.av-ho2h9-df244be8d3d667cddf0299dbc3115de2 .av-image-caption-overlay-center{\ncolor:#ffffff;\n}\n<\/style>\n<div  class='avia-image-container av-ho2h9-df244be8d3d667cddf0299dbc3115de2 av-styling- avia-align-center  avia-builder-el-6  avia-builder-el-no-sibling '   itemprop=\"image\" itemscope=\"itemscope\" itemtype=\"https:\/\/schema.org\/ImageObject\" ><div class=\"avia-image-container-inner\"><div class=\"avia-image-overlay-wrap\"><img decoding=\"async\" fetchpriority=\"high\" class='wp-image-421 avia-img-lazy-loading-not-421 avia_image ' src=\"https:\/\/schroder-int.com\/wordpress\/wp-content\/uploads\/2017\/06\/ducal20.jpg\" alt='' title='ducal20'  height=\"491\" width=\"484\"  itemprop=\"thumbnailUrl\" srcset=\"https:\/\/schroder-int.com\/wordpress\/wp-content\/uploads\/2017\/06\/ducal20.jpg 484w, https:\/\/schroder-int.com\/wordpress\/wp-content\/uploads\/2017\/06\/ducal20-80x80.jpg 80w, https:\/\/schroder-int.com\/wordpress\/wp-content\/uploads\/2017\/06\/ducal20-296x300.jpg 296w, https:\/\/schroder-int.com\/wordpress\/wp-content\/uploads\/2017\/06\/ducal20-36x36.jpg 36w, https:\/\/schroder-int.com\/wordpress\/wp-content\/uploads\/2017\/06\/ducal20-450x457.jpg 450w\" sizes=\"(max-width: 484px) 100vw, 484px\" \/><\/div><\/div><\/div><\/div>\n<style type=\"text\/css\" data-created_by=\"avia_inline_auto\" id=\"style-css-av-98219-f5b850b601a371b7c76a9713c9f614ed\">\n#top .hr.av-98219-f5b850b601a371b7c76a9713c9f614ed{\nmargin-top:0px;\nmargin-bottom:0px;\n}\n.hr.av-98219-f5b850b601a371b7c76a9713c9f614ed .hr-inner{\nwidth:1200px;\nborder-color:#ffffff;\n}\n<\/style>\n<div  class='hr av-98219-f5b850b601a371b7c76a9713c9f614ed hr-custom  avia-builder-el-7  el_after_av_one_half  avia-builder-el-last  hr-center hr-icon-no'><span class='hr-inner inner-border-av-border-thin'><span class=\"hr-inner-style\"><\/span><\/span><\/div>\n<\/div><\/div><\/main><!-- close content main element --><\/div><\/div><\/div><div id='after_section_1'  class='main_color av_default_container_wrap container_wrap sidebar_right'  ><div class='container av-section-cont-open' ><div class='template-page content  av-content-small alpha units'><div class='post-entry post-entry-type-page post-entry-429'><div class='entry-content-wrapper clearfix'>\n","protected":false},"excerpt":{"rendered":"","protected":false},"author":2,"featured_media":0,"parent":0,"menu_order":0,"comment_status":"closed","ping_status":"closed","template":"","meta":{"footnotes":""},"class_list":["post-429","page","type-page","status-publish","hentry"],"yoast_head":"<!-- This site is optimized with the Yoast SEO plugin v26.9 - https:\/\/yoast.com\/product\/yoast-seo-wordpress\/ -->\n<title>Aceros al carbono para mec\u00e1nica: Ducal<\/title>\n<meta name=\"description\" content=\"Ducal es un tubo de precisi\u00f3n que permite la aplicaci\u00f3n directa. Otras de sus caracter\u00edsticas son excelente rectitud y tolerancias m\u00e1s ajustadas.\" \/>\n<meta name=\"robots\" content=\"index, follow, max-snippet:-1, max-image-preview:large, max-video-preview:-1\" \/>\n<link rel=\"canonical\" href=\"https:\/\/schroder-int.com\/wordpress\/ducal\/\" \/>\n<meta property=\"og:locale\" content=\"es_ES\" \/>\n<meta property=\"og:type\" content=\"article\" \/>\n<meta property=\"og:title\" content=\"Aceros al carbono para mec\u00e1nica: Ducal\" \/>\n<meta property=\"og:description\" content=\"Ducal es un tubo de precisi\u00f3n que permite la aplicaci\u00f3n directa. Otras de sus caracter\u00edsticas son excelente rectitud y tolerancias m\u00e1s ajustadas.\" \/>\n<meta property=\"og:url\" content=\"https:\/\/schroder-int.com\/wordpress\/ducal\/\" \/>\n<meta property=\"og:site_name\" content=\"Grupo Schr\u00f6der\" \/>\n<meta property=\"article:modified_time\" content=\"2025-10-01T14:20:03+00:00\" \/>\n<meta name=\"twitter:card\" content=\"summary_large_image\" \/>\n<meta name=\"twitter:label1\" content=\"Tiempo de lectura\" \/>\n\t<meta name=\"twitter:data1\" content=\"2 minutos\" \/>\n<script type=\"application\/ld+json\" class=\"yoast-schema-graph\">{\"@context\":\"https:\/\/schema.org\",\"@graph\":[{\"@type\":\"WebPage\",\"@id\":\"https:\/\/schroder-int.com\/wordpress\/ducal\/\",\"url\":\"https:\/\/schroder-int.com\/wordpress\/ducal\/\",\"name\":\"Aceros al carbono para mec\u00e1nica: Ducal\",\"isPartOf\":{\"@id\":\"https:\/\/schroder-int.com\/wordpress\/#website\"},\"datePublished\":\"2017-06-20T09:52:56+00:00\",\"dateModified\":\"2025-10-01T14:20:03+00:00\",\"description\":\"Ducal es un tubo de precisi\u00f3n que permite la aplicaci\u00f3n directa. Otras de sus caracter\u00edsticas son excelente rectitud y tolerancias m\u00e1s ajustadas.\",\"breadcrumb\":{\"@id\":\"https:\/\/schroder-int.com\/wordpress\/ducal\/#breadcrumb\"},\"inLanguage\":\"es\",\"potentialAction\":[{\"@type\":\"ReadAction\",\"target\":[\"https:\/\/schroder-int.com\/wordpress\/ducal\/\"]}]},{\"@type\":\"BreadcrumbList\",\"@id\":\"https:\/\/schroder-int.com\/wordpress\/ducal\/#breadcrumb\",\"itemListElement\":[{\"@type\":\"ListItem\",\"position\":1,\"name\":\"Portada\",\"item\":\"https:\/\/schroder-int.com\/wordpress\/\"},{\"@type\":\"ListItem\",\"position\":2,\"name\":\"Ducal\"}]},{\"@type\":\"WebSite\",\"@id\":\"https:\/\/schroder-int.com\/wordpress\/#website\",\"url\":\"https:\/\/schroder-int.com\/wordpress\/\",\"name\":\"Grupo Schr\u00f6der\",\"description\":\"Aceros Inoxidables, Aceros al carbono\",\"potentialAction\":[{\"@type\":\"SearchAction\",\"target\":{\"@type\":\"EntryPoint\",\"urlTemplate\":\"https:\/\/schroder-int.com\/wordpress\/?s={search_term_string}\"},\"query-input\":{\"@type\":\"PropertyValueSpecification\",\"valueRequired\":true,\"valueName\":\"search_term_string\"}}],\"inLanguage\":\"es\"}]}<\/script>\n<!-- \/ Yoast SEO plugin. -->","yoast_head_json":{"title":"Aceros al carbono para mec\u00e1nica: Ducal","description":"Ducal es un tubo de precisi\u00f3n que permite la aplicaci\u00f3n directa. Otras de sus caracter\u00edsticas son excelente rectitud y tolerancias m\u00e1s ajustadas.","robots":{"index":"index","follow":"follow","max-snippet":"max-snippet:-1","max-image-preview":"max-image-preview:large","max-video-preview":"max-video-preview:-1"},"canonical":"https:\/\/schroder-int.com\/wordpress\/ducal\/","og_locale":"es_ES","og_type":"article","og_title":"Aceros al carbono para mec\u00e1nica: Ducal","og_description":"Ducal es un tubo de precisi\u00f3n que permite la aplicaci\u00f3n directa. Otras de sus caracter\u00edsticas son excelente rectitud y tolerancias m\u00e1s ajustadas.","og_url":"https:\/\/schroder-int.com\/wordpress\/ducal\/","og_site_name":"Grupo Schr\u00f6der","article_modified_time":"2025-10-01T14:20:03+00:00","twitter_card":"summary_large_image","twitter_misc":{"Tiempo de lectura":"2 minutos"},"schema":{"@context":"https:\/\/schema.org","@graph":[{"@type":"WebPage","@id":"https:\/\/schroder-int.com\/wordpress\/ducal\/","url":"https:\/\/schroder-int.com\/wordpress\/ducal\/","name":"Aceros al carbono para mec\u00e1nica: Ducal","isPartOf":{"@id":"https:\/\/schroder-int.com\/wordpress\/#website"},"datePublished":"2017-06-20T09:52:56+00:00","dateModified":"2025-10-01T14:20:03+00:00","description":"Ducal es un tubo de precisi\u00f3n que permite la aplicaci\u00f3n directa. Otras de sus caracter\u00edsticas son excelente rectitud y tolerancias m\u00e1s ajustadas.","breadcrumb":{"@id":"https:\/\/schroder-int.com\/wordpress\/ducal\/#breadcrumb"},"inLanguage":"es","potentialAction":[{"@type":"ReadAction","target":["https:\/\/schroder-int.com\/wordpress\/ducal\/"]}]},{"@type":"BreadcrumbList","@id":"https:\/\/schroder-int.com\/wordpress\/ducal\/#breadcrumb","itemListElement":[{"@type":"ListItem","position":1,"name":"Portada","item":"https:\/\/schroder-int.com\/wordpress\/"},{"@type":"ListItem","position":2,"name":"Ducal"}]},{"@type":"WebSite","@id":"https:\/\/schroder-int.com\/wordpress\/#website","url":"https:\/\/schroder-int.com\/wordpress\/","name":"Grupo Schr\u00f6der","description":"Aceros Inoxidables, Aceros al carbono","potentialAction":[{"@type":"SearchAction","target":{"@type":"EntryPoint","urlTemplate":"https:\/\/schroder-int.com\/wordpress\/?s={search_term_string}"},"query-input":{"@type":"PropertyValueSpecification","valueRequired":true,"valueName":"search_term_string"}}],"inLanguage":"es"}]}},"_links":{"self":[{"href":"https:\/\/schroder-int.com\/wordpress\/wp-json\/wp\/v2\/pages\/429","targetHints":{"allow":["GET"]}}],"collection":[{"href":"https:\/\/schroder-int.com\/wordpress\/wp-json\/wp\/v2\/pages"}],"about":[{"href":"https:\/\/schroder-int.com\/wordpress\/wp-json\/wp\/v2\/types\/page"}],"author":[{"embeddable":true,"href":"https:\/\/schroder-int.com\/wordpress\/wp-json\/wp\/v2\/users\/2"}],"replies":[{"embeddable":true,"href":"https:\/\/schroder-int.com\/wordpress\/wp-json\/wp\/v2\/comments?post=429"}],"version-history":[{"count":7,"href":"https:\/\/schroder-int.com\/wordpress\/wp-json\/wp\/v2\/pages\/429\/revisions"}],"predecessor-version":[{"id":1165,"href":"https:\/\/schroder-int.com\/wordpress\/wp-json\/wp\/v2\/pages\/429\/revisions\/1165"}],"wp:attachment":[{"href":"https:\/\/schroder-int.com\/wordpress\/wp-json\/wp\/v2\/media?parent=429"}],"curies":[{"name":"wp","href":"https:\/\/api.w.org\/{rel}","templated":true}]}}