{"id":282,"date":"2017-06-19T11:22:06","date_gmt":"2017-06-19T11:22:06","guid":{"rendered":"https:\/\/schroder-int.com\/wordpress\/?page_id=282"},"modified":"2019-11-27T11:47:41","modified_gmt":"2019-11-27T11:47:41","slug":"staler","status":"publish","type":"page","link":"https:\/\/schroder-int.com\/wordpress\/staler\/","title":{"rendered":"Staler"},"content":{"rendered":"\n<style type=\"text\/css\" data-created_by=\"avia_inline_auto\" id=\"style-css-av-av_section-67f4272042dcaa2ae2aba9e43b068202\">\n.avia-section.av-av_section-67f4272042dcaa2ae2aba9e43b068202 .av-parallax .av-parallax-inner{\nbackground-repeat:no-repeat;\nbackground-image:url(https:\/\/schroder-int.com\/wordpress\/wp-content\/uploads\/2017\/06\/IMG_1305web-1200x900.jpg);\nbackground-position:50% 50%;\nbackground-attachment:scroll;\n}\n.avia-section.av-av_section-67f4272042dcaa2ae2aba9e43b068202 .av-section-color-overlay{\nopacity:0.7;\nbackground-color:#000000;\n}\n<\/style>\n<div id='av_section_1'  class='avia-section av-av_section-67f4272042dcaa2ae2aba9e43b068202 main_color avia-section-large avia-no-border-styling  avia-builder-el-0  avia-builder-el-no-sibling  avia-full-stretch av-parallax-section avia-bg-style-parallax av-section-color-overlay-active container_wrap sidebar_right'  data-section-bg-repeat='stretch'><div class='av-parallax' data-avia-parallax-ratio='0.3' ><div class='av-parallax-inner main_color avia-full-stretch'><\/div><\/div><div class=\"av-section-color-overlay-wrap\"><div class=\"av-section-color-overlay\"><\/div><div class='container av-section-cont-open' ><main  role=\"main\" itemprop=\"mainContentOfPage\"  class='template-page content  av-content-small alpha units'><div class='post-entry post-entry-type-page post-entry-282'><div class='entry-content-wrapper clearfix'>\n\n<style type=\"text\/css\" data-created_by=\"avia_inline_auto\" id=\"style-css-av-av_image-35bdf4534e064013f00e891aeed423e5\">\n.avia-image-container.av-av_image-35bdf4534e064013f00e891aeed423e5 img.avia_image{\nbox-shadow:none;\n}\n.avia-image-container.av-av_image-35bdf4534e064013f00e891aeed423e5 .av-image-caption-overlay-center{\ncolor:#ffffff;\n}\n<\/style>\n<div  class='avia-image-container av-av_image-35bdf4534e064013f00e891aeed423e5 av-styling- avia-align-center  avia-builder-el-1  el_before_av_hr  avia-builder-el-first '   itemprop=\"image\" itemscope=\"itemscope\" itemtype=\"https:\/\/schema.org\/ImageObject\" ><div class=\"avia-image-container-inner\"><div class=\"avia-image-overlay-wrap\"><img decoding=\"async\" fetchpriority=\"high\" class='wp-image-326 avia-img-lazy-loading-not-326 avia_image ' src=\"https:\/\/schroder-int.com\/wordpress\/wp-content\/uploads\/2017\/06\/cabecera_staler.png\" alt='' title='cabecera_staler'  height=\"283\" width=\"1202\"  itemprop=\"thumbnailUrl\" srcset=\"https:\/\/schroder-int.com\/wordpress\/wp-content\/uploads\/2017\/06\/cabecera_staler.png 1202w, https:\/\/schroder-int.com\/wordpress\/wp-content\/uploads\/2017\/06\/cabecera_staler-300x71.png 300w, https:\/\/schroder-int.com\/wordpress\/wp-content\/uploads\/2017\/06\/cabecera_staler-768x181.png 768w, https:\/\/schroder-int.com\/wordpress\/wp-content\/uploads\/2017\/06\/cabecera_staler-1030x243.png 1030w, https:\/\/schroder-int.com\/wordpress\/wp-content\/uploads\/2017\/06\/cabecera_staler-705x166.png 705w, https:\/\/schroder-int.com\/wordpress\/wp-content\/uploads\/2017\/06\/cabecera_staler-450x106.png 450w\" sizes=\"(max-width: 1202px) 100vw, 1202px\" \/><\/div><\/div><\/div>\n\n<style type=\"text\/css\" data-created_by=\"avia_inline_auto\" id=\"style-css-av-av_hr-4474f20d2389e2e5ecf918a02da5132e\">\n#top .hr.hr-invisible.av-av_hr-4474f20d2389e2e5ecf918a02da5132e{\nheight:50px;\n}\n<\/style>\n<div  class='hr av-av_hr-4474f20d2389e2e5ecf918a02da5132e hr-invisible  avia-builder-el-2  el_after_av_image  el_before_av_textblock '><span class='hr-inner '><span class=\"hr-inner-style\"><\/span><\/span><\/div>\n\n<style type=\"text\/css\" data-created_by=\"avia_inline_auto\" id=\"style-css-av-av_textblock-0b24277fcb3157fd54563c4417ea17f7\">\n#top .av_textblock_section.av-av_textblock-0b24277fcb3157fd54563c4417ea17f7 .avia_textblock{\ncolor:#ffffff;\n}\n<\/style>\n<section  class='av_textblock_section av-av_textblock-0b24277fcb3157fd54563c4417ea17f7 '   itemscope=\"itemscope\" itemtype=\"https:\/\/schema.org\/CreativeWork\" ><div class='avia_textblock av_inherit_color'  itemprop=\"text\" ><h1>Los especialistas en Aceros inoxidables y aceros para rodamientos.<\/h1>\n<\/div><\/section>\n\n<style type=\"text\/css\" data-created_by=\"avia_inline_auto\" id=\"style-css-av-av_one_half-b18ec1635791c30194c2fc90ea77ba9c\">\n.flex_column.av-av_one_half-b18ec1635791c30194c2fc90ea77ba9c{\nborder-radius:0px 0px 0px 0px;\npadding:0px 0px 0px 0px;\n}\n<\/style>\n<div  class='flex_column av-av_one_half-b18ec1635791c30194c2fc90ea77ba9c av_one_half  avia-builder-el-4  el_after_av_textblock  el_before_av_one_half  first flex_column_div av-zero-column-padding  column-top-margin'     ><style type=\"text\/css\" data-created_by=\"avia_inline_auto\" id=\"style-css-av-av_textblock-0b24277fcb3157fd54563c4417ea17f7\">\n#top .av_textblock_section.av-av_textblock-0b24277fcb3157fd54563c4417ea17f7 .avia_textblock{\ncolor:#ffffff;\n}\n<\/style>\n<section  class='av_textblock_section av-av_textblock-0b24277fcb3157fd54563c4417ea17f7 '   itemscope=\"itemscope\" itemtype=\"https:\/\/schema.org\/CreativeWork\" ><div class='avia_textblock av_inherit_color'  itemprop=\"text\" ><p>Staler es la divisi\u00f3n del Grupo Schr\u00f6der especializada en aceros inoxidables y aceros para rodamientos, para asegurarle siempre el servicio m\u00e1s completo en gama, en stocks, en medios. Cualquiera que sea su necesidad, Staler le ofrecer\u00e1 una soluci\u00f3n a la medida de sus proyectos siempre con una excelente relaci\u00f3n calidad precio. Benef\u00edciese de nuestra experiencia en calidad, servicio y atenci\u00f3n personalizada.<\/p>\n<\/div><\/section><\/div>\n<style type=\"text\/css\" data-created_by=\"avia_inline_auto\" id=\"style-css-av-av_one_half-0aa7055fe62c3622faec82866afbaeb2\">\n.flex_column.av-av_one_half-0aa7055fe62c3622faec82866afbaeb2{\nborder-radius:0px 0px 0px 0px;\npadding:0px 0px 0px 0px;\n}\n<\/style>\n<div  class='flex_column av-av_one_half-0aa7055fe62c3622faec82866afbaeb2 av_one_half  avia-builder-el-6  el_after_av_one_half  el_before_av_hr  flex_column_div av-zero-column-padding  column-top-margin'     ><style type=\"text\/css\" data-created_by=\"avia_inline_auto\" id=\"style-css-av-av_image-8a1faee90396d849d2e15fd1ad1087fb\">\n.avia-image-container.av-av_image-8a1faee90396d849d2e15fd1ad1087fb img.avia_image{\nbox-shadow:none;\n}\n.avia-image-container.av-av_image-8a1faee90396d849d2e15fd1ad1087fb .av-image-caption-overlay-center{\ncolor:#ffffff;\n}\n<\/style>\n<div  class='avia-image-container av-av_image-8a1faee90396d849d2e15fd1ad1087fb av-styling- avia-align-center  avia-builder-el-7  avia-builder-el-no-sibling '   itemprop=\"image\" itemscope=\"itemscope\" itemtype=\"https:\/\/schema.org\/ImageObject\" ><div class=\"avia-image-container-inner\"><div class=\"avia-image-overlay-wrap\"><img decoding=\"async\" fetchpriority=\"high\" class='wp-image-328 avia-img-lazy-loading-not-328 avia_image ' src=\"https:\/\/schroder-int.com\/wordpress\/wp-content\/uploads\/2017\/06\/fabrica_aerea_web2.jpg\" alt='' title='fabrica_aerea_web2'  height=\"170\" width=\"568\"  itemprop=\"thumbnailUrl\" srcset=\"https:\/\/schroder-int.com\/wordpress\/wp-content\/uploads\/2017\/06\/fabrica_aerea_web2.jpg 568w, https:\/\/schroder-int.com\/wordpress\/wp-content\/uploads\/2017\/06\/fabrica_aerea_web2-300x90.jpg 300w, https:\/\/schroder-int.com\/wordpress\/wp-content\/uploads\/2017\/06\/fabrica_aerea_web2-450x135.jpg 450w\" sizes=\"(max-width: 568px) 100vw, 568px\" \/><\/div><\/div><\/div><\/div>\n<style type=\"text\/css\" data-created_by=\"avia_inline_auto\" id=\"style-css-av-av_hr-cbfe5f7a4911bb3172c9fc2415688842\">\n#top .hr.av-av_hr-cbfe5f7a4911bb3172c9fc2415688842{\nmargin-top:30px;\nmargin-bottom:30px;\n}\n.hr.av-av_hr-cbfe5f7a4911bb3172c9fc2415688842 .hr-inner{\nwidth:100%;\nborder-color:#b8171d;\n}\n<\/style>\n<div  class='hr av-av_hr-cbfe5f7a4911bb3172c9fc2415688842 hr-custom  avia-builder-el-8  el_after_av_one_half  el_before_av_one_full  hr-center hr-icon-no'><span class='hr-inner inner-border-av-border-thin'><span class=\"hr-inner-style\"><\/span><\/span><\/div>\n\n<style type=\"text\/css\" data-created_by=\"avia_inline_auto\" id=\"style-css-av-av_one_full-6126cab7d8fab8d08143dd2dacdf673c\">\n.flex_column.av-av_one_full-6126cab7d8fab8d08143dd2dacdf673c{\nborder-radius:0px 0px 0px 0px;\npadding:0px 0px 0px 0px;\n}\n<\/style>\n<div  class='flex_column av-av_one_full-6126cab7d8fab8d08143dd2dacdf673c av_one_full  avia-builder-el-9  el_after_av_hr  el_before_av_hr  first flex_column_div av-zero-column-padding  '     ><style type=\"text\/css\" data-created_by=\"avia_inline_auto\" id=\"style-css-av-av_image-1e6650491511ea028ab8dc91a9cbd012\">\n.avia-image-container.av-av_image-1e6650491511ea028ab8dc91a9cbd012 img.avia_image{\nbox-shadow:none;\n}\n.avia-image-container.av-av_image-1e6650491511ea028ab8dc91a9cbd012 .av-image-caption-overlay-center{\ncolor:#ffffff;\n}\n<\/style>\n<div  class='avia-image-container av-av_image-1e6650491511ea028ab8dc91a9cbd012 av-styling- av-img-linked avia-align-left  avia-builder-el-10  avia-builder-el-no-sibling '   itemprop=\"image\" itemscope=\"itemscope\" itemtype=\"https:\/\/schema.org\/ImageObject\" ><div class=\"avia-image-container-inner\"><div class=\"avia-image-overlay-wrap\"><a href=\"https:\/\/schroder-int.com\/wordpress\/productos-staler\/\" class='avia_image '  aria-label='footer_productes_staler'><img decoding=\"async\" fetchpriority=\"high\" class='wp-image-329 avia-img-lazy-loading-not-329 avia_image ' src=\"https:\/\/schroder-int.com\/wordpress\/wp-content\/uploads\/2017\/06\/footer_productes_staler.jpg\" alt='' title='footer_productes_staler'  height=\"195\" width=\"1186\"  itemprop=\"thumbnailUrl\" srcset=\"https:\/\/schroder-int.com\/wordpress\/wp-content\/uploads\/2017\/06\/footer_productes_staler.jpg 1186w, https:\/\/schroder-int.com\/wordpress\/wp-content\/uploads\/2017\/06\/footer_productes_staler-300x49.jpg 300w, https:\/\/schroder-int.com\/wordpress\/wp-content\/uploads\/2017\/06\/footer_productes_staler-768x126.jpg 768w, https:\/\/schroder-int.com\/wordpress\/wp-content\/uploads\/2017\/06\/footer_productes_staler-1030x169.jpg 1030w, https:\/\/schroder-int.com\/wordpress\/wp-content\/uploads\/2017\/06\/footer_productes_staler-705x116.jpg 705w, https:\/\/schroder-int.com\/wordpress\/wp-content\/uploads\/2017\/06\/footer_productes_staler-450x74.jpg 450w\" sizes=\"(max-width: 1186px) 100vw, 1186px\" \/><\/a><\/div><\/div><\/div><\/div>\n<style type=\"text\/css\" data-created_by=\"avia_inline_auto\" id=\"style-css-av-av_hr-cbfe5f7a4911bb3172c9fc2415688842\">\n#top .hr.av-av_hr-cbfe5f7a4911bb3172c9fc2415688842{\nmargin-top:30px;\nmargin-bottom:30px;\n}\n.hr.av-av_hr-cbfe5f7a4911bb3172c9fc2415688842 .hr-inner{\nwidth:100%;\nborder-color:#b8171d;\n}\n<\/style>\n<div  class='hr av-av_hr-cbfe5f7a4911bb3172c9fc2415688842 hr-custom  avia-builder-el-11  el_after_av_one_full  el_before_av_textblock  hr-center hr-icon-no'><span class='hr-inner inner-border-av-border-thin'><span class=\"hr-inner-style\"><\/span><\/span><\/div>\n\n<style type=\"text\/css\" data-created_by=\"avia_inline_auto\" id=\"style-css-av-av_textblock-103ed23b22110b77b3c10021f8966769\">\n#top .av_textblock_section.av-av_textblock-103ed23b22110b77b3c10021f8966769 .avia_textblock{\nfont-size:12px;\ncolor:#ffffff;\n}\n<\/style>\n<section  class='av_textblock_section av-av_textblock-103ed23b22110b77b3c10021f8966769 '   itemscope=\"itemscope\" itemtype=\"https:\/\/schema.org\/CreativeWork\" ><div class='avia_textblock av_inherit_color'  itemprop=\"text\" ><p><em>Grupo Schr\u00f6der | Ctra. C-17 Km. 16,669 | Parets del Vall\u00e8s | Barcelona | Spain | 935 731 003 |\u00a0<a href=\"mailto:staler@staler.com\"><span class=\"s1\">staler@staler.com<\/span><\/a>\u00a0| <a href=\"https:\/\/schroder-int.com\/wordpress\/wordpress\/politica-de-privacidad-staler\/\" target=\"_blank\" rel=\"noopener\">Ver pol\u00edtica de privacidad<\/a><\/em><\/p>\n<\/div><\/section>\n<\/div><\/div><\/main><!-- close content main element --><\/div><\/div><\/div><div id='after_section_1'  class='main_color av_default_container_wrap container_wrap sidebar_right'  ><div class='container av-section-cont-open' ><div class='template-page content  av-content-small alpha units'><div class='post-entry post-entry-type-page post-entry-282'><div class='entry-content-wrapper clearfix'>\n","protected":false},"excerpt":{"rendered":"","protected":false},"author":2,"featured_media":0,"parent":0,"menu_order":0,"comment_status":"closed","ping_status":"closed","template":"","meta":{"footnotes":""},"class_list":["post-282","page","type-page","status-publish","hentry"],"yoast_head":"<!-- This site is optimized with the Yoast SEO plugin v26.9 - https:\/\/yoast.com\/product\/yoast-seo-wordpress\/ -->\n<title>Staler - Grupo Schr\u00f6der<\/title>\n<meta name=\"robots\" content=\"index, follow, max-snippet:-1, max-image-preview:large, max-video-preview:-1\" \/>\n<link rel=\"canonical\" href=\"https:\/\/schroder-int.com\/wordpress\/staler\/\" \/>\n<meta property=\"og:locale\" content=\"es_ES\" \/>\n<meta property=\"og:type\" content=\"article\" \/>\n<meta property=\"og:title\" content=\"Staler - Grupo Schr\u00f6der\" \/>\n<meta property=\"og:url\" content=\"https:\/\/schroder-int.com\/wordpress\/staler\/\" \/>\n<meta property=\"og:site_name\" content=\"Grupo Schr\u00f6der\" \/>\n<meta property=\"article:modified_time\" content=\"2019-11-27T11:47:41+00:00\" \/>\n<meta name=\"twitter:card\" content=\"summary_large_image\" \/>\n<meta name=\"twitter:label1\" content=\"Tiempo de lectura\" \/>\n\t<meta name=\"twitter:data1\" content=\"4 minutos\" \/>\n<script type=\"application\/ld+json\" class=\"yoast-schema-graph\">{\"@context\":\"https:\/\/schema.org\",\"@graph\":[{\"@type\":\"WebPage\",\"@id\":\"https:\/\/schroder-int.com\/wordpress\/staler\/\",\"url\":\"https:\/\/schroder-int.com\/wordpress\/staler\/\",\"name\":\"Staler - Grupo Schr\u00f6der\",\"isPartOf\":{\"@id\":\"https:\/\/schroder-int.com\/wordpress\/#website\"},\"datePublished\":\"2017-06-19T11:22:06+00:00\",\"dateModified\":\"2019-11-27T11:47:41+00:00\",\"breadcrumb\":{\"@id\":\"https:\/\/schroder-int.com\/wordpress\/staler\/#breadcrumb\"},\"inLanguage\":\"es\",\"potentialAction\":[{\"@type\":\"ReadAction\",\"target\":[\"https:\/\/schroder-int.com\/wordpress\/staler\/\"]}]},{\"@type\":\"BreadcrumbList\",\"@id\":\"https:\/\/schroder-int.com\/wordpress\/staler\/#breadcrumb\",\"itemListElement\":[{\"@type\":\"ListItem\",\"position\":1,\"name\":\"Portada\",\"item\":\"https:\/\/schroder-int.com\/wordpress\/\"},{\"@type\":\"ListItem\",\"position\":2,\"name\":\"Staler\"}]},{\"@type\":\"WebSite\",\"@id\":\"https:\/\/schroder-int.com\/wordpress\/#website\",\"url\":\"https:\/\/schroder-int.com\/wordpress\/\",\"name\":\"Grupo Schr\u00f6der\",\"description\":\"Aceros Inoxidables, Aceros al carbono\",\"potentialAction\":[{\"@type\":\"SearchAction\",\"target\":{\"@type\":\"EntryPoint\",\"urlTemplate\":\"https:\/\/schroder-int.com\/wordpress\/?s={search_term_string}\"},\"query-input\":{\"@type\":\"PropertyValueSpecification\",\"valueRequired\":true,\"valueName\":\"search_term_string\"}}],\"inLanguage\":\"es\"}]}<\/script>\n<!-- \/ Yoast SEO plugin. -->","yoast_head_json":{"title":"Staler - Grupo Schr\u00f6der","robots":{"index":"index","follow":"follow","max-snippet":"max-snippet:-1","max-image-preview":"max-image-preview:large","max-video-preview":"max-video-preview:-1"},"canonical":"https:\/\/schroder-int.com\/wordpress\/staler\/","og_locale":"es_ES","og_type":"article","og_title":"Staler - Grupo Schr\u00f6der","og_url":"https:\/\/schroder-int.com\/wordpress\/staler\/","og_site_name":"Grupo Schr\u00f6der","article_modified_time":"2019-11-27T11:47:41+00:00","twitter_card":"summary_large_image","twitter_misc":{"Tiempo de lectura":"4 minutos"},"schema":{"@context":"https:\/\/schema.org","@graph":[{"@type":"WebPage","@id":"https:\/\/schroder-int.com\/wordpress\/staler\/","url":"https:\/\/schroder-int.com\/wordpress\/staler\/","name":"Staler - Grupo Schr\u00f6der","isPartOf":{"@id":"https:\/\/schroder-int.com\/wordpress\/#website"},"datePublished":"2017-06-19T11:22:06+00:00","dateModified":"2019-11-27T11:47:41+00:00","breadcrumb":{"@id":"https:\/\/schroder-int.com\/wordpress\/staler\/#breadcrumb"},"inLanguage":"es","potentialAction":[{"@type":"ReadAction","target":["https:\/\/schroder-int.com\/wordpress\/staler\/"]}]},{"@type":"BreadcrumbList","@id":"https:\/\/schroder-int.com\/wordpress\/staler\/#breadcrumb","itemListElement":[{"@type":"ListItem","position":1,"name":"Portada","item":"https:\/\/schroder-int.com\/wordpress\/"},{"@type":"ListItem","position":2,"name":"Staler"}]},{"@type":"WebSite","@id":"https:\/\/schroder-int.com\/wordpress\/#website","url":"https:\/\/schroder-int.com\/wordpress\/","name":"Grupo Schr\u00f6der","description":"Aceros Inoxidables, Aceros al carbono","potentialAction":[{"@type":"SearchAction","target":{"@type":"EntryPoint","urlTemplate":"https:\/\/schroder-int.com\/wordpress\/?s={search_term_string}"},"query-input":{"@type":"PropertyValueSpecification","valueRequired":true,"valueName":"search_term_string"}}],"inLanguage":"es"}]}},"_links":{"self":[{"href":"https:\/\/schroder-int.com\/wordpress\/wp-json\/wp\/v2\/pages\/282","targetHints":{"allow":["GET"]}}],"collection":[{"href":"https:\/\/schroder-int.com\/wordpress\/wp-json\/wp\/v2\/pages"}],"about":[{"href":"https:\/\/schroder-int.com\/wordpress\/wp-json\/wp\/v2\/types\/page"}],"author":[{"embeddable":true,"href":"https:\/\/schroder-int.com\/wordpress\/wp-json\/wp\/v2\/users\/2"}],"replies":[{"embeddable":true,"href":"https:\/\/schroder-int.com\/wordpress\/wp-json\/wp\/v2\/comments?post=282"}],"version-history":[{"count":15,"href":"https:\/\/schroder-int.com\/wordpress\/wp-json\/wp\/v2\/pages\/282\/revisions"}],"predecessor-version":[{"id":781,"href":"https:\/\/schroder-int.com\/wordpress\/wp-json\/wp\/v2\/pages\/282\/revisions\/781"}],"wp:attachment":[{"href":"https:\/\/schroder-int.com\/wordpress\/wp-json\/wp\/v2\/media?parent=282"}],"curies":[{"name":"wp","href":"https:\/\/api.w.org\/{rel}","templated":true}]}}