{"id":249,"date":"2017-06-19T10:38:31","date_gmt":"2017-06-19T10:38:31","guid":{"rendered":"https:\/\/schroder-int.com\/wordpress\/?page_id=249"},"modified":"2024-09-25T11:40:05","modified_gmt":"2024-09-25T10:40:05","slug":"homepage","status":"publish","type":"page","link":"https:\/\/schroder-int.com\/wordpress\/","title":{"rendered":"Inicio"},"content":{"rendered":"\n<style type=\"text\/css\" data-created_by=\"avia_inline_auto\" id=\"style-css-av-29sxxt-ab8a63992b73528605198af7f0c8cd6a\">\n.avia-section.av-29sxxt-ab8a63992b73528605198af7f0c8cd6a{\nbackground-repeat:no-repeat;\nbackground-image:url(https:\/\/schroder-int.com\/wordpress\/wp-content\/uploads\/2017\/06\/home_fons-1.jpg);\nbackground-position:50% 50%;\nbackground-attachment:fixed;\n}\n.avia-section.av-29sxxt-ab8a63992b73528605198af7f0c8cd6a .av-section-color-overlay{\nopacity:0.3;\nbackground-color:#000000;\n}\n<\/style>\n<div id='av_section_1'  class='avia-section av-29sxxt-ab8a63992b73528605198af7f0c8cd6a main_color avia-section-huge avia-no-border-styling  avia-builder-el-0  avia-builder-el-no-sibling  avia-bg-style-fixed av-section-color-overlay-active av-minimum-height av-minimum-height-100 av-height-100  container_wrap sidebar_right'  data-section-bg-repeat='no-repeat' data-av_minimum_height_pc='100' data-av_min_height_opt='100'><div class=\"av-section-color-overlay-wrap\"><div class=\"av-section-color-overlay\"><\/div><div class='container av-section-cont-open' ><main  role=\"main\" itemprop=\"mainContentOfPage\"  class='template-page content  av-content-small alpha units'><div class='post-entry post-entry-type-page post-entry-249'><div class='entry-content-wrapper clearfix'>\n<div class='flex_column_table av-24o2uh-087cb5077dd1a5f5736ee1136a3660c4 sc-av_one_fourth av-equal-height-column-flextable'>\n<style type=\"text\/css\" data-created_by=\"avia_inline_auto\" id=\"style-css-av-24o2uh-087cb5077dd1a5f5736ee1136a3660c4\">\n.flex_column.av-24o2uh-087cb5077dd1a5f5736ee1136a3660c4{\nborder-radius:0px 0px 0px 0px;\npadding:0px 0px 0px 0px;\n}\n<\/style>\n<div  class='flex_column av-24o2uh-087cb5077dd1a5f5736ee1136a3660c4 av_one_fourth  avia-builder-el-1  el_before_av_one_half  avia-builder-el-first  first flex_column_table_cell av-equal-height-column av-align-top av-zero-column-padding  '     ><\/div><div class='av-flex-placeholder'><\/div>\n<style type=\"text\/css\" data-created_by=\"avia_inline_auto\" id=\"style-css-av-1zccu9-ed38fa2b590f3b9b64037665a1fdc74c\">\n.flex_column.av-1zccu9-ed38fa2b590f3b9b64037665a1fdc74c{\nborder-radius:0px 0px 0px 0px;\npadding:0px 0px 0px 0px;\n}\n<\/style>\n<div  class='flex_column av-1zccu9-ed38fa2b590f3b9b64037665a1fdc74c av_one_half  avia-builder-el-2  el_after_av_one_fourth  el_before_av_one_fourth  flex_column_table_cell av-equal-height-column av-align-top av-zero-column-padding  '     ><p>\n<style type=\"text\/css\" data-created_by=\"avia_inline_auto\" id=\"style-css-av-1tbcc9-0d378660b4e0e04164db7b14b72f4727\">\n.avia-image-container.av-1tbcc9-0d378660b4e0e04164db7b14b72f4727 img.avia_image{\nbox-shadow:none;\n}\n.avia-image-container.av-1tbcc9-0d378660b4e0e04164db7b14b72f4727 .av-image-caption-overlay-center{\ncolor:#ffffff;\n}\n<\/style>\n<div  class='avia-image-container av-1tbcc9-0d378660b4e0e04164db7b14b72f4727 av-styling- avia_animated_image av-animated-when-visible-95 top-to-bottom avia-align-center  avia-builder-el-3  el_before_av_textblock  avia-builder-el-first '   itemprop=\"image\" itemscope=\"itemscope\" itemtype=\"https:\/\/schema.org\/ImageObject\" ><div class=\"avia-image-container-inner\"><div class=\"avia-image-overlay-wrap\"><img decoding=\"async\" fetchpriority=\"high\" class='wp-image-607 avia-img-lazy-loading-not-607 avia_image ' src=\"https:\/\/schroder-int.com\/wordpress\/wp-content\/uploads\/2017\/06\/logo_inicio_schroder-1.png\" alt='' title='logo_inicio_schroder'  height=\"204\" width=\"255\"  itemprop=\"thumbnailUrl\"  \/><\/div><\/div><\/div><br \/>\n\n<style type=\"text\/css\" data-created_by=\"avia_inline_auto\" id=\"style-css-av-1iqg5d-0f9c94fe0bdad9f78fd85c5985adfb5b\">\n#top .av_textblock_section.av-1iqg5d-0f9c94fe0bdad9f78fd85c5985adfb5b .avia_textblock{\nfont-size:15px;\ncolor:#ffffff;\n}\n<\/style>\n<section  class='av_textblock_section av-1iqg5d-0f9c94fe0bdad9f78fd85c5985adfb5b '   itemscope=\"itemscope\" itemtype=\"https:\/\/schema.org\/CreativeWork\" ><div class='avia_textblock av_inherit_color'  itemprop=\"text\" ><h2 style=\"text-align: center;\">Las grandes obras s\u00f3lo son posibles con peque\u00f1as piezas.<\/h2>\n<\/div><\/section><\/p><\/div><div class='av-flex-placeholder'><\/div>\n<style type=\"text\/css\" data-created_by=\"avia_inline_auto\" id=\"style-css-av-1h0lap-9cf93854f3a62f1012d227fb12b40dda\">\n.flex_column.av-1h0lap-9cf93854f3a62f1012d227fb12b40dda{\nborder-radius:0px 0px 0px 0px;\npadding:0px 0px 0px 0px;\n}\n<\/style>\n<div  class='flex_column av-1h0lap-9cf93854f3a62f1012d227fb12b40dda av_one_fourth  avia-builder-el-5  el_after_av_one_half  el_before_av_hr  flex_column_table_cell av-equal-height-column av-align-top av-zero-column-padding  '     ><\/div><\/div><!--close column table wrapper. Autoclose: 1 -->\n<style type=\"text\/css\" data-created_by=\"avia_inline_auto\" id=\"style-css-av-19ntnt-c9ffaa5ef10d1fd149a8df2681a46e6d\">\n#top .hr.av-19ntnt-c9ffaa5ef10d1fd149a8df2681a46e6d{\nmargin-top:0px;\nmargin-bottom:10px;\n}\n.hr.av-19ntnt-c9ffaa5ef10d1fd149a8df2681a46e6d .hr-inner{\nwidth:500px;\nborder-color:#ffffff;\n}\n<\/style>\n<div  class='hr av-19ntnt-c9ffaa5ef10d1fd149a8df2681a46e6d hr-custom  avia-builder-el-6  el_after_av_one_fourth  el_before_av_one_fourth  hr-center hr-icon-no'><span class='hr-inner inner-border-av-border-thin'><span class=\"hr-inner-style\"><\/span><\/span><\/div>\n\n<style type=\"text\/css\" data-created_by=\"avia_inline_auto\" id=\"style-css-av-10pygx-a34597d4f96bf9c98aae9d603cbd9e14\">\n.flex_column.av-10pygx-a34597d4f96bf9c98aae9d603cbd9e14{\nborder-radius:0px 0px 0px 0px;\npadding:0px 0px 0px 0px;\n}\n<\/style>\n<div  class='flex_column av-10pygx-a34597d4f96bf9c98aae9d603cbd9e14 av_one_fourth  avia-builder-el-7  el_after_av_hr  el_before_av_one_fourth  first flex_column_div av-zero-column-padding  '     ><\/div>\n<style type=\"text\/css\" data-created_by=\"avia_inline_auto\" id=\"style-css-av-wohl5-2f7bed5be78a435458684c539270a19a\">\n.flex_column.av-wohl5-2f7bed5be78a435458684c539270a19a{\nborder-radius:0px 0px 0px 0px;\npadding:0px 0px 0px 0px;\n}\n<\/style>\n<div  class='flex_column av-wohl5-2f7bed5be78a435458684c539270a19a av_one_fourth  avia-builder-el-8  el_after_av_one_fourth  el_before_av_one_fourth  flex_column_div av-zero-column-padding  '     ><div  class='avia-button-wrap av-2nhox-4efa335b6185b05fd8c98c9f1a44d6c8-wrap avia-button-center  avia-builder-el-9  avia-builder-el-no-sibling '>\n<style type=\"text\/css\" data-created_by=\"avia_inline_auto\" id=\"style-css-av-2nhox-4efa335b6185b05fd8c98c9f1a44d6c8\">\n#top #wrap_all .avia-button.av-2nhox-4efa335b6185b05fd8c98c9f1a44d6c8{\nbackground-color:#ff5900;\nborder-color:#ff5900;\ncolor:#ffffff;\ntransition:all 0.4s ease-in-out;\n}\n#top #wrap_all .avia-button.av-2nhox-4efa335b6185b05fd8c98c9f1a44d6c8 .avia-svg-icon svg:first-child{\nfill:#ffffff;\nstroke:#ffffff;\n}\n<\/style>\n<a href='https:\/\/schroder-int.com\/wordpress\/schroder\/'  class='avia-button av-2nhox-4efa335b6185b05fd8c98c9f1a44d6c8 av-link-btn avia-icon_select-yes-left-icon avia-size-medium avia-position-center'   aria-label=\"Entrar en Schr\u00f6der\"><span class='avia_button_icon avia_button_icon_left avia-iconfont avia-font-entypo-fontello' data-av_icon='\ue881' data-av_iconfont='entypo-fontello' ><\/span><span class='avia_iconbox_title' >Entrar en Schr\u00f6der<\/span><\/a><\/div><\/div>\n<style type=\"text\/css\" data-created_by=\"avia_inline_auto\" id=\"style-css-av-7wwx-7e86172a45b5481333e44c4fbd839e54\">\n.flex_column.av-7wwx-7e86172a45b5481333e44c4fbd839e54{\nborder-radius:0px 0px 0px 0px;\npadding:0px 0px 0px 0px;\n}\n<\/style>\n<div  class='flex_column av-7wwx-7e86172a45b5481333e44c4fbd839e54 av_one_fourth  avia-builder-el-10  el_after_av_one_fourth  el_before_av_one_fourth  flex_column_div av-zero-column-padding  '     ><div  class='avia-button-wrap av-hjird-b59bb8f2731193c24d8eb9f5b14312b1-wrap avia-button-center  avia-builder-el-11  avia-builder-el-no-sibling '>\n<style type=\"text\/css\" data-created_by=\"avia_inline_auto\" id=\"style-css-av-hjird-b59bb8f2731193c24d8eb9f5b14312b1\">\n#top #wrap_all .avia-button.av-hjird-b59bb8f2731193c24d8eb9f5b14312b1{\nbackground-color:#b8171d;\nborder-color:#b8171d;\ncolor:#ffffff;\ntransition:all 0.4s ease-in-out;\n}\n#top #wrap_all .avia-button.av-hjird-b59bb8f2731193c24d8eb9f5b14312b1 .avia-svg-icon svg:first-child{\nfill:#ffffff;\nstroke:#ffffff;\n}\n<\/style>\n<a href='https:\/\/schroder-int.com\/wordpress\/staler\/'  class='avia-button av-hjird-b59bb8f2731193c24d8eb9f5b14312b1 av-link-btn avia-icon_select-yes-left-icon avia-size-medium avia-position-center'   aria-label=\"Entrar en Staler\"><span class='avia_button_icon avia_button_icon_left avia-iconfont avia-font-entypo-fontello' data-av_icon='\ue881' data-av_iconfont='entypo-fontello' ><\/span><span class='avia_iconbox_title' >Entrar en Staler<\/span><\/a><\/div><\/div>\n<style type=\"text\/css\" data-created_by=\"avia_inline_auto\" id=\"style-css-av-ataup-4c1ec0ec458093747b4474357eb1bee5\">\n.flex_column.av-ataup-4c1ec0ec458093747b4474357eb1bee5{\nborder-radius:0px 0px 0px 0px;\npadding:0px 0px 0px 0px;\n}\n<\/style>\n<div  class='flex_column av-ataup-4c1ec0ec458093747b4474357eb1bee5 av_one_fourth  avia-builder-el-12  el_after_av_one_fourth  avia-builder-el-last  flex_column_div av-zero-column-padding  '     ><\/div><\/div><\/div><\/main><!-- close content main element --><\/div><\/div><\/div><div id='after_section_1'  class='main_color av_default_container_wrap container_wrap sidebar_right'  ><div class='container av-section-cont-open' ><div class='template-page content  av-content-small alpha units'><div class='post-entry post-entry-type-page post-entry-249'><div class='entry-content-wrapper clearfix'>\n","protected":false},"excerpt":{"rendered":"","protected":false},"author":2,"featured_media":0,"parent":0,"menu_order":0,"comment_status":"closed","ping_status":"closed","template":"","meta":{"footnotes":""},"class_list":["post-249","page","type-page","status-publish","hentry"],"yoast_head":"<!-- This site is optimized with the Yoast SEO plugin v26.9 - https:\/\/yoast.com\/product\/yoast-seo-wordpress\/ -->\n<title>Grupo Schr\u00f6der | Acero \u00fanico | Acero Inoxidable | Acero<\/title>\n<meta name=\"description\" content=\"Grupo Schr\u00f6der, desde 1940 especialistas en el negocio de acero. Tubos de acero | Barras perforadas de acero | Acero Inoxidable | Aceros para rodamientos\" \/>\n<meta name=\"robots\" content=\"index, follow, max-snippet:-1, max-image-preview:large, max-video-preview:-1\" \/>\n<link rel=\"canonical\" href=\"https:\/\/schroder-int.com\/wordpress\/\" \/>\n<meta property=\"og:locale\" content=\"es_ES\" \/>\n<meta property=\"og:type\" content=\"article\" \/>\n<meta property=\"og:title\" content=\"Grupo Schr\u00f6der | Acero \u00fanico | Acero Inoxidable | Acero\" \/>\n<meta property=\"og:description\" content=\"Grupo Schr\u00f6der, desde 1940 especialistas en el negocio de acero. Tubos de acero | Barras perforadas de acero | Acero Inoxidable | Aceros para rodamientos\" \/>\n<meta property=\"og:url\" content=\"https:\/\/schroder-int.com\/wordpress\/\" \/>\n<meta property=\"og:site_name\" content=\"Grupo Schr\u00f6der\" \/>\n<meta property=\"article:modified_time\" content=\"2024-09-25T10:40:05+00:00\" \/>\n<meta name=\"twitter:card\" content=\"summary_large_image\" \/>\n<meta name=\"twitter:label1\" content=\"Tiempo de lectura\" \/>\n\t<meta name=\"twitter:data1\" content=\"2 minutos\" \/>\n<script type=\"application\/ld+json\" class=\"yoast-schema-graph\">{\"@context\":\"https:\/\/schema.org\",\"@graph\":[{\"@type\":\"WebPage\",\"@id\":\"https:\/\/schroder-int.com\/wordpress\/\",\"url\":\"https:\/\/schroder-int.com\/wordpress\/\",\"name\":\"Grupo Schr\u00f6der | Acero \u00fanico | Acero Inoxidable | Acero\",\"isPartOf\":{\"@id\":\"https:\/\/schroder-int.com\/wordpress\/#website\"},\"datePublished\":\"2017-06-19T10:38:31+00:00\",\"dateModified\":\"2024-09-25T10:40:05+00:00\",\"description\":\"Grupo Schr\u00f6der, desde 1940 especialistas en el negocio de acero. Tubos de acero | Barras perforadas de acero | Acero Inoxidable | Aceros para rodamientos\",\"breadcrumb\":{\"@id\":\"https:\/\/schroder-int.com\/wordpress\/#breadcrumb\"},\"inLanguage\":\"es\",\"potentialAction\":[{\"@type\":\"ReadAction\",\"target\":[\"https:\/\/schroder-int.com\/wordpress\/\"]}]},{\"@type\":\"BreadcrumbList\",\"@id\":\"https:\/\/schroder-int.com\/wordpress\/#breadcrumb\",\"itemListElement\":[{\"@type\":\"ListItem\",\"position\":1,\"name\":\"Portada\",\"item\":\"https:\/\/schroder-int.com\/wordpress\/\"},{\"@type\":\"ListItem\",\"position\":2,\"name\":\"Inicio\"}]},{\"@type\":\"WebSite\",\"@id\":\"https:\/\/schroder-int.com\/wordpress\/#website\",\"url\":\"https:\/\/schroder-int.com\/wordpress\/\",\"name\":\"Grupo Schr\u00f6der\",\"description\":\"Aceros Inoxidables, Aceros al carbono\",\"potentialAction\":[{\"@type\":\"SearchAction\",\"target\":{\"@type\":\"EntryPoint\",\"urlTemplate\":\"https:\/\/schroder-int.com\/wordpress\/?s={search_term_string}\"},\"query-input\":{\"@type\":\"PropertyValueSpecification\",\"valueRequired\":true,\"valueName\":\"search_term_string\"}}],\"inLanguage\":\"es\"}]}<\/script>\n<!-- \/ Yoast SEO plugin. -->","yoast_head_json":{"title":"Grupo Schr\u00f6der | Acero \u00fanico | Acero Inoxidable | Acero","description":"Grupo Schr\u00f6der, desde 1940 especialistas en el negocio de acero. Tubos de acero | Barras perforadas de acero | Acero Inoxidable | Aceros para rodamientos","robots":{"index":"index","follow":"follow","max-snippet":"max-snippet:-1","max-image-preview":"max-image-preview:large","max-video-preview":"max-video-preview:-1"},"canonical":"https:\/\/schroder-int.com\/wordpress\/","og_locale":"es_ES","og_type":"article","og_title":"Grupo Schr\u00f6der | Acero \u00fanico | Acero Inoxidable | Acero","og_description":"Grupo Schr\u00f6der, desde 1940 especialistas en el negocio de acero. Tubos de acero | Barras perforadas de acero | Acero Inoxidable | Aceros para rodamientos","og_url":"https:\/\/schroder-int.com\/wordpress\/","og_site_name":"Grupo Schr\u00f6der","article_modified_time":"2024-09-25T10:40:05+00:00","twitter_card":"summary_large_image","twitter_misc":{"Tiempo de lectura":"2 minutos"},"schema":{"@context":"https:\/\/schema.org","@graph":[{"@type":"WebPage","@id":"https:\/\/schroder-int.com\/wordpress\/","url":"https:\/\/schroder-int.com\/wordpress\/","name":"Grupo Schr\u00f6der | Acero \u00fanico | Acero Inoxidable | Acero","isPartOf":{"@id":"https:\/\/schroder-int.com\/wordpress\/#website"},"datePublished":"2017-06-19T10:38:31+00:00","dateModified":"2024-09-25T10:40:05+00:00","description":"Grupo Schr\u00f6der, desde 1940 especialistas en el negocio de acero. Tubos de acero | Barras perforadas de acero | Acero Inoxidable | Aceros para rodamientos","breadcrumb":{"@id":"https:\/\/schroder-int.com\/wordpress\/#breadcrumb"},"inLanguage":"es","potentialAction":[{"@type":"ReadAction","target":["https:\/\/schroder-int.com\/wordpress\/"]}]},{"@type":"BreadcrumbList","@id":"https:\/\/schroder-int.com\/wordpress\/#breadcrumb","itemListElement":[{"@type":"ListItem","position":1,"name":"Portada","item":"https:\/\/schroder-int.com\/wordpress\/"},{"@type":"ListItem","position":2,"name":"Inicio"}]},{"@type":"WebSite","@id":"https:\/\/schroder-int.com\/wordpress\/#website","url":"https:\/\/schroder-int.com\/wordpress\/","name":"Grupo Schr\u00f6der","description":"Aceros Inoxidables, Aceros al carbono","potentialAction":[{"@type":"SearchAction","target":{"@type":"EntryPoint","urlTemplate":"https:\/\/schroder-int.com\/wordpress\/?s={search_term_string}"},"query-input":{"@type":"PropertyValueSpecification","valueRequired":true,"valueName":"search_term_string"}}],"inLanguage":"es"}]}},"_links":{"self":[{"href":"https:\/\/schroder-int.com\/wordpress\/wp-json\/wp\/v2\/pages\/249","targetHints":{"allow":["GET"]}}],"collection":[{"href":"https:\/\/schroder-int.com\/wordpress\/wp-json\/wp\/v2\/pages"}],"about":[{"href":"https:\/\/schroder-int.com\/wordpress\/wp-json\/wp\/v2\/types\/page"}],"author":[{"embeddable":true,"href":"https:\/\/schroder-int.com\/wordpress\/wp-json\/wp\/v2\/users\/2"}],"replies":[{"embeddable":true,"href":"https:\/\/schroder-int.com\/wordpress\/wp-json\/wp\/v2\/comments?post=249"}],"version-history":[{"count":26,"href":"https:\/\/schroder-int.com\/wordpress\/wp-json\/wp\/v2\/pages\/249\/revisions"}],"predecessor-version":[{"id":928,"href":"https:\/\/schroder-int.com\/wordpress\/wp-json\/wp\/v2\/pages\/249\/revisions\/928"}],"wp:attachment":[{"href":"https:\/\/schroder-int.com\/wordpress\/wp-json\/wp\/v2\/media?parent=249"}],"curies":[{"name":"wp","href":"https:\/\/api.w.org\/{rel}","templated":true}]}}