{"id":1225,"date":"2025-10-16T09:56:19","date_gmt":"2025-10-16T08:56:19","guid":{"rendered":"https:\/\/schroder-int.com\/wordpress\/?page_id=1225"},"modified":"2026-01-13T17:18:19","modified_gmt":"2026-01-13T16:18:19","slug":"video-corporativo-grupo-schroder","status":"publish","type":"page","link":"https:\/\/schroder-int.com\/wordpress\/video-corporativo-grupo-schroder\/","title":{"rendered":"V\u00eddeo corporativo grupo Schroder"},"content":{"rendered":"\n<style type=\"text\/css\" data-created_by=\"avia_inline_auto\" id=\"style-css-av-qfjme-46ca7cdbbce824bd1e38903ef4d9d775\">\n.avia-section.av-qfjme-46ca7cdbbce824bd1e38903ef4d9d775 .av-parallax .av-parallax-inner{\nbackground-repeat:no-repeat;\nbackground-image:url(https:\/\/schroder-int.com\/wordpress\/wp-content\/uploads\/2017\/06\/IMG_1305web-1200x900.jpg);\nbackground-position:50% 50%;\nbackground-attachment:scroll;\n}\n.avia-section.av-qfjme-46ca7cdbbce824bd1e38903ef4d9d775 .av-section-color-overlay{\nopacity:0.7;\nbackground-color:#000000;\n}\n<\/style>\n<div id='av_section_1'  class='avia-section av-qfjme-46ca7cdbbce824bd1e38903ef4d9d775 main_color avia-section-large avia-no-border-styling  avia-builder-el-0  avia-builder-el-no-sibling  avia-full-stretch av-parallax-section avia-bg-style-parallax av-section-color-overlay-active container_wrap sidebar_right'  data-section-bg-repeat='stretch'><div class='av-parallax' data-avia-parallax-ratio='0.3' ><div class='av-parallax-inner main_color avia-full-stretch'><\/div><\/div><div class=\"av-section-color-overlay-wrap\"><div class=\"av-section-color-overlay\"><\/div><div class='container av-section-cont-open' ><main  role=\"main\" itemprop=\"mainContentOfPage\"  class='template-page content  av-content-small alpha units'><div class='post-entry post-entry-type-page post-entry-1225'><div class='entry-content-wrapper clearfix'>\n\n<style type=\"text\/css\" data-created_by=\"avia_inline_auto\" id=\"style-css-av-nahem-1469149d8f9972a916baa5445e8f8c8b\">\n.avia-image-container.av-nahem-1469149d8f9972a916baa5445e8f8c8b img.avia_image{\nbox-shadow:none;\n}\n.avia-image-container.av-nahem-1469149d8f9972a916baa5445e8f8c8b .av-image-caption-overlay-center{\ncolor:#ffffff;\n}\n<\/style>\n<div  class='avia-image-container av-nahem-1469149d8f9972a916baa5445e8f8c8b av-styling- avia-align-center  avia-builder-el-1  el_before_av_hr  avia-builder-el-first '   itemprop=\"image\" itemscope=\"itemscope\" itemtype=\"https:\/\/schema.org\/ImageObject\" ><div class=\"avia-image-container-inner\"><div class=\"avia-image-overlay-wrap\"><img decoding=\"async\" fetchpriority=\"high\" class='wp-image-648 avia-img-lazy-loading-not-648 avia_image ' src=\"https:\/\/schroder-int.com\/wordpress\/wp-content\/uploads\/2017\/06\/cabecera_schroder.png\" alt='Cabecera Grupo Schr\u00f6der' title='Cabecera Grupo Schr\u00f6der'  height=\"70\" width=\"1202\"  itemprop=\"thumbnailUrl\" srcset=\"https:\/\/schroder-int.com\/wordpress\/wp-content\/uploads\/2017\/06\/cabecera_schroder.png 1202w, https:\/\/schroder-int.com\/wordpress\/wp-content\/uploads\/2017\/06\/cabecera_schroder-300x17.png 300w, https:\/\/schroder-int.com\/wordpress\/wp-content\/uploads\/2017\/06\/cabecera_schroder-768x45.png 768w, https:\/\/schroder-int.com\/wordpress\/wp-content\/uploads\/2017\/06\/cabecera_schroder-1030x60.png 1030w, https:\/\/schroder-int.com\/wordpress\/wp-content\/uploads\/2017\/06\/cabecera_schroder-705x41.png 705w, https:\/\/schroder-int.com\/wordpress\/wp-content\/uploads\/2017\/06\/cabecera_schroder-450x26.png 450w\" sizes=\"(max-width: 1202px) 100vw, 1202px\" \/><\/div><\/div><\/div>\n\n<style type=\"text\/css\" data-created_by=\"avia_inline_auto\" id=\"style-css-av-2osw6x-bc30ee78e38c470ea1930be06a325482\">\n#top .hr.hr-invisible.av-2osw6x-bc30ee78e38c470ea1930be06a325482{\nheight:50px;\n}\n<\/style>\n<div  class='hr av-2osw6x-bc30ee78e38c470ea1930be06a325482 hr-invisible  avia-builder-el-2  el_after_av_image  el_before_av_textblock '><span class='hr-inner '><span class=\"hr-inner-style\"><\/span><\/span><\/div>\n\n<style type=\"text\/css\" data-created_by=\"avia_inline_auto\" id=\"style-css-av-mgtasg3y-35e947dd53ff7eb26534847092289769\">\n#top .av_textblock_section.av-mgtasg3y-35e947dd53ff7eb26534847092289769 .avia_textblock{\ntext-align:center;\n}\n<\/style>\n<section  class='av_textblock_section av-mgtasg3y-35e947dd53ff7eb26534847092289769 '   itemscope=\"itemscope\" itemtype=\"https:\/\/schema.org\/CreativeWork\" ><div class='avia_textblock'  itemprop=\"text\" ><h1><span style=\"color: #ffffff; padding-top: 60px; padding-bottom: 60px;\" data-teams=\"true\">Grupo Schr\u00f6der: 85 a\u00f1os de un acero \u00fanico<\/span><\/h1>\n<\/div><\/section>\n\n<style type=\"text\/css\" data-created_by=\"avia_inline_auto\" id=\"style-css-av-mgtb7zwd-33a2bb6223bf23a3b6b479101601106a\">\n#top .hr.av-mgtb7zwd-33a2bb6223bf23a3b6b479101601106a{\nmargin-top:10px;\nmargin-bottom:20px;\n}\n.hr.av-mgtb7zwd-33a2bb6223bf23a3b6b479101601106a .hr-inner{\nwidth:25%;\n}\n<\/style>\n<div  class='hr av-mgtb7zwd-33a2bb6223bf23a3b6b479101601106a hr-custom  avia-builder-el-4  el_after_av_textblock  el_before_av_textblock  hr-center hr-icon-no'><span class='hr-inner inner-border-av-border-thin'><span class=\"hr-inner-style\"><\/span><\/span><\/div>\n\n<style type=\"text\/css\" data-created_by=\"avia_inline_auto\" id=\"style-css-av-93t5a-a180244213d8d14270a88c489005a538\">\n#top .av_textblock_section.av-93t5a-a180244213d8d14270a88c489005a538 .avia_textblock{\nfont-size:12px;\ncolor:#ffffff;\ntext-align:center;\n}\n<\/style>\n<section  class='av_textblock_section av-93t5a-a180244213d8d14270a88c489005a538 '   itemscope=\"itemscope\" itemtype=\"https:\/\/schema.org\/CreativeWork\" ><div class='avia_textblock av_inherit_color'  itemprop=\"text\" ><h3>Calidad, servicio, personalizaci\u00f3n y stock nos definen.<\/h3>\n<h3>Porque solo un acero \u00fanico abre un mundo de posibilidades \u00fanicas.<\/h3>\n<\/div><\/section>\n\n<style type=\"text\/css\" data-created_by=\"avia_inline_auto\" id=\"style-css-av-2zcwqx-b953fa127c511ec960e062420c57e6cf\">\n#top .hr.hr-invisible.av-2zcwqx-b953fa127c511ec960e062420c57e6cf{\nheight:50px;\n}\n<\/style>\n<div  class='hr av-2zcwqx-b953fa127c511ec960e062420c57e6cf hr-invisible  avia-builder-el-6  el_after_av_textblock  el_before_av_video '><span class='hr-inner '><span class=\"hr-inner-style\"><\/span><\/span><\/div>\n<div  class='avia-video av-mgt6t754-4e7cd40edc3d7e745815f18b2738abe9 avia-video-16-9 av-no-preview-image avia-video-load-always av-lazyload-immediate av-lazyload-video-embed'  itemprop=\"video\" itemtype=\"https:\/\/schema.org\/VideoObject\"  data-original_url='https:\/\/www.youtube.com\/watch?v=X5e7fcUpBBg'><script type='text\/html' class='av-video-tmpl'><div class='avia-iframe-wrap'><iframe loading=\"lazy\" title=\"Grupo Schr\u00f6der: 85 a\u00f1os de un acero \u00fanico\" width=\"1500\" height=\"844\" src=\"https:\/\/www.youtube.com\/embed\/X5e7fcUpBBg?feature=oembed&enablejsapi=1&origin=https:\/\/schroder-int.com&autoplay=0&loop=0&controls=1&mute=0\" frameborder=\"0\" allow=\"accelerometer; autoplay; clipboard-write; encrypted-media; gyroscope; picture-in-picture; web-share\" referrerpolicy=\"strict-origin-when-cross-origin\" allowfullscreen><\/iframe><\/div><\/script><div class='av-click-to-play-overlay'><div class=\"avia_playpause_icon\"><\/div><\/div><\/div>\n\n<style type=\"text\/css\" data-created_by=\"avia_inline_auto\" id=\"style-css-av-mgtazmsl-b01cd7c1553caf48bbb62a1a9963cdc7\">\n#top .hr.hr-invisible.av-mgtazmsl-b01cd7c1553caf48bbb62a1a9963cdc7{\nheight:50px;\n}\n<\/style>\n<div  class='hr av-mgtazmsl-b01cd7c1553caf48bbb62a1a9963cdc7 hr-invisible  avia-builder-el-8  el_after_av_video  el_before_av_textblock '><span class='hr-inner '><span class=\"hr-inner-style\"><\/span><\/span><\/div>\n\n<style type=\"text\/css\" data-created_by=\"avia_inline_auto\" id=\"style-css-av-mgtbntb8-ffff3789aece0db42bbc2a8eb98406db\">\n#top .av_textblock_section.av-mgtbntb8-ffff3789aece0db42bbc2a8eb98406db .avia_textblock{\nfont-size:12px;\ncolor:#ffffff;\ntext-align:center;\n}\n<\/style>\n<section  class='av_textblock_section av-mgtbntb8-ffff3789aece0db42bbc2a8eb98406db '   itemscope=\"itemscope\" itemtype=\"https:\/\/schema.org\/CreativeWork\" ><div class='avia_textblock av_inherit_color'  itemprop=\"text\" ><p><em>Grupo Schr\u00f6der | Ctra. C-17 Km. 16,669 | Parets del Vall\u00e8s | Barcelona | Spain | 935 731 003 |\u00a0<a href=\"mailto:schroder-int@schroder-int.com\">schroder-int@schroder-int.com<\/a>\u00a0| <a href=\"https:\/\/schroder-int.com\/wordpress\/wordpress\/politica-de-privacidad\/\" target=\"_blank\" rel=\"noopener\">Ver pol\u00edtica de privacidad<\/a><\/em><\/p>\n<\/div><\/section>\n<\/div><\/div><\/main><!-- close content main element --><\/div><\/div><\/div><div id='after_section_1'  class='main_color av_default_container_wrap container_wrap sidebar_right'  ><div class='container av-section-cont-open' ><div class='template-page content  av-content-small alpha units'><div class='post-entry post-entry-type-page post-entry-1225'><div class='entry-content-wrapper clearfix'>\n","protected":false},"excerpt":{"rendered":"","protected":false},"author":2,"featured_media":0,"parent":0,"menu_order":0,"comment_status":"closed","ping_status":"closed","template":"","meta":{"footnotes":""},"class_list":["post-1225","page","type-page","status-publish","hentry"],"yoast_head":"<!-- This site is optimized with the Yoast SEO plugin v26.9 - https:\/\/yoast.com\/product\/yoast-seo-wordpress\/ -->\n<title>V\u00eddeo corporativo grupo Schroder - Grupo Schr\u00f6der<\/title>\n<meta name=\"robots\" content=\"index, follow, max-snippet:-1, max-image-preview:large, max-video-preview:-1\" \/>\n<link rel=\"canonical\" href=\"https:\/\/schroder-int.com\/wordpress\/video-corporativo-grupo-schroder\/\" \/>\n<meta property=\"og:locale\" content=\"es_ES\" \/>\n<meta property=\"og:type\" content=\"article\" \/>\n<meta property=\"og:title\" content=\"V\u00eddeo corporativo grupo Schroder - Grupo Schr\u00f6der\" \/>\n<meta property=\"og:url\" content=\"https:\/\/schroder-int.com\/wordpress\/video-corporativo-grupo-schroder\/\" \/>\n<meta property=\"og:site_name\" content=\"Grupo Schr\u00f6der\" \/>\n<meta property=\"article:modified_time\" content=\"2026-01-13T16:18:19+00:00\" \/>\n<meta name=\"twitter:card\" content=\"summary_large_image\" \/>\n<meta name=\"twitter:label1\" content=\"Tiempo de lectura\" \/>\n\t<meta name=\"twitter:data1\" content=\"2 minutos\" \/>\n<script type=\"application\/ld+json\" class=\"yoast-schema-graph\">{\"@context\":\"https:\/\/schema.org\",\"@graph\":[{\"@type\":\"WebPage\",\"@id\":\"https:\/\/schroder-int.com\/wordpress\/video-corporativo-grupo-schroder\/\",\"url\":\"https:\/\/schroder-int.com\/wordpress\/video-corporativo-grupo-schroder\/\",\"name\":\"V\u00eddeo corporativo grupo Schroder - Grupo Schr\u00f6der\",\"isPartOf\":{\"@id\":\"https:\/\/schroder-int.com\/wordpress\/#website\"},\"datePublished\":\"2025-10-16T08:56:19+00:00\",\"dateModified\":\"2026-01-13T16:18:19+00:00\",\"breadcrumb\":{\"@id\":\"https:\/\/schroder-int.com\/wordpress\/video-corporativo-grupo-schroder\/#breadcrumb\"},\"inLanguage\":\"es\",\"potentialAction\":[{\"@type\":\"ReadAction\",\"target\":[\"https:\/\/schroder-int.com\/wordpress\/video-corporativo-grupo-schroder\/\"]}]},{\"@type\":\"BreadcrumbList\",\"@id\":\"https:\/\/schroder-int.com\/wordpress\/video-corporativo-grupo-schroder\/#breadcrumb\",\"itemListElement\":[{\"@type\":\"ListItem\",\"position\":1,\"name\":\"Portada\",\"item\":\"https:\/\/schroder-int.com\/wordpress\/\"},{\"@type\":\"ListItem\",\"position\":2,\"name\":\"V\u00eddeo corporativo grupo Schroder\"}]},{\"@type\":\"WebSite\",\"@id\":\"https:\/\/schroder-int.com\/wordpress\/#website\",\"url\":\"https:\/\/schroder-int.com\/wordpress\/\",\"name\":\"Grupo Schr\u00f6der\",\"description\":\"Aceros Inoxidables, Aceros al carbono\",\"potentialAction\":[{\"@type\":\"SearchAction\",\"target\":{\"@type\":\"EntryPoint\",\"urlTemplate\":\"https:\/\/schroder-int.com\/wordpress\/?s={search_term_string}\"},\"query-input\":{\"@type\":\"PropertyValueSpecification\",\"valueRequired\":true,\"valueName\":\"search_term_string\"}}],\"inLanguage\":\"es\"}]}<\/script>\n<!-- \/ Yoast SEO plugin. -->","yoast_head_json":{"title":"V\u00eddeo corporativo grupo Schroder - Grupo Schr\u00f6der","robots":{"index":"index","follow":"follow","max-snippet":"max-snippet:-1","max-image-preview":"max-image-preview:large","max-video-preview":"max-video-preview:-1"},"canonical":"https:\/\/schroder-int.com\/wordpress\/video-corporativo-grupo-schroder\/","og_locale":"es_ES","og_type":"article","og_title":"V\u00eddeo corporativo grupo Schroder - Grupo Schr\u00f6der","og_url":"https:\/\/schroder-int.com\/wordpress\/video-corporativo-grupo-schroder\/","og_site_name":"Grupo Schr\u00f6der","article_modified_time":"2026-01-13T16:18:19+00:00","twitter_card":"summary_large_image","twitter_misc":{"Tiempo de lectura":"2 minutos"},"schema":{"@context":"https:\/\/schema.org","@graph":[{"@type":"WebPage","@id":"https:\/\/schroder-int.com\/wordpress\/video-corporativo-grupo-schroder\/","url":"https:\/\/schroder-int.com\/wordpress\/video-corporativo-grupo-schroder\/","name":"V\u00eddeo corporativo grupo Schroder - Grupo Schr\u00f6der","isPartOf":{"@id":"https:\/\/schroder-int.com\/wordpress\/#website"},"datePublished":"2025-10-16T08:56:19+00:00","dateModified":"2026-01-13T16:18:19+00:00","breadcrumb":{"@id":"https:\/\/schroder-int.com\/wordpress\/video-corporativo-grupo-schroder\/#breadcrumb"},"inLanguage":"es","potentialAction":[{"@type":"ReadAction","target":["https:\/\/schroder-int.com\/wordpress\/video-corporativo-grupo-schroder\/"]}]},{"@type":"BreadcrumbList","@id":"https:\/\/schroder-int.com\/wordpress\/video-corporativo-grupo-schroder\/#breadcrumb","itemListElement":[{"@type":"ListItem","position":1,"name":"Portada","item":"https:\/\/schroder-int.com\/wordpress\/"},{"@type":"ListItem","position":2,"name":"V\u00eddeo corporativo grupo Schroder"}]},{"@type":"WebSite","@id":"https:\/\/schroder-int.com\/wordpress\/#website","url":"https:\/\/schroder-int.com\/wordpress\/","name":"Grupo Schr\u00f6der","description":"Aceros Inoxidables, Aceros al carbono","potentialAction":[{"@type":"SearchAction","target":{"@type":"EntryPoint","urlTemplate":"https:\/\/schroder-int.com\/wordpress\/?s={search_term_string}"},"query-input":{"@type":"PropertyValueSpecification","valueRequired":true,"valueName":"search_term_string"}}],"inLanguage":"es"}]}},"_links":{"self":[{"href":"https:\/\/schroder-int.com\/wordpress\/wp-json\/wp\/v2\/pages\/1225","targetHints":{"allow":["GET"]}}],"collection":[{"href":"https:\/\/schroder-int.com\/wordpress\/wp-json\/wp\/v2\/pages"}],"about":[{"href":"https:\/\/schroder-int.com\/wordpress\/wp-json\/wp\/v2\/types\/page"}],"author":[{"embeddable":true,"href":"https:\/\/schroder-int.com\/wordpress\/wp-json\/wp\/v2\/users\/2"}],"replies":[{"embeddable":true,"href":"https:\/\/schroder-int.com\/wordpress\/wp-json\/wp\/v2\/comments?post=1225"}],"version-history":[{"count":29,"href":"https:\/\/schroder-int.com\/wordpress\/wp-json\/wp\/v2\/pages\/1225\/revisions"}],"predecessor-version":[{"id":1276,"href":"https:\/\/schroder-int.com\/wordpress\/wp-json\/wp\/v2\/pages\/1225\/revisions\/1276"}],"wp:attachment":[{"href":"https:\/\/schroder-int.com\/wordpress\/wp-json\/wp\/v2\/media?parent=1225"}],"curies":[{"name":"wp","href":"https:\/\/api.w.org\/{rel}","templated":true}]}}